{"id":9139,"date":"2024-07-14T20:07:41","date_gmt":"2024-07-14T17:07:41","guid":{"rendered":"https:\/\/hangolf.fi\/?page_id=9139"},"modified":"2024-07-14T20:07:42","modified_gmt":"2024-07-14T17:07:42","slug":"meddelande-fran-han-golf-oys-styrelse","status":"publish","type":"page","link":"https:\/\/vanha.hangolf.fi\/sv\/meddelande-fran-han-golf-oys-styrelse\/","title":{"rendered":"Meddelande fr\u00e5n Han-Golf Oy:s styrelse"},"content":{"rendered":"<p>Utvecklingen av Hang\u00f6 Golfbana<\/p>\n<p>Han-Golf Oy Ab:s styrelse beslutade h\u00f6sten 2022 att best\u00e4lla en generalplan f\u00f6r Hang\u00f6 Golfbana, en s\u00e5 kallad Master Plan, fr\u00e5n den v\u00e4lrenommerade banarkitekten Lassi-Pekka Tilander. Vid best\u00e4llningen hoppades styrelsen att Han-Golf skulle f\u00e5 en plan som gav id\u00e9er och riktlinjer f\u00f6r hur banan skulle utvecklas under de kommande \u00e5ren och \u00e5rtiondena.<\/p>\n<p>N\u00e4r arkitekten instruerades hoppades styrelsen att banan skulle utvecklas s\u00e5 att den b\u00e4ttre tj\u00e4nade Hang\u00f6 Golfbanas typiska kundkrets, erbjuda m\u00f6jlighet till en njutbar golfupplevelse i en estetiskt tilltalande milj\u00f6 och som en h\u00f6gkvalitativ bana som lockar flera g\u00e4stspelare. Banans p\u00e5verkan p\u00e5 den omgivande naturen skulle minimeras. Banomr\u00e5det \u00f6nskades integrera v\u00e4l med Hang\u00f6udds natur och \u00f6ka den biologiska m\u00e5ngfalden. Kraven p\u00e5 banans underh\u00e5ll, utvecklingen av underh\u00e5llsmaskiner (bl.a. robotgr\u00e4sklippare) och de str\u00e4ngare restriktionerna f\u00f6r v\u00e4xtskyddsmedel skulle ocks\u00e5 beaktas.<\/p>\n<p>Styrelsen ans\u00e5g det viktigt att en s\u00e5dan plan, utarbetad av en professionell, skulle ha en l\u00e4ngre varaktighet \u00e4n de \u00e5sikter och yttranden som ofta f\u00f6r\u00e4ndrades beroende p\u00e5 enskilda personer eller v\u00e4xlande styrelse- eller kommitt\u00e9medlemmar ang\u00e5ende banans olika detaljer. Styrelsen var ocks\u00e5 medveten om att, precis som alla konstruktioner, s\u00e5 \u00e5ldras \u00e4ven golfbanan och dess komponenter och kr\u00e4ver kontinuerlig f\u00f6rb\u00e4ttring, f\u00f6rnyelse och underh\u00e5ll.<\/p>\n<p>Master Planen, som utarbetades av Tilander, blev f\u00e4rdig efter remissrundorna sommaren 2023. Den inneh\u00e5ller m\u00e5nga bra f\u00f6rslag f\u00f6r banans utveckling. H\u00e4r \u00e4r n\u00e5gra av dem:<\/p>\n<ol class=\"wp-block-list\">\n<li>Glesning, r\u00f6jning och bearbetning av omr\u00e5dena vid sidorna av fairways s\u00e5 att bollbanan f\u00f6r en boll som flyger n\u00e5got utanf\u00f6r spelomr\u00e5det kan ses och bollen hittas.<\/li>\n<li>Betydlig f\u00f6rkortning av banans totala l\u00e4ngd vid spel fr\u00e5n r\u00f6da teeplatser genom att bygga nya tee-boxar f\u00f6r r\u00f6da tee.<\/li>\n<li>Justering och placering av spelomr\u00e5den, tee-boxar, hinderomr\u00e5den och bunkrar f\u00f6r att ta h\u00e4nsyn till den \u00f6kade slagl\u00e4ngden som kommit med utvecklingen av golfklubbor och -bollar.<\/li>\n<li>Placering av hinderomr\u00e5den och bunkrar s\u00e5 att de p\u00e5verkar mera spelare med l\u00e5g handicap och som sl\u00e5r l\u00e4ngre \u00e4n vanliga klubbspelare.<\/li>\n<li>Omformning av hinder s\u00e5 att det inte finns n\u00e5gra &#8221;dolda hinder&#8221;, utan att hinderomr\u00e5den \u00e4r synliga och man kan se var bollen eventuellt korsar hinderomr\u00e5det.<\/li>\n<li>P\u00e5 omr\u00e5den utanf\u00f6r spelomr\u00e5det str\u00e4va efter att bevara och \u00f6ka v\u00e4xtligheten som st\u00f6djer den biologiska m\u00e5ngfalden, till exempel som \u00e4ngar eller ljung.<\/li>\n<li>Minska antalet l\u00f6vtr\u00e4d gradvis, och i framtiden l\u00e5ta barrskogar vara ett karakt\u00e4ristiskt element f\u00f6r banan.<\/li>\n<li>Placera fler varierande och starkt formade wasteland-omr\u00e5den p\u00e5 banan, som skulle ge trevliga vyer, betona omr\u00e5dets naturtyp, p\u00e5skynda spelet och samtidigt underl\u00e4tta banans underh\u00e5ll.<\/li>\n<li>Bearbeta och forma gr\u00e4somr\u00e5den s\u00e5 att de \u00e4r l\u00e4mpliga f\u00f6r robotgr\u00e4sklippare.<\/li>\n<li>Betydligt \u00f6ka storleken p\u00e5 bevattningsvattensamlingsdammen (s\u00f6der om h\u00e5l 10) fr\u00e5n den nuvarande.<\/li>\n<\/ol>\n<p>Master planen \u00e4r inte direkt en handlingsplan, utan snarare en generalplan, vars id\u00e9er och principer till\u00e4mpas n\u00e4r man g\u00f6r mera detaljerade planer f\u00f6r varje enskild fairway. Alla f\u00f6rslag fr\u00e5n Tilander kommer kanske inte att kunna genomf\u00f6ras. Till exempel verkar wasteland-omr\u00e5dena inte kunna genomf\u00f6ras i den omfattning som arkitekten har f\u00f6reslagit, eftersom marken p\u00e5 m\u00e5nga st\u00e4llen \u00e4r frostben\u00e4gen och stenig siltjord, och inte den sand- eller grusjord som b\u00e4ttre skulle l\u00e4mpa sig f\u00f6r att bygga wasteland.<\/p>\n<p>\u00c5tg\u00e4rderna f\u00f6r att utveckla banan \u00e4r avsedda att spridas ut \u00f6ver de kommande \u00e5ren enligt principen om \u201dkontinuerlig f\u00f6rb\u00e4ttring\u201d s\u00e5 att banan f\u00f6rblir fullt spelbar under h\u00f6gs\u00e4songerna. Det \u00e4r dock m\u00f6jligt att vissa fairways eller ena halvan av banan ibland m\u00e5ste st\u00e4ngas under l\u00e5gs\u00e4songerna f\u00f6r att de anst\u00e4llda ska kunna utf\u00f6ra sitt arbete ost\u00f6rt och s\u00e4kert.<\/p>\n<p>M\u00e5nga \u00e5tg\u00e4rder kan utf\u00f6ras av egen personal, men f\u00f6r exempelvis st\u00f6rre markbearbetnings- och jordflyttningsprojekt eller arbeten som kr\u00e4ver specialkunskaper kan utomst\u00e5ende hj\u00e4lp beh\u00f6vas. V\u00e5rt banutvecklingsarbete kommer att spridas ut \u00f6ver en l\u00e4ngre tidsperiod och ska genomf\u00f6ras med nuvarande int\u00e4ktsfinansiering och inom golfbolagets ekonomiska kapacitet.<\/p>\n<p>Eventuella dyrare projekt som kr\u00e4ver betydande extern finansiering, som ombyggnad av greener, kommer styrelsen i s\u00e5 fall att l\u00e4gga fram f\u00f6r beslut p\u00e5 bolagsst\u00e4mmor. F\u00f6r n\u00e4rvarande finns det dock inga planer p\u00e5 att f\u00f6rnya, omforma eller flytta greener, utan resurserna kommer f\u00f6rst att riktas mot de mest br\u00e5dskande och n\u00f6dv\u00e4ndiga f\u00f6rb\u00e4ttringarna f\u00f6r spelupplevelsen p\u00e5 banan.<\/p>\n<p>Han-Golf Oy Ab:s styrelse har utsett en arbetsgrupp f\u00f6r att samordna utvecklingsarbetet, och den best\u00e5r f\u00f6r n\u00e4rvarande av v\u00e5r banm\u00e4stare Hannu Metsola, Bj\u00f6rn Peltonen som varit med i tidigare byggfaser av banan, Sture Gustafsson och styrelsens representant Heikki Kallio. Arbetsgruppen kommer att utarbeta detaljerade handlingsplaner f\u00f6r varje fairway baserade p\u00e5 Master Planen. I sitt arbete kommer gruppen att dra nytta av sin kunskap om markf\u00f6rh\u00e5llandena i Hang\u00f6, olika byggfaser av banan och banunderh\u00e5ll, och naturligtvis ta h\u00e4nsyn till de f\u00f6rslag och id\u00e9er som de f\u00e5tt av samt sina egna och andras erfarenheter av att spela p\u00e5 Hang\u00f6banan.<\/p>\n<p>Genomf\u00f6randet av Master Planen har faktiskt redan b\u00f6rjat. Tr\u00e4d har r\u00f6jts under ledning av banm\u00e4staren, till exempel vid sidorna av fairways 2, 3 och 4, vilket har kunnat observeras. Hang\u00f6s golfgemenskap har p\u00e5 ett fantastiskt s\u00e4tt deltagit i frivilligarbete f\u00f6r att r\u00f6ja bort mindre f\u00e4llda tr\u00e4d, grenar och ris fr\u00e5n omr\u00e5det. P\u00e5 s\u00e5 s\u00e4tt fortskrider genomf\u00f6randet av Master Planen och det av Ry:s initierade projektet \u201dHangolf 45\u201d hand i hand fram\u00e5t. Frivilligarbete kommer \u00e4ven i framtiden att vara mycket viktigt f\u00f6r att h\u00e5lla kostnaderna f\u00f6r f\u00f6r\u00e4ndringsarbeten rimliga.<\/p>\n<p>Hang\u00f6 har redan ett fantastiskt och internationellt k\u00e4nt, h\u00f6gkvalitativt tenniskomplex. Han-Golf Oy Ab:s styrelse tror att med l\u00e5ngsiktig utveckling kan Hang\u00f6 f\u00e5, om inte en helt j\u00e4mf\u00f6rbar golfbana p\u00e5 internationell niv\u00e5, s\u00e5 \u00e5tminstone en mer h\u00f6gkvalitativ golfbana \u00e4n nu, som erbjuder en behaglig golfupplevelse f\u00f6r v\u00e5r golfgemenskaps egna medlemmar och \u00e4r en attraktiv destination f\u00f6r en st\u00e4ndigt v\u00e4xande skara g\u00e4stspelare.<\/p>\n<p>Han-Golf Oy Ab:s styrelse<\/p>\n","protected":false},"excerpt":{"rendered":"<p>Utvecklingen av Hang\u00f6 Golfbana Han-Golf Oy Ab:s styrelse beslutade h\u00f6sten 2022 att best\u00e4lla en generalplan f\u00f6r Hang\u00f6 Golfbana, en s\u00e5 kallad Master Plan, fr\u00e5n den v\u00e4lrenommerade banarkitekten Lassi-Pekka Tilander. Vid best\u00e4llningen hoppades styrelsen att Han-Golf skulle f\u00e5 en plan som gav id\u00e9er och riktlinjer f\u00f6r hur banan skulle utvecklas under de kommande \u00e5ren och \u00e5rtiondena. [&hellip;]<\/p>\n","protected":false},"author":6,"featured_media":0,"parent":0,"menu_order":0,"comment_status":"closed","ping_status":"closed","template":"","meta":{"_acf_changed":false,"footnotes":""},"folder":[],"class_list":["post-9139","page","type-page","status-publish","hentry","has-blocks"],"acf":[],"_links":{"self":[{"href":"https:\/\/vanha.hangolf.fi\/sv\/wp-json\/wp\/v2\/pages\/9139","targetHints":{"allow":["GET"]}}],"collection":[{"href":"https:\/\/vanha.hangolf.fi\/sv\/wp-json\/wp\/v2\/pages"}],"about":[{"href":"https:\/\/vanha.hangolf.fi\/sv\/wp-json\/wp\/v2\/types\/page"}],"author":[{"embeddable":true,"href":"https:\/\/vanha.hangolf.fi\/sv\/wp-json\/wp\/v2\/users\/6"}],"replies":[{"embeddable":true,"href":"https:\/\/vanha.hangolf.fi\/sv\/wp-json\/wp\/v2\/comments?post=9139"}],"version-history":[{"count":1,"href":"https:\/\/vanha.hangolf.fi\/sv\/wp-json\/wp\/v2\/pages\/9139\/revisions"}],"predecessor-version":[{"id":9140,"href":"https:\/\/vanha.hangolf.fi\/sv\/wp-json\/wp\/v2\/pages\/9139\/revisions\/9140"}],"wp:attachment":[{"href":"https:\/\/vanha.hangolf.fi\/sv\/wp-json\/wp\/v2\/media?parent=9139"}],"wp:term":[{"taxonomy":"folder","embeddable":true,"href":"https:\/\/vanha.hangolf.fi\/sv\/wp-json\/wp\/v2\/folder?post=9139"}],"curies":[{"name":"wp","href":"https:\/\/api.w.org\/{rel}","templated":true}]}}