{"id":8669,"date":"2024-06-09T16:31:59","date_gmt":"2024-06-09T13:31:59","guid":{"rendered":"https:\/\/hangolf.fi\/?page_id=8669"},"modified":"2025-04-23T20:02:48","modified_gmt":"2025-04-23T17:02:48","slug":"ordforandes-spalt","status":"publish","type":"page","link":"https:\/\/vanha.hangolf.fi\/sv\/ordforandes-spalt\/","title":{"rendered":"Ordf\u00f6randes spalt 2025"},"content":{"rendered":"<div class=\"wp-block-image\">\n<figure class=\"alignright size-full is-resized\"><img loading=\"lazy\" decoding=\"async\" width=\"656\" height=\"850\" src=\"https:\/\/hangolf.fi\/wp-content\/uploads\/2025\/04\/IMG-20250421-WA0002-1.jpg\" alt=\"\" class=\"wp-image-10293\" style=\"width:414px;height:auto\" srcset=\"https:\/\/vanha.hangolf.fi\/wp-content\/uploads\/2025\/04\/IMG-20250421-WA0002-1.jpg 656w, https:\/\/vanha.hangolf.fi\/wp-content\/uploads\/2025\/04\/IMG-20250421-WA0002-1-232x300.jpg 232w, https:\/\/vanha.hangolf.fi\/wp-content\/uploads\/2025\/04\/IMG-20250421-WA0002-1-500x648.jpg 500w\" sizes=\"auto, (max-width: 656px) 100vw, 656px\" \/><\/figure>\n<\/div>\n<p>Hang\u00f6 Golfs 40-\u00e5rsjubileum ligger bakom oss efter lyckade festligheter och klubbens nya \u00e5rtionde inleddes traditionellt i Hang\u00f6 som en av de f\u00f6rsta golfbanorna redan den 20.3.2025.<\/p>\n<p>P\u00e5 \u00e5rsm\u00f6tet byttes delar av styrelsen ut och \u00e4ven klubbens ordf\u00f6rande; Raimo Mustakangas l\u00e4mnade sin post och undertecknad, Antti Rovamaa, valdes till ny ordf\u00f6rande. Raimo Mustakangas har varit aktiv i Hang\u00f6 Golf rf sedan b\u00f6rjan av 2000-talet, som kapten, styrelsemedlem, medlem eller ordf\u00f6rande i flera kommitt\u00e9er, och senast fyra \u00e5r som styrelsens ordf\u00f6rande. Ett varmt tack till Raimo fr\u00e5n hela Hang\u00f6 Golf-gemenskapen!<\/p>\n<p>Banbolaget Hang\u00f6 Golf Oy har l\u00e5tit ta fram en Master Plan, vars \u00e5tg\u00e4rder syftar till att h\u00f6ja banans ranking och f\u00f6rb\u00e4ttra spelupplevelsen. Detta arbete inleddes f\u00f6rra \u00e5ret och m\u00e5let \u00e4r att f\u00e5 banan i toppskick inf\u00f6r klubbens 45-\u00e5rsjubileum. \u00c4ven medlemmarna i Hang\u00f6 Golf rf har deltagit aktivt i talkoarbeten d\u00e4r bland annat tr\u00e4d l\u00e4ngs banan har tagits bort och sn\u00e5r har r\u00f6jts. Det finns fortfarande mycket arbete kvar, men Rom byggdes ju inte heller p\u00e5 en dag. Talkoarbetarnas insats \u00e4r av stor betydelse, s\u00e4rskilt med tanke p\u00e5 den pressade ekonomin f\u00f6r banbolag i Finland.<\/p>\n<p>T\u00e4vlingskalendern och kursutbudet f\u00f6r den kommande s\u00e4songen f\u00f6ljer tidigare \u00e5rs m\u00f6nster. Arrangemangen har flutit p\u00e5 rutinerat, tack vare f\u00f6reningens erfarna funktion\u00e4rer. F\u00f6rutom \u00f6vriga t\u00e4vlingar har Hang\u00f6 f\u00e5tt \u00e4ran att arrangera den fj\u00e4rde delt\u00e4vlingen i Mannerheims minnest\u00e4vling samt kv\u00e4llsevenemanget i anslutning till denna den 6.6.2025. Arrangemangen sk\u00f6ts av Lena Haanp\u00e4\u00e4 och hennes team. Int\u00e4kterna fr\u00e5n t\u00e4vlingen g\u00e5r till ungdomsarbetet i Hang\u00f6 stad.<\/p>\n<p>Denna s\u00e4song markerar ocks\u00e5 starten f\u00f6r digitalisering i klubbens och banans verksamhet. Fram\u00f6ver kommer vi att hantera bokningar, anm\u00e4lningar och scorekort vid t\u00e4vlingar via mobilappen Nextgolf Club. Dessutom \u00e4r avsikten att b\u00f6rja anv\u00e4nda MobilePay f\u00f6r betalning av greenfee och t\u00e4vlingsavgifter. P\u00e5 s\u00e5 s\u00e4tt g\u00f6r vi processerna smidigare och hj\u00e4lper vid behov medlemmarna att anv\u00e4nda de nya systemen.<\/p>\n<p>Att \u00f6ka medlemsantalet och satsa p\u00e5 juniorverksamheten \u00e4r \u00e4ven i \u00e5r p\u00e5 agendan.<br \/>Fr\u00e5n min sida vill jag \u00f6nska alla medlemmar och g\u00e4stande spelare givande stunder p\u00e5 v\u00e5r fantastiska bana!<\/p>\n<p><strong>Antti Rovamaa<\/strong><br \/>Ordf\u00f6rande, Hang\u00f6 Golf rf<\/p>\n","protected":false},"excerpt":{"rendered":"<p>Hang\u00f6 Golfs 40-\u00e5rsjubileum ligger bakom oss efter lyckade festligheter och klubbens nya \u00e5rtionde inleddes traditionellt i Hang\u00f6 som en av de f\u00f6rsta golfbanorna redan den 20.3.2025. P\u00e5 \u00e5rsm\u00f6tet byttes delar av styrelsen ut och \u00e4ven klubbens ordf\u00f6rande; Raimo Mustakangas l\u00e4mnade sin post och undertecknad, Antti Rovamaa, valdes till ny ordf\u00f6rande. Raimo Mustakangas har varit aktiv [&hellip;]<\/p>\n","protected":false},"author":6,"featured_media":0,"parent":0,"menu_order":0,"comment_status":"closed","ping_status":"closed","template":"","meta":{"_acf_changed":false,"footnotes":""},"folder":[],"class_list":["post-8669","page","type-page","status-publish","hentry","has-blocks"],"acf":[],"_links":{"self":[{"href":"https:\/\/vanha.hangolf.fi\/sv\/wp-json\/wp\/v2\/pages\/8669","targetHints":{"allow":["GET"]}}],"collection":[{"href":"https:\/\/vanha.hangolf.fi\/sv\/wp-json\/wp\/v2\/pages"}],"about":[{"href":"https:\/\/vanha.hangolf.fi\/sv\/wp-json\/wp\/v2\/types\/page"}],"author":[{"embeddable":true,"href":"https:\/\/vanha.hangolf.fi\/sv\/wp-json\/wp\/v2\/users\/6"}],"replies":[{"embeddable":true,"href":"https:\/\/vanha.hangolf.fi\/sv\/wp-json\/wp\/v2\/comments?post=8669"}],"version-history":[{"count":5,"href":"https:\/\/vanha.hangolf.fi\/sv\/wp-json\/wp\/v2\/pages\/8669\/revisions"}],"predecessor-version":[{"id":10296,"href":"https:\/\/vanha.hangolf.fi\/sv\/wp-json\/wp\/v2\/pages\/8669\/revisions\/10296"}],"wp:attachment":[{"href":"https:\/\/vanha.hangolf.fi\/sv\/wp-json\/wp\/v2\/media?parent=8669"}],"wp:term":[{"taxonomy":"folder","embeddable":true,"href":"https:\/\/vanha.hangolf.fi\/sv\/wp-json\/wp\/v2\/folder?post=8669"}],"curies":[{"name":"wp","href":"https:\/\/api.w.org\/{rel}","templated":true}]}}