{"id":8431,"date":"2025-08-07T11:09:25","date_gmt":"2025-08-07T08:09:25","guid":{"rendered":"https:\/\/hangolf.fi\/?page_id=8431"},"modified":"2025-08-07T11:09:27","modified_gmt":"2025-08-07T08:09:27","slug":"banmastaren-informerar","status":"publish","type":"page","link":"https:\/\/vanha.hangolf.fi\/sv\/banmastaren-informerar\/","title":{"rendered":"Banm\u00e4staren informerar (7.8.2025)"},"content":{"rendered":"<ul class=\"wp-block-list\">\n<li>Golfbanan har varit i bra skick under s\u00e4songen, greenerna i mycket bra skick.<\/li>\n<\/ul>\n<ul class=\"wp-block-list\">\n<li>Greenerna luftades i b\u00f6rjan av sommaren, samtidigt s\u00e5ddes och sandades de. Greenerna har sandats flera g\u00e5nger under sommaren med en liten m\u00e4ngd sand. N\u00e4sta luftning kommer att g\u00f6ras vecka 34, d\u00e5 de \u00e4ven s\u00e5s och sandas. Klipph\u00f6jden har varit 4 mm under sommaren. Hastigheten \u00e4r cirka 2,40 m.<\/li>\n<\/ul>\n<ul class=\"wp-block-list\">\n<li>Greenomr\u00e5dena har g\u00f6dslats med granulerat g\u00f6dsel 3 g\u00e5nger och med flytande g\u00f6dsel ungef\u00e4r varannan vecka. Fairwayerna har g\u00f6dslats en g\u00e5ng med granulerat och en g\u00e5ng med flytande g\u00f6dsel.<\/li>\n<\/ul>\n<ul class=\"wp-block-list\">\n<li>Fairwayerna har vuxit bra och har ett bra gr\u00e4slager. I b\u00f6rjan av sommaren luftades och s\u00e5ddes fairwayerna.<\/li>\n<\/ul>\n<ul class=\"wp-block-list\">\n<li>Efter en bra sommar har det synts en del oreparerade m\u00e4rken p\u00e5 banan, nedslagsm\u00e4rken p\u00e5 greenerna och oreparerade slagm\u00e4rken p\u00e5 fairwayerna. Nu hoppas vi att skadorna repareras noggrannare, s\u00e5 att banan kan f\u00f6rbli i gott skick. Divotm\u00e4rken kan repareras med en sand- och fr\u00f6blandning eller genom att placera divoterna p\u00e5 plats ordentligt.<\/li>\n<\/ul>\n<p>Banm\u00e4stare Keijo Pet\u00e4j\u00e4j\u00e4rvi<\/p>\n","protected":false},"excerpt":{"rendered":"<p>Banm\u00e4stare Keijo Pet\u00e4j\u00e4j\u00e4rvi<\/p>\n","protected":false},"author":6,"featured_media":0,"parent":0,"menu_order":0,"comment_status":"closed","ping_status":"closed","template":"","meta":{"_acf_changed":false,"footnotes":""},"folder":[],"class_list":["post-8431","page","type-page","status-publish","hentry","has-blocks"],"acf":[],"_links":{"self":[{"href":"https:\/\/vanha.hangolf.fi\/sv\/wp-json\/wp\/v2\/pages\/8431","targetHints":{"allow":["GET"]}}],"collection":[{"href":"https:\/\/vanha.hangolf.fi\/sv\/wp-json\/wp\/v2\/pages"}],"about":[{"href":"https:\/\/vanha.hangolf.fi\/sv\/wp-json\/wp\/v2\/types\/page"}],"author":[{"embeddable":true,"href":"https:\/\/vanha.hangolf.fi\/sv\/wp-json\/wp\/v2\/users\/6"}],"replies":[{"embeddable":true,"href":"https:\/\/vanha.hangolf.fi\/sv\/wp-json\/wp\/v2\/comments?post=8431"}],"version-history":[{"count":2,"href":"https:\/\/vanha.hangolf.fi\/sv\/wp-json\/wp\/v2\/pages\/8431\/revisions"}],"predecessor-version":[{"id":10668,"href":"https:\/\/vanha.hangolf.fi\/sv\/wp-json\/wp\/v2\/pages\/8431\/revisions\/10668"}],"wp:attachment":[{"href":"https:\/\/vanha.hangolf.fi\/sv\/wp-json\/wp\/v2\/media?parent=8431"}],"wp:term":[{"taxonomy":"folder","embeddable":true,"href":"https:\/\/vanha.hangolf.fi\/sv\/wp-json\/wp\/v2\/folder?post=8431"}],"curies":[{"name":"wp","href":"https:\/\/api.w.org\/{rel}","templated":true}]}}