{"id":8025,"date":"2024-02-29T14:31:46","date_gmt":"2024-02-29T12:31:46","guid":{"rendered":"https:\/\/hangolf.fi\/?page_id=8025"},"modified":"2025-02-24T17:42:09","modified_gmt":"2025-02-24T15:42:09","slug":"personal","status":"publish","type":"page","link":"https:\/\/vanha.hangolf.fi\/sv\/personal\/","title":{"rendered":"Personal"},"content":{"rendered":"<p><strong>Lena Haanp\u00e4\u00e4<\/strong><br \/>Verkst\u00e4llande Direkt\u00f6r<br \/>Han-Golf Oy Ab<br \/>Tel: 040 592 7717<br \/>lena.haanpaa(at)hangolf.fi<\/p>\n<p><strong>Keijo Pet\u00e4j\u00e4j\u00e4rvi<\/strong><br \/>Banm\u00e4stare ( fr\u00e5n 3.2.2025)<br \/>Tel: 040 675 2092<br \/>keijo.petajajarvi(at)hangolf.fi<\/p>\n<p><strong>Patrick Doolan<\/strong><br \/>Bansk\u00f6tare<\/p>\n<p><strong>Kai Kankaristo<\/strong><br \/>Bansk\u00f6tare<\/p>\n<p><strong>Marika Saarinen<\/strong><br \/>Bansk\u00f6tare<\/p>\n","protected":false},"excerpt":{"rendered":"<p>Lena Haanp\u00e4\u00e4Verkst\u00e4llande Direkt\u00f6rHan-Golf Oy AbTel: 040 592 7717lena.haanpaa(at)hangolf.fi Keijo Pet\u00e4j\u00e4j\u00e4rviBanm\u00e4stare ( fr\u00e5n 3.2.2025)Tel: 040 675 2092keijo.petajajarvi(at)hangolf.fi Patrick DoolanBansk\u00f6tare Kai KankaristoBansk\u00f6tare Marika SaarinenBansk\u00f6tare<\/p>\n","protected":false},"author":6,"featured_media":0,"parent":0,"menu_order":0,"comment_status":"closed","ping_status":"closed","template":"","meta":{"_acf_changed":false,"footnotes":""},"folder":[],"class_list":["post-8025","page","type-page","status-publish","hentry","has-blocks"],"acf":[],"_links":{"self":[{"href":"https:\/\/vanha.hangolf.fi\/sv\/wp-json\/wp\/v2\/pages\/8025","targetHints":{"allow":["GET"]}}],"collection":[{"href":"https:\/\/vanha.hangolf.fi\/sv\/wp-json\/wp\/v2\/pages"}],"about":[{"href":"https:\/\/vanha.hangolf.fi\/sv\/wp-json\/wp\/v2\/types\/page"}],"author":[{"embeddable":true,"href":"https:\/\/vanha.hangolf.fi\/sv\/wp-json\/wp\/v2\/users\/6"}],"replies":[{"embeddable":true,"href":"https:\/\/vanha.hangolf.fi\/sv\/wp-json\/wp\/v2\/comments?post=8025"}],"version-history":[{"count":4,"href":"https:\/\/vanha.hangolf.fi\/sv\/wp-json\/wp\/v2\/pages\/8025\/revisions"}],"predecessor-version":[{"id":10059,"href":"https:\/\/vanha.hangolf.fi\/sv\/wp-json\/wp\/v2\/pages\/8025\/revisions\/10059"}],"wp:attachment":[{"href":"https:\/\/vanha.hangolf.fi\/sv\/wp-json\/wp\/v2\/media?parent=8025"}],"wp:term":[{"taxonomy":"folder","embeddable":true,"href":"https:\/\/vanha.hangolf.fi\/sv\/wp-json\/wp\/v2\/folder?post=8025"}],"curies":[{"name":"wp","href":"https:\/\/api.w.org\/{rel}","templated":true}]}}