{"id":7951,"date":"2024-04-25T15:57:38","date_gmt":"2024-04-25T12:57:38","guid":{"rendered":"https:\/\/hangolf.fi\/?page_id=7951"},"modified":"2025-11-12T11:57:06","modified_gmt":"2025-11-12T09:57:06","slug":"klubbmastare-och-ovriga-vinnare","status":"publish","type":"page","link":"https:\/\/vanha.hangolf.fi\/sv\/klubbmastare-och-ovriga-vinnare\/","title":{"rendered":"Klubbm\u00e4stare och \u00f6vriga vinnare"},"content":{"rendered":"<p><!DOCTYPE html><br \/>\n<html><br \/>\n<body><\/p>\n<h3>\n<a href=\"https:\/\/hangolf.fi\/wp-content\/uploads\/2025\/11\/Pokaalit_Klubimestaruus-Miehet.pdf\">Klubbm\u00e4stare Herrar<\/a><br \/>\n<a href=\"https:\/\/hangolf.fi\/wp-content\/uploads\/2025\/11\/Pokaalit_Klubimestaruus-M50.pdf\">Klubbm\u00e4stare M50<\/a><br \/>\n<a href=\"https:\/\/hangolf.fi\/wp-content\/uploads\/2025\/11\/Pokaalit_Klubimestaruus-M60.pdf\">Klubbm\u00e4stare M60<\/a><br \/>\n<a href=\"https:\/\/hangolf.fi\/wp-content\/uploads\/2025\/11\/Pokaalit_Klubimestaruus-M70.pdf\">Klubbm\u00e4stare M70<\/a><BR><br \/>\n<a href=\"https:\/\/hangolf.fi\/wp-content\/uploads\/2025\/11\/Pokaalit_Klubimestaruus-Miesten-Birkut.pdf\">Klubbm\u00e4sterskap Herrar Birdies<\/a><br \/>\n<a href=\"https:\/\/hangolf.fi\/wp-content\/uploads\/2025\/11\/Pokaalit_Klubimestaruus-Seniori-miesten-Birkut.pdf\">Klubbm\u00e4sterskap Seniorherrar Birdies <\/a><br \/>\n<a href=\"https:\/\/hangolf.fi\/wp-content\/uploads\/2025\/11\/Pokaalit_Miesten-viikkopelit.pdf\">Herrar veckospel<\/a><br \/>\n<a href=\"https:\/\/hangolf.fi\/wp-content\/uploads\/2025\/11\/Pokaalit_Vuoden-herrasmies.pdf\">\u00c5rets Gentleman<\/a><br \/>\n<a href=\"https:\/\/hangolf.fi\/wp-content\/uploads\/2025\/11\/Pokaalit_Vuoden-miespelaaja.pdf\">\u00c5rets Herrspelare<\/a><br \/>\n<a href=\"https:\/\/hangolf.fi\/wp-content\/uploads\/2025\/11\/Pokaalit_Vuoden-miesseniori.pdf\">\u00c5rets Senior Herrar<\/a><br \/>\n<a href=\"https:\/\/hangolf.fi\/wp-content\/uploads\/2025\/11\/Pokaalit_Vuoden-veteraanimies.pdf\">\u00c5rets Veteran Herrar<\/a><br \/>\n<a href=\"https:\/\/hangolf.fi\/wp-content\/uploads\/2025\/11\/Pokaalit_Seniori-miehet-reikapeli.pdf\">H\u00e5lspel Senior Herrar<\/a><br \/>\n<a href=\"https:\/\/hangolf.fi\/wp-content\/uploads\/2025\/11\/Pokaalit_Senioreitten-Viikkopelit_Veckospel.pdf\">Veckospel Seniorer<\/a><br \/>\n<a href=\"https:\/\/hangolf.fi\/wp-content\/uploads\/2025\/11\/Pokaalit_Senior-Klubbkamp-EkeG-HG-RuG.pdf\n\">Senior Klubbkamper EkeG-HG-RuG<\/a><br \/>\n<a href=\"https:\/\/hangolf.fi\/wp-content\/uploads\/2025\/11\/Pokaalit_Senior-Pisterohmu-EkeG_HG_RuG.pdf\">B\u00e4sta Po\u00e4ngplockaren i klubbkamperna EkeG-HG-RuG<\/a><br \/>\n<BR><br \/>\n<a href=\"https:\/\/hangolf.fi\/wp-content\/uploads\/2025\/11\/Pokaalit_Klubimestaruus-Naiset.pdf\">Klubbm\u00e4stare Damer<\/a><br \/>\n<a href=\"https:\/\/hangolf.fi\/wp-content\/uploads\/2025\/11\/Pokaalit_Klubimestaruus-N50.pdf\">Klubbm\u00e4stare N50<\/a><br \/>\n<a href=\"https:\/\/hangolf.fi\/wp-content\/uploads\/2025\/11\/Pokaalit_Klubimestaruus-N60.pdf\">Klubbm\u00e4stare N60<\/a><br \/>\n<a href=\"https:\/\/hangolf.fi\/wp-content\/uploads\/2025\/11\/Pokaalit_Klubimestaruus-N70.pdf\">Klubbm\u00e4stare N70<\/a><br \/>\n<a href=\"https:\/\/hangolf.fi\/wp-content\/uploads\/2025\/11\/Pokaalit_Naisten-Reikapeli.pdf\">Damer H\u00e5lspel<\/a><br \/>\n<a href=\"https:\/\/hangolf.fi\/wp-content\/uploads\/2025\/11\/Pokaalit_Ladybirdie.pdf\">Ladybirdie<\/a><br \/>\n<a href=\"https:\/\/hangolf.fi\/wp-content\/uploads\/2025\/11\/Pokaalit_HG-EkeG-Ladies.pdf\">HG-EkeG-Ladies<\/a><br \/>\n<a href=\"https:\/\/hangolf.fi\/wp-content\/uploads\/2025\/11\/Pokaalit_Vuoden-naispelaaja.pdf\">\u00c5rets Damspelare<\/a><br \/>\n<a href=\"https:\/\/hangolf.fi\/wp-content\/uploads\/2025\/11\/Pokaalit_Vuoden-naisseniori.pdf\">\u00c5rets Seniordam<\/a><br \/>\n<a href=\"https:\/\/hangolf.fi\/wp-content\/uploads\/2025\/11\/Pokaalit_Vuoden-veteraaninainen.pdf\">\u00c5rets Damveteran<\/a><br \/>\n<BR><br \/>\n<a href=\"https:\/\/hangolf.fi\/wp-content\/uploads\/2024\/10\/Pokaalit_Vuoden-junior-SCR-mestaruus.pdf\">\u00c5rets Junior SCR M\u00e4stare<\/a><br \/>\n<a href=\"https:\/\/hangolf.fi\/wp-content\/uploads\/2025\/11\/Pokaalit_Vuoden-juniori.pdf\">\u00c5rets Junior<\/a><br \/>\n<a href=\"https:\/\/hangolf.fi\/wp-content\/uploads\/2025\/11\/Pokaalit_Vuoden-junior-Tsemppari.pdf\">\u00c5rets Juniork\u00e4mpe<\/a><br \/>\n<BR><br \/>\n<a href=\"https:\/\/hangolf.fi\/wp-content\/uploads\/2025\/11\/Pokaalit_Perhepokaali.pdf\">Familjepokalen<\/a><br \/>\n<a href=\"https:\/\/hangolf.fi\/wp-content\/uploads\/2025\/11\/Pokaalit_Kauden-avaus-Best-Ball.pdf\">Best Ball S\u00e4song\u00f6ppning<\/a><br \/>\n<a href=\"https:\/\/hangolf.fi\/wp-content\/uploads\/2025\/11\/Pokaalit_Kapteenin-kierros.pdf\">Kaptensrundan<\/a><br \/>\n<a href=\"https:\/\/hangolf.fi\/wp-content\/uploads\/2025\/11\/Pokaalit_HG-Kimitoons-Golfare.pdf\">HG-Kimito\u00f6ns Golfare<a><br \/>\n<a href=\"https:\/\/hangolf.fi\/wp-content\/uploads\/2025\/11\/Pokaalit_Balja.pdf\">HanGolfs \u00c5rets Balja<\/a><\/p><\/p>\n","protected":false},"excerpt":{"rendered":"<p>Klubbm\u00e4stare Herrar Klubbm\u00e4stare M50 Klubbm\u00e4stare M60 Klubbm\u00e4stare M70 Klubbm\u00e4sterskap Herrar Birdies Klubbm\u00e4sterskap Seniorherrar Birdies Herrar veckospel \u00c5rets Gentleman \u00c5rets Herrspelare \u00c5rets Senior Herrar \u00c5rets Veteran Herrar H\u00e5lspel Senior Herrar Veckospel Seniorer Senior Klubbkamper EkeG-HG-RuG B\u00e4sta Po\u00e4ngplockaren i klubbkamperna EkeG-HG-RuG Klubbm\u00e4stare Damer Klubbm\u00e4stare N50 Klubbm\u00e4stare N60 Klubbm\u00e4stare N70 Damer H\u00e5lspel Ladybirdie HG-EkeG-Ladies \u00c5rets Damspelare \u00c5rets Seniordam [&hellip;]<\/p>\n","protected":false},"author":6,"featured_media":0,"parent":0,"menu_order":20,"comment_status":"closed","ping_status":"closed","template":"","meta":{"_acf_changed":false,"footnotes":""},"folder":[],"class_list":["post-7951","page","type-page","status-publish","hentry","has-blocks"],"acf":[],"_links":{"self":[{"href":"https:\/\/vanha.hangolf.fi\/sv\/wp-json\/wp\/v2\/pages\/7951","targetHints":{"allow":["GET"]}}],"collection":[{"href":"https:\/\/vanha.hangolf.fi\/sv\/wp-json\/wp\/v2\/pages"}],"about":[{"href":"https:\/\/vanha.hangolf.fi\/sv\/wp-json\/wp\/v2\/types\/page"}],"author":[{"embeddable":true,"href":"https:\/\/vanha.hangolf.fi\/sv\/wp-json\/wp\/v2\/users\/6"}],"replies":[{"embeddable":true,"href":"https:\/\/vanha.hangolf.fi\/sv\/wp-json\/wp\/v2\/comments?post=7951"}],"version-history":[{"count":25,"href":"https:\/\/vanha.hangolf.fi\/sv\/wp-json\/wp\/v2\/pages\/7951\/revisions"}],"predecessor-version":[{"id":10913,"href":"https:\/\/vanha.hangolf.fi\/sv\/wp-json\/wp\/v2\/pages\/7951\/revisions\/10913"}],"wp:attachment":[{"href":"https:\/\/vanha.hangolf.fi\/sv\/wp-json\/wp\/v2\/media?parent=7951"}],"wp:term":[{"taxonomy":"folder","embeddable":true,"href":"https:\/\/vanha.hangolf.fi\/sv\/wp-json\/wp\/v2\/folder?post=7951"}],"curies":[{"name":"wp","href":"https:\/\/api.w.org\/{rel}","templated":true}]}}