{"id":7932,"date":"2024-02-27T21:01:28","date_gmt":"2024-02-27T19:01:28","guid":{"rendered":"https:\/\/hangolf.fi\/?page_id=7932"},"modified":"2024-02-27T21:01:30","modified_gmt":"2024-02-27T19:01:30","slug":"aktieagarformaner","status":"publish","type":"page","link":"https:\/\/vanha.hangolf.fi\/sv\/aktieagarformaner\/","title":{"rendered":"Aktie\u00e4garf\u00f6rm\u00e5ner"},"content":{"rendered":"<h2 class=\"wp-block-heading\">Aktie\u00e4garf\u00f6rm\u00e5ner s\u00e4songen 2023<\/h2>\n<p>Aktie\u00e4gare och spelr\u00e4ttsinnehavare f\u00e5r spela p\u00e5 Bruksgolf, Ekegolf, Meri-Teijogolf och Salo Golf under hela s\u00e4songen p\u00e5 vardagar till halva priset. Det f\u00f6ruts\u00e4tter att alla spelr\u00e4ttsavgifter \u00e4r betalda och att b\u00e5de v\u00e5r bana och respektive kontraktsbana \u00e4r \u00f6ppna.<\/p><\/p>\n","protected":false},"excerpt":{"rendered":"<p>Aktie\u00e4garf\u00f6rm\u00e5ner s\u00e4songen 2023 Aktie\u00e4gare och spelr\u00e4ttsinnehavare f\u00e5r spela p\u00e5 Bruksgolf, Ekegolf, Meri-Teijogolf och Salo Golf under hela s\u00e4songen p\u00e5 vardagar till halva priset. Det f\u00f6ruts\u00e4tter att alla spelr\u00e4ttsavgifter \u00e4r betalda och att b\u00e5de v\u00e5r bana och respektive kontraktsbana \u00e4r \u00f6ppna.<\/p>\n","protected":false},"author":6,"featured_media":0,"parent":0,"menu_order":0,"comment_status":"closed","ping_status":"closed","template":"","meta":{"_acf_changed":false,"footnotes":""},"folder":[],"class_list":["post-7932","page","type-page","status-publish","hentry","has-blocks"],"acf":[],"_links":{"self":[{"href":"https:\/\/vanha.hangolf.fi\/sv\/wp-json\/wp\/v2\/pages\/7932","targetHints":{"allow":["GET"]}}],"collection":[{"href":"https:\/\/vanha.hangolf.fi\/sv\/wp-json\/wp\/v2\/pages"}],"about":[{"href":"https:\/\/vanha.hangolf.fi\/sv\/wp-json\/wp\/v2\/types\/page"}],"author":[{"embeddable":true,"href":"https:\/\/vanha.hangolf.fi\/sv\/wp-json\/wp\/v2\/users\/6"}],"replies":[{"embeddable":true,"href":"https:\/\/vanha.hangolf.fi\/sv\/wp-json\/wp\/v2\/comments?post=7932"}],"version-history":[{"count":1,"href":"https:\/\/vanha.hangolf.fi\/sv\/wp-json\/wp\/v2\/pages\/7932\/revisions"}],"predecessor-version":[{"id":7933,"href":"https:\/\/vanha.hangolf.fi\/sv\/wp-json\/wp\/v2\/pages\/7932\/revisions\/7933"}],"wp:attachment":[{"href":"https:\/\/vanha.hangolf.fi\/sv\/wp-json\/wp\/v2\/media?parent=7932"}],"wp:term":[{"taxonomy":"folder","embeddable":true,"href":"https:\/\/vanha.hangolf.fi\/sv\/wp-json\/wp\/v2\/folder?post=7932"}],"curies":[{"name":"wp","href":"https:\/\/api.w.org\/{rel}","templated":true}]}}