{"id":711,"date":"2019-07-09T10:53:17","date_gmt":"2019-07-09T07:53:17","guid":{"rendered":"https:\/\/kund03.mrmedia.fi\/spela\/lahtoajat-ja-nexgolf\/"},"modified":"2022-05-31T21:46:20","modified_gmt":"2022-05-31T18:46:20","slug":"tidsbokning-och-nexgolf","status":"publish","type":"page","link":"https:\/\/vanha.hangolf.fi\/sv\/spela\/tidsbokning-och-nexgolf\/","title":{"rendered":"Tidsbokning och NexGolf"},"content":{"rendered":"<h2 class=\"wp-block-heading\">Internetbokningar f\u00f6r medlemmar<\/h2>\n<p>Medlemmar kan boka sin tee-tid p\u00e5 internet via v\u00e5rt Nexgolf bokningssystem. F\u00f6r att komma in till systemet m\u00e5ste man veta sitt medlemsnummer.<\/p>\n<p>L\u00f6senordet \u00e4r 6 tecken l\u00e5ngt och bildas enligt f\u00f6ljande: 2 f\u00f6rsta bokst\u00e4verna i f\u00f6rnamnet, 2 f\u00f6rsta bokst\u00e4verna i efternamnet och 2 f\u00f6rsta siffrorna i f\u00f6delsedatumet.<\/p>\n<p>Exempel: Matti Meik\u00e4l\u00e4inen \u00e4r f\u00f6dd 12.11.1964. Mattis l\u00f6senord \u00e4r MaMe12.<\/p>\n<p>Obs! Beakta sm\u00e5 och stora bokst\u00e4ver!<\/p>\n","protected":false},"excerpt":{"rendered":"<p>Internetbokningar f\u00f6r medlemmar Medlemmar kan boka sin tee-tid p\u00e5 internet via v\u00e5rt Nexgolf bokningssystem. F\u00f6r att komma in till systemet m\u00e5ste man veta sitt medlemsnummer. L\u00f6senordet \u00e4r 6 tecken l\u00e5ngt och bildas enligt f\u00f6ljande: 2 f\u00f6rsta bokst\u00e4verna i f\u00f6rnamnet, 2 f\u00f6rsta bokst\u00e4verna i efternamnet och 2 f\u00f6rsta siffrorna i f\u00f6delsedatumet. Exempel: Matti Meik\u00e4l\u00e4inen \u00e4r f\u00f6dd [&hellip;]<\/p>\n","protected":false},"author":1,"featured_media":0,"parent":702,"menu_order":84,"comment_status":"closed","ping_status":"closed","template":"template_builder.php","meta":{"_acf_changed":false,"footnotes":""},"folder":[],"class_list":["post-711","page","type-page","status-publish","hentry","has-blocks"],"acf":[],"_links":{"self":[{"href":"https:\/\/vanha.hangolf.fi\/sv\/wp-json\/wp\/v2\/pages\/711","targetHints":{"allow":["GET"]}}],"collection":[{"href":"https:\/\/vanha.hangolf.fi\/sv\/wp-json\/wp\/v2\/pages"}],"about":[{"href":"https:\/\/vanha.hangolf.fi\/sv\/wp-json\/wp\/v2\/types\/page"}],"author":[{"embeddable":true,"href":"https:\/\/vanha.hangolf.fi\/sv\/wp-json\/wp\/v2\/users\/1"}],"replies":[{"embeddable":true,"href":"https:\/\/vanha.hangolf.fi\/sv\/wp-json\/wp\/v2\/comments?post=711"}],"version-history":[{"count":4,"href":"https:\/\/vanha.hangolf.fi\/sv\/wp-json\/wp\/v2\/pages\/711\/revisions"}],"predecessor-version":[{"id":4875,"href":"https:\/\/vanha.hangolf.fi\/sv\/wp-json\/wp\/v2\/pages\/711\/revisions\/4875"}],"up":[{"embeddable":true,"href":"https:\/\/vanha.hangolf.fi\/sv\/wp-json\/wp\/v2\/pages\/702"}],"wp:attachment":[{"href":"https:\/\/vanha.hangolf.fi\/sv\/wp-json\/wp\/v2\/media?parent=711"}],"wp:term":[{"taxonomy":"folder","embeddable":true,"href":"https:\/\/vanha.hangolf.fi\/sv\/wp-json\/wp\/v2\/folder?post=711"}],"curies":[{"name":"wp","href":"https:\/\/api.w.org\/{rel}","templated":true}]}}