{"id":704,"date":"2019-07-05T14:05:26","date_gmt":"2019-07-05T11:05:26","guid":{"rendered":"https:\/\/kund03.mrmedia.fi\/spela\/hinnasto\/"},"modified":"2023-03-09T12:01:11","modified_gmt":"2023-03-09T10:01:11","slug":"info-och-avgifter","status":"publish","type":"page","link":"https:\/\/vanha.hangolf.fi\/sv\/spela\/info-och-avgifter\/","title":{"rendered":"Prislista"},"content":{"rendered":"<h2 class=\"wp-block-heading\">OBS. Aktie\u00e4gare\/spel\u00adr\u00e4ttsinnehavare<\/h2>\n<p>En aktie ber\u00e4ttigar till en namngiven spelr\u00e4tt per s\u00e4song eller kan bytas till 22 spelbiljetter.<\/p><\/p>\n","protected":false},"excerpt":{"rendered":"<p>OBS. Aktie\u00e4gare\/spel\u00adr\u00e4ttsinnehavare En aktie ber\u00e4ttigar till en namngiven spelr\u00e4tt per s\u00e4song eller kan bytas till 22 spelbiljetter.<\/p>\n","protected":false},"author":1,"featured_media":0,"parent":702,"menu_order":105,"comment_status":"closed","ping_status":"closed","template":"template_builder.php","meta":{"_acf_changed":false,"footnotes":""},"folder":[],"class_list":["post-704","page","type-page","status-publish","hentry","has-blocks"],"acf":[],"_links":{"self":[{"href":"https:\/\/vanha.hangolf.fi\/sv\/wp-json\/wp\/v2\/pages\/704","targetHints":{"allow":["GET"]}}],"collection":[{"href":"https:\/\/vanha.hangolf.fi\/sv\/wp-json\/wp\/v2\/pages"}],"about":[{"href":"https:\/\/vanha.hangolf.fi\/sv\/wp-json\/wp\/v2\/types\/page"}],"author":[{"embeddable":true,"href":"https:\/\/vanha.hangolf.fi\/sv\/wp-json\/wp\/v2\/users\/1"}],"replies":[{"embeddable":true,"href":"https:\/\/vanha.hangolf.fi\/sv\/wp-json\/wp\/v2\/comments?post=704"}],"version-history":[{"count":6,"href":"https:\/\/vanha.hangolf.fi\/sv\/wp-json\/wp\/v2\/pages\/704\/revisions"}],"predecessor-version":[{"id":5814,"href":"https:\/\/vanha.hangolf.fi\/sv\/wp-json\/wp\/v2\/pages\/704\/revisions\/5814"}],"up":[{"embeddable":true,"href":"https:\/\/vanha.hangolf.fi\/sv\/wp-json\/wp\/v2\/pages\/702"}],"wp:attachment":[{"href":"https:\/\/vanha.hangolf.fi\/sv\/wp-json\/wp\/v2\/media?parent=704"}],"wp:term":[{"taxonomy":"folder","embeddable":true,"href":"https:\/\/vanha.hangolf.fi\/sv\/wp-json\/wp\/v2\/folder?post=704"}],"curies":[{"name":"wp","href":"https:\/\/api.w.org\/{rel}","templated":true}]}}