{"id":689,"date":"2019-07-09T13:33:50","date_gmt":"2019-07-09T10:33:50","guid":{"rendered":"https:\/\/kund03.mrmedia.fi\/tjanster\/klubitalo\/"},"modified":"2025-06-26T17:59:53","modified_gmt":"2025-06-26T14:59:53","slug":"klubbhus","status":"publish","type":"page","link":"https:\/\/vanha.hangolf.fi\/sv\/tjanster\/klubbhus\/","title":{"rendered":"Klubbhus"},"content":{"rendered":"<p>P\u00e5 baksidan av klubbhuset finns en ramp f\u00f6r rullstolar, barnvagnar och varuleveranser.<\/p>\n<p>I ena \u00e4ndan p\u00e5 klubbhuset finns dricksvattenkran samt herr och dam\/invalid toalett.<\/p>\n<figure class=\"wp-block-image size-large is-resized\"><img loading=\"lazy\" decoding=\"async\" width=\"724\" height=\"1024\" src=\"https:\/\/hangolf.fi\/wp-content\/uploads\/2025\/06\/Oiva-23.7.2024-724x1024.jpg\" alt=\"\" class=\"wp-image-10545\" style=\"width:387px;height:auto\" srcset=\"https:\/\/vanha.hangolf.fi\/wp-content\/uploads\/2025\/06\/Oiva-23.7.2024-724x1024.jpg 724w, https:\/\/vanha.hangolf.fi\/wp-content\/uploads\/2025\/06\/Oiva-23.7.2024-212x300.jpg 212w, https:\/\/vanha.hangolf.fi\/wp-content\/uploads\/2025\/06\/Oiva-23.7.2024-768x1086.jpg 768w, https:\/\/vanha.hangolf.fi\/wp-content\/uploads\/2025\/06\/Oiva-23.7.2024-100x141.jpg 100w, https:\/\/vanha.hangolf.fi\/wp-content\/uploads\/2025\/06\/Oiva-23.7.2024-1086x1536.jpg 1086w, https:\/\/vanha.hangolf.fi\/wp-content\/uploads\/2025\/06\/Oiva-23.7.2024-1448x2048.jpg 1448w, https:\/\/vanha.hangolf.fi\/wp-content\/uploads\/2025\/06\/Oiva-23.7.2024-1200x1697.jpg 1200w, https:\/\/vanha.hangolf.fi\/wp-content\/uploads\/2025\/06\/Oiva-23.7.2024-800x1132.jpg 800w, https:\/\/vanha.hangolf.fi\/wp-content\/uploads\/2025\/06\/Oiva-23.7.2024-500x707.jpg 500w, https:\/\/vanha.hangolf.fi\/wp-content\/uploads\/2025\/06\/Oiva-23.7.2024-scaled.jpg 1810w\" sizes=\"auto, (max-width: 724px) 100vw, 724px\" \/><\/figure>\n","protected":false},"excerpt":{"rendered":"<p>P\u00e5 baksidan av klubbhuset finns en ramp f\u00f6r rullstolar, barnvagnar och varuleveranser. I ena \u00e4ndan p\u00e5 klubbhuset finns dricksvattenkran samt herr och dam\/invalid toalett.<\/p>\n","protected":false},"author":1,"featured_media":0,"parent":687,"menu_order":75,"comment_status":"closed","ping_status":"closed","template":"template_builder.php","meta":{"_acf_changed":false,"footnotes":""},"folder":[],"class_list":["post-689","page","type-page","status-publish","hentry","has-blocks"],"acf":[],"_links":{"self":[{"href":"https:\/\/vanha.hangolf.fi\/sv\/wp-json\/wp\/v2\/pages\/689","targetHints":{"allow":["GET"]}}],"collection":[{"href":"https:\/\/vanha.hangolf.fi\/sv\/wp-json\/wp\/v2\/pages"}],"about":[{"href":"https:\/\/vanha.hangolf.fi\/sv\/wp-json\/wp\/v2\/types\/page"}],"author":[{"embeddable":true,"href":"https:\/\/vanha.hangolf.fi\/sv\/wp-json\/wp\/v2\/users\/1"}],"replies":[{"embeddable":true,"href":"https:\/\/vanha.hangolf.fi\/sv\/wp-json\/wp\/v2\/comments?post=689"}],"version-history":[{"count":7,"href":"https:\/\/vanha.hangolf.fi\/sv\/wp-json\/wp\/v2\/pages\/689\/revisions"}],"predecessor-version":[{"id":10548,"href":"https:\/\/vanha.hangolf.fi\/sv\/wp-json\/wp\/v2\/pages\/689\/revisions\/10548"}],"up":[{"embeddable":true,"href":"https:\/\/vanha.hangolf.fi\/sv\/wp-json\/wp\/v2\/pages\/687"}],"wp:attachment":[{"href":"https:\/\/vanha.hangolf.fi\/sv\/wp-json\/wp\/v2\/media?parent=689"}],"wp:term":[{"taxonomy":"folder","embeddable":true,"href":"https:\/\/vanha.hangolf.fi\/sv\/wp-json\/wp\/v2\/folder?post=689"}],"curies":[{"name":"wp","href":"https:\/\/api.w.org\/{rel}","templated":true}]}}