{"id":684,"date":"2019-07-05T13:28:23","date_gmt":"2019-07-05T10:28:23","guid":{"rendered":"https:\/\/kund03.mrmedia.fi\/ota-yhteytta\/"},"modified":"2025-04-01T16:37:04","modified_gmt":"2025-04-01T13:37:04","slug":"kontakt","status":"publish","type":"page","link":"https:\/\/vanha.hangolf.fi\/sv\/kontakt\/","title":{"rendered":"Kontakt"},"content":{"rendered":"<h1 class=\"wp-block-heading\">Kontaktuppgifter<\/h1>\n<p><strong>Han-Golf Oy Ab<\/strong><br \/>Kyrkv\u00e4gen 28<br \/>10900 Hang\u00f6<br \/>tel: 019-2489357<\/p>\n<p>Caddiemaster, tidsbokning, spelr\u00e4tter, klubbhus och caf\u00e9:<br \/>tel. 019-248 9357<br \/>caddiemaster(at)hangolf.fi<\/p>\n<p><strong>Faktureringsadress \/ Post:<\/strong><br \/>Han-Golf Oy Ab<br \/>PB 99<br \/>10901 Hang\u00f6<br \/>eller lena.haanpaa(at)hangolf.fi<\/p>\n<p>\u2014\u2014\u2014\u2014\u2014\u2014\u2014\u2014\u2014\u2014\u2014\u2014\u2014\u2014\u2014\u2014\u2014\u2014\u2014\u2014\u2014\u2014\u2014\u2014\u2014\u2014\u2014\u2014\u2014\u2014\u2014\u2014-<\/p>\n<p><strong>Hangon Golf &#8211; Hang\u00f6 Golf ry<\/strong><br \/>Kyrkv\u00e4gen 28 <br \/>10900 Hang\u00f6<\/p>\n<p>Medlems\u00e4renden, kurser, greencard:<br \/>info(at)hangolf.fi<br \/>Inga tidsboknings\u00e4renden eller aktie eller spelr\u00e4tts\u00e4renden f\u00e5r skickas till den h\u00e4r epostadressen!<\/p><\/p>\n","protected":false},"excerpt":{"rendered":"<p>Kontaktuppgifter Han-Golf Oy AbKyrkv\u00e4gen 2810900 Hang\u00f6tel: 019-2489357 Caddiemaster, tidsbokning, spelr\u00e4tter, klubbhus och caf\u00e9:tel. 019-248 9357caddiemaster(at)hangolf.fi Faktureringsadress \/ Post:Han-Golf Oy AbPB 9910901 Hang\u00f6eller lena.haanpaa(at)hangolf.fi \u2014\u2014\u2014\u2014\u2014\u2014\u2014\u2014\u2014\u2014\u2014\u2014\u2014\u2014\u2014\u2014\u2014\u2014\u2014\u2014\u2014\u2014\u2014\u2014\u2014\u2014\u2014\u2014\u2014\u2014\u2014\u2014- Hangon Golf &#8211; Hang\u00f6 Golf ryKyrkv\u00e4gen 28 10900 Hang\u00f6 Medlems\u00e4renden, kurser, greencard:info(at)hangolf.fiInga tidsboknings\u00e4renden eller aktie eller spelr\u00e4tts\u00e4renden f\u00e5r skickas till den h\u00e4r epostadressen!<\/p>\n","protected":false},"author":1,"featured_media":0,"parent":0,"menu_order":107,"comment_status":"closed","ping_status":"closed","template":"template_builder.php","meta":{"_acf_changed":false,"footnotes":""},"folder":[],"class_list":["post-684","page","type-page","status-publish","hentry","has-blocks"],"acf":[],"_links":{"self":[{"href":"https:\/\/vanha.hangolf.fi\/sv\/wp-json\/wp\/v2\/pages\/684","targetHints":{"allow":["GET"]}}],"collection":[{"href":"https:\/\/vanha.hangolf.fi\/sv\/wp-json\/wp\/v2\/pages"}],"about":[{"href":"https:\/\/vanha.hangolf.fi\/sv\/wp-json\/wp\/v2\/types\/page"}],"author":[{"embeddable":true,"href":"https:\/\/vanha.hangolf.fi\/sv\/wp-json\/wp\/v2\/users\/1"}],"replies":[{"embeddable":true,"href":"https:\/\/vanha.hangolf.fi\/sv\/wp-json\/wp\/v2\/comments?post=684"}],"version-history":[{"count":13,"href":"https:\/\/vanha.hangolf.fi\/sv\/wp-json\/wp\/v2\/pages\/684\/revisions"}],"predecessor-version":[{"id":10175,"href":"https:\/\/vanha.hangolf.fi\/sv\/wp-json\/wp\/v2\/pages\/684\/revisions\/10175"}],"wp:attachment":[{"href":"https:\/\/vanha.hangolf.fi\/sv\/wp-json\/wp\/v2\/media?parent=684"}],"wp:term":[{"taxonomy":"folder","embeddable":true,"href":"https:\/\/vanha.hangolf.fi\/sv\/wp-json\/wp\/v2\/folder?post=684"}],"curies":[{"name":"wp","href":"https:\/\/api.w.org\/{rel}","templated":true}]}}