{"id":677,"date":"2019-07-10T10:24:32","date_gmt":"2019-07-10T07:24:32","guid":{"rendered":"https:\/\/kund03.mrmedia.fi\/organisation\/hango-golf-rf\/kapteenin-palsta\/"},"modified":"2025-06-10T14:21:03","modified_gmt":"2025-06-10T11:21:03","slug":"kaptenens-sida","status":"publish","type":"page","link":"https:\/\/vanha.hangolf.fi\/sv\/organisation\/hango-golf-rf\/kaptenens-sida\/","title":{"rendered":"Kaptenens sida 2025"},"content":{"rendered":"<\/p>\n<p><strong>S\u00e4songsstart i Hang\u00f6 \u2013 banan i toppskick<\/strong><br \/>Golfs\u00e4songen i Hang\u00f6 har f\u00e5tt en str\u00e5lande start. Redan i slutet av mars kunde vi gl\u00e4djas \u00e5t en bana i f\u00f6rv\u00e5nansv\u00e4rt gott skick \u2013 s\u00e4rskilt greenerna har f\u00e5tt mycket ber\u00f6m av spelare, och m\u00e5nga kan inte minnas n\u00e4r de senast upplevde n\u00e5got liknande. V\u00e5rens kyliga v\u00e4der har visserligen n\u00e5got f\u00f6rdr\u00f6jt gr\u00e4stillv\u00e4xten p\u00e5 fairways, men \u00e4ven det h\u00e5ller nu snabbt p\u00e5 att r\u00e4tta till sig. I linje med detta vill vi lyfta fram ett viktigt tema inom den finl\u00e4ndska golfgemenskapen:<br \/><em>\u201dL\u00e4mna ett gott avtryck.\u201d<\/em><br \/>Det handlar dels om att ta ansvar under rundan genom att laga nedslagsm\u00e4rken, kratta bunkrar och v\u00e5rda banan, men ocks\u00e5 om att bidra till en positiv upplevelse f\u00f6r medspelare och andra man m\u00f6ter p\u00e5 banan. Sm\u00e5 gester g\u00f6r skillnad \u2013 till exempel att v\u00e4nligt inv\u00e4nta kvinnliga spelare i bollen innan man g\u00e5r vidare fr\u00e5n tee.<\/p>\n<p><strong>Gemensamma insatser ger resultat<\/strong><br \/>Vi vill rikta ett stort tack till alla medlemmar i HanGolf som deltagit i talkoarbetet med banv\u00e5rd. Resultatet syns redan tydligt: efter tr\u00e4df\u00e4llning och gallring n\u00e5r nu sol och vind l\u00e4ttare fram, vilket gynnar gr\u00e4sv\u00e4xten p\u00e5 teeomr\u00e5dena. Dessutom har s\u00e4rskilt f\u00f6rsta nio h\u00e5lens visuella helhetsintryck f\u00f6rb\u00e4ttrats markant.<\/p>\n<p><strong>Delta och h\u00e5ll dig uppdaterad<\/strong><br \/>Som klubbens kapten vill jag varmt uppmuntra alla att delta i v\u00e5ra aktiviteter \u2013 b\u00e5de p\u00e5 banan och utanf\u00f6r. H\u00e5ll utkik p\u00e5 klubbens webbplats och anslagstavlor f\u00f6r information om kommande t\u00e4vlingar och evenemang. Vissa t\u00e4vlingar \u00e4r mycket popul\u00e4ra och fylls snabbt efter att anm\u00e4lan \u00f6ppnat. Det \u00e4r ocks\u00e5 gl\u00e4djande att se att fler unga, entusiastiska golfare har hittat ut till b\u00e5de banan och rangen i v\u00e5r. Det lovar gott f\u00f6r framtiden!<\/p>\n<p><strong>Nytt f\u00f6r s\u00e4songen<\/strong><br \/>M\u00e5nga har redan bekantat sig med v\u00e5r nya ultraljudstv\u00e4tt, som finns i bagf\u00f6rr\u00e5det och \u00e4r tillg\u00e4nglig f\u00f6r alla medlemmar. Den reng\u00f6r b\u00e5de grepp och klubbhuvuden effektivt \u2013 greppen k\u00e4nns som nya efter en reng\u00f6ring. Beh\u00f6ver du hj\u00e4lp finns det spelare som g\u00e4rna visar hur den anv\u00e4nds. F\u00f6r slitna grepp som inte l\u00e4ngre g\u00e5r att r\u00e4dda med tv\u00e4tt erbjuder vi \u00e4ven greppbyte p\u00e5 klubbhuset under s\u00e4songen.<\/p>\n<p><strong>V\u00e4l m\u00f6tt p\u00e5 banan!<\/strong><br \/>Vi ser fram emot en h\u00e4rlig golfsommar fylld av spelgl\u00e4dje, gott s\u00e4llskap och natursk\u00f6n milj\u00f6 p\u00e5 Finlands sydligaste golfbana.<\/p>\n<p>Med v\u00e4nliga h\u00e4lsningar,<br \/><strong>Kimmo Rajatalo<\/strong><br \/>Kapten<br \/>\ud83d\udcde 040-351 8850<\/p>\n<\/p>\n<div class=\"wp-block-columns is-layout-flex wp-container-core-columns-is-layout-9d6595d7 wp-block-columns-is-layout-flex\">\n<div class=\"wp-block-column is-layout-flow wp-block-column-is-layout-flow\">\n<\/p>\n<\/div>\n<\/div>\n<\/p>\n<div class=\"wp-block-columns is-layout-flex wp-container-core-columns-is-layout-9d6595d7 wp-block-columns-is-layout-flex\">\n<div class=\"wp-block-column is-layout-flow wp-block-column-is-layout-flow\" style=\"flex-basis:66.66%\"><\/div>\n<div class=\"wp-block-column is-layout-flow wp-block-column-is-layout-flow\" style=\"flex-basis:33.33%\"><\/div>\n<\/div>\n","protected":false},"excerpt":{"rendered":"<p>S\u00e4songsstart i Hang\u00f6 \u2013 banan i toppskickGolfs\u00e4songen i Hang\u00f6 har f\u00e5tt en str\u00e5lande start. Redan i slutet av mars kunde vi gl\u00e4djas \u00e5t en bana i f\u00f6rv\u00e5nansv\u00e4rt gott skick \u2013 s\u00e4rskilt greenerna har f\u00e5tt mycket ber\u00f6m av spelare, och m\u00e5nga kan inte minnas n\u00e4r de senast upplevde n\u00e5got liknande. V\u00e5rens kyliga v\u00e4der har visserligen n\u00e5got [&hellip;]<\/p>\n","protected":false},"author":1,"featured_media":0,"parent":669,"menu_order":50,"comment_status":"closed","ping_status":"closed","template":"template_builder.php","meta":{"_acf_changed":false,"footnotes":""},"folder":[],"class_list":["post-677","page","type-page","status-publish","hentry","has-blocks"],"acf":[],"_links":{"self":[{"href":"https:\/\/vanha.hangolf.fi\/sv\/wp-json\/wp\/v2\/pages\/677","targetHints":{"allow":["GET"]}}],"collection":[{"href":"https:\/\/vanha.hangolf.fi\/sv\/wp-json\/wp\/v2\/pages"}],"about":[{"href":"https:\/\/vanha.hangolf.fi\/sv\/wp-json\/wp\/v2\/types\/page"}],"author":[{"embeddable":true,"href":"https:\/\/vanha.hangolf.fi\/sv\/wp-json\/wp\/v2\/users\/1"}],"replies":[{"embeddable":true,"href":"https:\/\/vanha.hangolf.fi\/sv\/wp-json\/wp\/v2\/comments?post=677"}],"version-history":[{"count":57,"href":"https:\/\/vanha.hangolf.fi\/sv\/wp-json\/wp\/v2\/pages\/677\/revisions"}],"predecessor-version":[{"id":10491,"href":"https:\/\/vanha.hangolf.fi\/sv\/wp-json\/wp\/v2\/pages\/677\/revisions\/10491"}],"up":[{"embeddable":true,"href":"https:\/\/vanha.hangolf.fi\/sv\/wp-json\/wp\/v2\/pages\/669"}],"wp:attachment":[{"href":"https:\/\/vanha.hangolf.fi\/sv\/wp-json\/wp\/v2\/media?parent=677"}],"wp:term":[{"taxonomy":"folder","embeddable":true,"href":"https:\/\/vanha.hangolf.fi\/sv\/wp-json\/wp\/v2\/folder?post=677"}],"curies":[{"name":"wp","href":"https:\/\/api.w.org\/{rel}","templated":true}]}}