{"id":669,"date":"2019-07-10T09:42:44","date_gmt":"2019-07-10T06:42:44","guid":{"rendered":"https:\/\/kund03.mrmedia.fi\/organisation\/han-golf-r-y\/"},"modified":"2025-04-24T15:19:35","modified_gmt":"2025-04-24T12:19:35","slug":"hango-golf-rf","status":"publish","type":"page","link":"https:\/\/vanha.hangolf.fi\/sv\/organisation\/hango-golf-rf\/","title":{"rendered":"Hangon Golf &#8211; Hang\u00f6 Golf ry"},"content":{"rendered":"<figure class=\"wp-block-image size-full\"><a href=\"https:\/\/e-julkaisut.fi\/hangolf40vuotta\"><img loading=\"lazy\" decoding=\"async\" width=\"886\" height=\"681\" src=\"https:\/\/hangolf.fi\/wp-content\/uploads\/2025\/04\/Skarmbild-2025-04-24-150144-1.png\" alt=\"\" class=\"wp-image-10322\" srcset=\"https:\/\/vanha.hangolf.fi\/wp-content\/uploads\/2025\/04\/Skarmbild-2025-04-24-150144-1.png 886w, https:\/\/vanha.hangolf.fi\/wp-content\/uploads\/2025\/04\/Skarmbild-2025-04-24-150144-1-300x231.png 300w, https:\/\/vanha.hangolf.fi\/wp-content\/uploads\/2025\/04\/Skarmbild-2025-04-24-150144-1-768x590.png 768w, https:\/\/vanha.hangolf.fi\/wp-content\/uploads\/2025\/04\/Skarmbild-2025-04-24-150144-1-800x615.png 800w, https:\/\/vanha.hangolf.fi\/wp-content\/uploads\/2025\/04\/Skarmbild-2025-04-24-150144-1-500x384.png 500w\" sizes=\"auto, (max-width: 886px) 100vw, 886px\" \/><\/a><\/figure>\n<p><a href=\"https:\/\/e-julkaisut.fi\/hangolf40vuotta\" data-type=\"page\" data-id=\"9139\">Hangon Golf &#8211; Hang\u00f6 Golf ry 40-\u00e5rs jubileumstidning 2024<\/a><\/p>\n<p>Klicka p\u00e5 bilden ovanf\u00f6r f\u00f6r att \u00f6ppna jubileumsskriften!<\/p>\n","protected":false},"excerpt":{"rendered":"<p>Hangon Golf &#8211; Hang\u00f6 Golf ry 40-\u00e5rs jubileumstidning 2024 Klicka p\u00e5 bilden ovanf\u00f6r f\u00f6r att \u00f6ppna jubileumsskriften!<\/p>\n","protected":false},"author":1,"featured_media":0,"parent":660,"menu_order":49,"comment_status":"closed","ping_status":"closed","template":"template_builder.php","meta":{"_acf_changed":false,"footnotes":""},"folder":[],"class_list":["post-669","page","type-page","status-publish","hentry","has-blocks"],"acf":[],"_links":{"self":[{"href":"https:\/\/vanha.hangolf.fi\/sv\/wp-json\/wp\/v2\/pages\/669","targetHints":{"allow":["GET"]}}],"collection":[{"href":"https:\/\/vanha.hangolf.fi\/sv\/wp-json\/wp\/v2\/pages"}],"about":[{"href":"https:\/\/vanha.hangolf.fi\/sv\/wp-json\/wp\/v2\/types\/page"}],"author":[{"embeddable":true,"href":"https:\/\/vanha.hangolf.fi\/sv\/wp-json\/wp\/v2\/users\/1"}],"replies":[{"embeddable":true,"href":"https:\/\/vanha.hangolf.fi\/sv\/wp-json\/wp\/v2\/comments?post=669"}],"version-history":[{"count":18,"href":"https:\/\/vanha.hangolf.fi\/sv\/wp-json\/wp\/v2\/pages\/669\/revisions"}],"predecessor-version":[{"id":10330,"href":"https:\/\/vanha.hangolf.fi\/sv\/wp-json\/wp\/v2\/pages\/669\/revisions\/10330"}],"up":[{"embeddable":true,"href":"https:\/\/vanha.hangolf.fi\/sv\/wp-json\/wp\/v2\/pages\/660"}],"wp:attachment":[{"href":"https:\/\/vanha.hangolf.fi\/sv\/wp-json\/wp\/v2\/media?parent=669"}],"wp:term":[{"taxonomy":"folder","embeddable":true,"href":"https:\/\/vanha.hangolf.fi\/sv\/wp-json\/wp\/v2\/folder?post=669"}],"curies":[{"name":"wp","href":"https:\/\/api.w.org\/{rel}","templated":true}]}}