{"id":666,"date":"2019-07-10T09:20:49","date_gmt":"2019-07-10T06:20:49","guid":{"rendered":"https:\/\/kund03.mrmedia.fi\/organisation\/han-golf-oy-ab\/han-golf-oyn-ymparistopolitiikka\/"},"modified":"2019-07-11T13:50:48","modified_gmt":"2019-07-11T10:50:48","slug":"han-golf-abs-miljopolitik","status":"publish","type":"page","link":"https:\/\/vanha.hangolf.fi\/sv\/organisation\/han-golf-oy-ab\/han-golf-abs-miljopolitik\/","title":{"rendered":"Han-Golf Ab:s milj\u00f6politik"},"content":{"rendered":"<p>Han-Golf Ab f\u00f6rbinder sig att fr\u00e4mja en h\u00e5llbar utveckling samt att st\u00e4ndigt f\u00f6rb\u00e4ttra sin egen verksamhet f\u00f6r att garantera kvaliteten p\u00e5 v\u00e5r n\u00e4rmilj\u00f6. Vi f\u00f6rbinder oss att f\u00f6lja g\u00e4llande lagar och f\u00f6rordningar samt det internationella GEO milj\u00f6systemet. M\u00e5let \u00e4r att uppn\u00e5 en golfbana som sk\u00f6ts p\u00e5 ett ber\u00f6mligt s\u00e4tt, och som belastar den n\u00e4rliggande naturen p\u00e5 minsta m\u00f6jliga s\u00e4tt.<\/p>\n<p>Vi str\u00e4var efter att i all v\u00e5r verksamhet beakta olika milj\u00f6synpunkter. Vi informerar om v\u00e5ra milj\u00f6fr\u00e5gor, och vi f\u00f6r en \u00f6ppen diskussion ang\u00e5ende de milj\u00f6fr\u00e5gor som ber\u00f6r golfbanans verksamhet. Vi \u00f6nskar styra v\u00e5ra medlemmar och g\u00e4stspelare att f\u00f6rh\u00e5lla sig ansvarsfullt till milj\u00f6fr\u00e5gor, och vi str\u00e4var efter att v\u00e5ra underleverant\u00f6rer och v\u00e5ra partners f\u00f6ljer en ansvarsfull milj\u00f6politik.<\/p>\n<p>P\u00e5 golfbanan f\u00f6rs\u00f6ker vi befr\u00e4mja omr\u00e5dets m\u00e5ngfald. Vi optimerar anv\u00e4ndningen av g\u00f6dsel och v\u00e4xtskyddsmedel f\u00f6r att hindra att dessa belastar vattenmilj\u00f6n, vilket kontrolleras med regelbundna vattenanalyser. Vi str\u00e4var efter att effektivera golfbanans avfallshantering och att minska energif\u00f6rbrukningen genom att anv\u00e4nda oss av energieffektiva alternativ d\u00e4r detta \u00e4r m\u00f6jligt.<\/p>\n","protected":false},"excerpt":{"rendered":"<p>Han-Golf Ab f\u00f6rbinder sig att fr\u00e4mja en h\u00e5llbar utveckling samt att st\u00e4ndigt f\u00f6rb\u00e4ttra sin egen verksamhet f\u00f6r att garantera kvaliteten p\u00e5 v\u00e5r n\u00e4rmilj\u00f6. Vi f\u00f6rbinder oss att f\u00f6lja g\u00e4llande lagar och f\u00f6rordningar samt det internationella GEO milj\u00f6systemet. M\u00e5let \u00e4r att uppn\u00e5 en golfbana som sk\u00f6ts p\u00e5 ett ber\u00f6mligt s\u00e4tt, och som belastar den n\u00e4rliggande naturen [&hellip;]<\/p>\n","protected":false},"author":1,"featured_media":0,"parent":663,"menu_order":60,"comment_status":"closed","ping_status":"closed","template":"template_builder.php","meta":{"_acf_changed":false,"footnotes":""},"folder":[],"class_list":["post-666","page","type-page","status-publish","hentry","has-blocks"],"acf":[],"_links":{"self":[{"href":"https:\/\/vanha.hangolf.fi\/sv\/wp-json\/wp\/v2\/pages\/666","targetHints":{"allow":["GET"]}}],"collection":[{"href":"https:\/\/vanha.hangolf.fi\/sv\/wp-json\/wp\/v2\/pages"}],"about":[{"href":"https:\/\/vanha.hangolf.fi\/sv\/wp-json\/wp\/v2\/types\/page"}],"author":[{"embeddable":true,"href":"https:\/\/vanha.hangolf.fi\/sv\/wp-json\/wp\/v2\/users\/1"}],"replies":[{"embeddable":true,"href":"https:\/\/vanha.hangolf.fi\/sv\/wp-json\/wp\/v2\/comments?post=666"}],"version-history":[{"count":0,"href":"https:\/\/vanha.hangolf.fi\/sv\/wp-json\/wp\/v2\/pages\/666\/revisions"}],"up":[{"embeddable":true,"href":"https:\/\/vanha.hangolf.fi\/sv\/wp-json\/wp\/v2\/pages\/663"}],"wp:attachment":[{"href":"https:\/\/vanha.hangolf.fi\/sv\/wp-json\/wp\/v2\/media?parent=666"}],"wp:term":[{"taxonomy":"folder","embeddable":true,"href":"https:\/\/vanha.hangolf.fi\/sv\/wp-json\/wp\/v2\/folder?post=666"}],"curies":[{"name":"wp","href":"https:\/\/api.w.org\/{rel}","templated":true}]}}