{"id":663,"date":"2019-07-10T09:18:07","date_gmt":"2019-07-10T06:18:07","guid":{"rendered":"https:\/\/kund03.mrmedia.fi\/organisation\/han-golf-oy-ab\/"},"modified":"2025-02-24T17:43:12","modified_gmt":"2025-02-24T15:43:12","slug":"han-golf-oy-ab","status":"publish","type":"page","link":"https:\/\/vanha.hangolf.fi\/sv\/organisation\/han-golf-oy-ab\/","title":{"rendered":"Han-Golf Oy Ab"},"content":{"rendered":"<h2 class=\"wp-block-heading\">Personal<\/h2>\n<p><strong>Lena Haanp\u00e4\u00e4<\/strong><br \/>Verkst\u00e4llande Direkt\u00f6r<br \/>Han-Golf Oy Ab<br \/>Tel: 040 592 7717<br \/>lena.haanpaa(at)hangolf.fi<\/p>\n<p><strong>Keijo Pet\u00e4j\u00e4j\u00e4rvi<\/strong><br \/>Banm\u00e4stare (fr\u00e5n 3.2.2025)<br \/>Tel: 040 675 2092<br \/>keijo.petajajarvi(at)hangolf.fi<\/p>\n<p><strong>Patrick Doolan<\/strong><br \/>Bansk\u00f6tare<\/p>\n<p><strong>Kai Kankaristo<\/strong><br \/>Bansk\u00f6tare<\/p>\n<p><strong>Marika Saarinen<\/strong><br \/>Bansk\u00f6tare<\/p>\n<h2 class=\"wp-block-heading\">Han-Golf Oy Ab:s styrelse \u00e5r 2025<\/h2>\n<p>Heikki Kallio<br \/>Immonen Jukka<br \/>Jyrki Salmenkivi<br \/>Mikko Savolainen<br \/>Kristiina Uurasmaa<\/p>\n<h2 class=\"wp-block-heading\">Aktie\u00e4gar- och spelr\u00e4ttsf\u00f6rm\u00e5ner s\u00e4songen 2025<\/h2>\n<p><strong>Det f\u00f6ruts\u00e4tter att alla spelr\u00e4ttsavgifter (vederlag, hyresspelr\u00e4tt, medlemsavgift) \u00e4r betalda och att b\u00e5de v\u00e5r bana och respektive kontraktsbana \u00e4r \u00f6ppna.<\/strong><\/p>\n<p><strong>Bruksgolf<\/strong><br \/>Greenfee -50% p\u00e5 vardagar<\/p>\n<p><strong>Ekegolf<\/strong><br \/>Greenfee -50% p\u00e5 vardagar<br \/>Greenfee -50% veckoslut efter kl 13<\/p>\n<p><strong>Salogolf<\/strong><br \/>Greenfee -50% varje dag<\/p><\/p>\n","protected":false},"excerpt":{"rendered":"<p>Personal Lena Haanp\u00e4\u00e4Verkst\u00e4llande Direkt\u00f6rHan-Golf Oy AbTel: 040 592 7717lena.haanpaa(at)hangolf.fi Keijo Pet\u00e4j\u00e4j\u00e4rviBanm\u00e4stare (fr\u00e5n 3.2.2025)Tel: 040 675 2092keijo.petajajarvi(at)hangolf.fi Patrick DoolanBansk\u00f6tare Kai KankaristoBansk\u00f6tare Marika SaarinenBansk\u00f6tare Han-Golf Oy Ab:s styrelse \u00e5r 2025 Heikki KallioImmonen JukkaJyrki SalmenkiviMikko SavolainenKristiina Uurasmaa Aktie\u00e4gar- och spelr\u00e4ttsf\u00f6rm\u00e5ner s\u00e4songen 2025 Det f\u00f6ruts\u00e4tter att alla spelr\u00e4ttsavgifter (vederlag, hyresspelr\u00e4tt, medlemsavgift) \u00e4r betalda och att b\u00e5de v\u00e5r bana och [&hellip;]<\/p>\n","protected":false},"author":1,"featured_media":0,"parent":660,"menu_order":61,"comment_status":"closed","ping_status":"closed","template":"template_builder.php","meta":{"_acf_changed":false,"footnotes":""},"folder":[],"class_list":["post-663","page","type-page","status-publish","hentry","has-blocks"],"acf":[],"_links":{"self":[{"href":"https:\/\/vanha.hangolf.fi\/sv\/wp-json\/wp\/v2\/pages\/663","targetHints":{"allow":["GET"]}}],"collection":[{"href":"https:\/\/vanha.hangolf.fi\/sv\/wp-json\/wp\/v2\/pages"}],"about":[{"href":"https:\/\/vanha.hangolf.fi\/sv\/wp-json\/wp\/v2\/types\/page"}],"author":[{"embeddable":true,"href":"https:\/\/vanha.hangolf.fi\/sv\/wp-json\/wp\/v2\/users\/1"}],"replies":[{"embeddable":true,"href":"https:\/\/vanha.hangolf.fi\/sv\/wp-json\/wp\/v2\/comments?post=663"}],"version-history":[{"count":30,"href":"https:\/\/vanha.hangolf.fi\/sv\/wp-json\/wp\/v2\/pages\/663\/revisions"}],"predecessor-version":[{"id":10061,"href":"https:\/\/vanha.hangolf.fi\/sv\/wp-json\/wp\/v2\/pages\/663\/revisions\/10061"}],"up":[{"embeddable":true,"href":"https:\/\/vanha.hangolf.fi\/sv\/wp-json\/wp\/v2\/pages\/660"}],"wp:attachment":[{"href":"https:\/\/vanha.hangolf.fi\/sv\/wp-json\/wp\/v2\/media?parent=663"}],"wp:term":[{"taxonomy":"folder","embeddable":true,"href":"https:\/\/vanha.hangolf.fi\/sv\/wp-json\/wp\/v2\/folder?post=663"}],"curies":[{"name":"wp","href":"https:\/\/api.w.org\/{rel}","templated":true}]}}