{"id":654,"date":"2019-07-09T13:52:45","date_gmt":"2019-07-09T10:52:45","guid":{"rendered":"https:\/\/kund03.mrmedia.fi\/banan\/paikallissaannot\/"},"modified":"2024-05-28T20:39:21","modified_gmt":"2024-05-28T17:39:21","slug":"lokala-regler","status":"publish","type":"page","link":"https:\/\/vanha.hangolf.fi\/sv\/banan\/lokala-regler\/","title":{"rendered":"Lokala regler"},"content":{"rendered":"<p>P\u00e5 Hang\u00f6 banan g\u00e4ller av Finlands Golff\u00f6rbund fastst\u00e4llda lokala regler.  Dessutom g\u00e4ller f\u00f6ljande lokala regler:<\/p>\n<h2 class=\"wp-block-heading\">Hang\u00f6 golfbanas lokala regler<\/h2>\n","protected":false},"excerpt":{"rendered":"<p>P\u00e5 Hang\u00f6 banan g\u00e4ller av Finlands Golff\u00f6rbund fastst\u00e4llda lokala regler. Dessutom g\u00e4ller f\u00f6ljande lokala regler: Hang\u00f6 golfbanas lokala regler<\/p>\n","protected":false},"author":1,"featured_media":0,"parent":619,"menu_order":73,"comment_status":"closed","ping_status":"closed","template":"template_builder.php","meta":{"_acf_changed":false,"footnotes":""},"folder":[],"class_list":["post-654","page","type-page","status-publish","hentry","has-blocks"],"acf":[],"_links":{"self":[{"href":"https:\/\/vanha.hangolf.fi\/sv\/wp-json\/wp\/v2\/pages\/654","targetHints":{"allow":["GET"]}}],"collection":[{"href":"https:\/\/vanha.hangolf.fi\/sv\/wp-json\/wp\/v2\/pages"}],"about":[{"href":"https:\/\/vanha.hangolf.fi\/sv\/wp-json\/wp\/v2\/types\/page"}],"author":[{"embeddable":true,"href":"https:\/\/vanha.hangolf.fi\/sv\/wp-json\/wp\/v2\/users\/1"}],"replies":[{"embeddable":true,"href":"https:\/\/vanha.hangolf.fi\/sv\/wp-json\/wp\/v2\/comments?post=654"}],"version-history":[{"count":8,"href":"https:\/\/vanha.hangolf.fi\/sv\/wp-json\/wp\/v2\/pages\/654\/revisions"}],"predecessor-version":[{"id":8621,"href":"https:\/\/vanha.hangolf.fi\/sv\/wp-json\/wp\/v2\/pages\/654\/revisions\/8621"}],"up":[{"embeddable":true,"href":"https:\/\/vanha.hangolf.fi\/sv\/wp-json\/wp\/v2\/pages\/619"}],"wp:attachment":[{"href":"https:\/\/vanha.hangolf.fi\/sv\/wp-json\/wp\/v2\/media?parent=654"}],"wp:term":[{"taxonomy":"folder","embeddable":true,"href":"https:\/\/vanha.hangolf.fi\/sv\/wp-json\/wp\/v2\/folder?post=654"}],"curies":[{"name":"wp","href":"https:\/\/api.w.org\/{rel}","templated":true}]}}