{"id":6508,"date":"2023-09-27T15:08:42","date_gmt":"2023-09-27T12:08:42","guid":{"rendered":"https:\/\/hangolf.fi\/?page_id=6508"},"modified":"2025-06-24T20:57:15","modified_gmt":"2025-06-24T17:57:15","slug":"bagforrad","status":"publish","type":"page","link":"https:\/\/vanha.hangolf.fi\/sv\/bagforrad\/","title":{"rendered":"Bagf\u00f6rr\u00e5d"},"content":{"rendered":"<p>Hyresperioden \u00e4r 1.4-31.3 och d\u00f6rrkoden nollas varje \u00e5r den 31.3 kl 23.00, varefter man f\u00e5r ny kod genom att betala hyresavgiften.<\/p>\n<p>B\u00e4gf\u00f6rr\u00e5dets hyra:<\/p>\n<ol class=\"wp-block-list\">\n<li>Smalt sk\u00e5p 40 cm, utan golfk\u00e4rra. Pris 130 eur f\u00f6r tiden 1.4-31.3<\/li>\n<li>Smalt sk\u00e5p 40 cm, + en golfk\u00e4rra. Pris 150 eur f\u00f6r tiden 1.4-31.3<\/li>\n<li>Brett sk\u00e5p 60 cm + en golfk\u00e4rra. Pris 170 eur f\u00f6r tiden 1.4-31.3<\/li>\n<li>Brett sk\u00e5p 60 cm + tv\u00e5 golfk\u00e4rror. Pris 190 eur f\u00f6r tiden 1.4-31.3<\/li>\n<\/ol>\n<p>I priset ing\u00e5r d\u00f6rrkod till bagf\u00f6rr\u00e5det, men inte l\u00e5s till sk\u00e5pet!<br \/>Alla sk\u00e5p \u00e4r 60 cm djupa.<br \/>Begr\u00e4nsat antal sk\u00e5p!<\/p>\n<p>Uthyrning och f\u00f6rfr\u00e5gningar, kontakta Lena Haanp\u00e4\u00e4 040 592 7717<\/p>\n","protected":false},"excerpt":{"rendered":"<p>Hyresperioden \u00e4r 1.4-31.3 och d\u00f6rrkoden nollas varje \u00e5r den 31.3 kl 23.00, varefter man f\u00e5r ny kod genom att betala hyresavgiften. B\u00e4gf\u00f6rr\u00e5dets hyra: I priset ing\u00e5r d\u00f6rrkod till bagf\u00f6rr\u00e5det, men inte l\u00e5s till sk\u00e5pet!Alla sk\u00e5p \u00e4r 60 cm djupa.Begr\u00e4nsat antal sk\u00e5p! Uthyrning och f\u00f6rfr\u00e5gningar, kontakta Lena Haanp\u00e4\u00e4 040 592 7717<\/p>\n","protected":false},"author":6,"featured_media":0,"parent":0,"menu_order":0,"comment_status":"closed","ping_status":"closed","template":"","meta":{"_acf_changed":false,"footnotes":""},"folder":[],"class_list":["post-6508","page","type-page","status-publish","hentry","has-blocks"],"acf":[],"_links":{"self":[{"href":"https:\/\/vanha.hangolf.fi\/sv\/wp-json\/wp\/v2\/pages\/6508","targetHints":{"allow":["GET"]}}],"collection":[{"href":"https:\/\/vanha.hangolf.fi\/sv\/wp-json\/wp\/v2\/pages"}],"about":[{"href":"https:\/\/vanha.hangolf.fi\/sv\/wp-json\/wp\/v2\/types\/page"}],"author":[{"embeddable":true,"href":"https:\/\/vanha.hangolf.fi\/sv\/wp-json\/wp\/v2\/users\/6"}],"replies":[{"embeddable":true,"href":"https:\/\/vanha.hangolf.fi\/sv\/wp-json\/wp\/v2\/comments?post=6508"}],"version-history":[{"count":13,"href":"https:\/\/vanha.hangolf.fi\/sv\/wp-json\/wp\/v2\/pages\/6508\/revisions"}],"predecessor-version":[{"id":10537,"href":"https:\/\/vanha.hangolf.fi\/sv\/wp-json\/wp\/v2\/pages\/6508\/revisions\/10537"}],"wp:attachment":[{"href":"https:\/\/vanha.hangolf.fi\/sv\/wp-json\/wp\/v2\/media?parent=6508"}],"wp:term":[{"taxonomy":"folder","embeddable":true,"href":"https:\/\/vanha.hangolf.fi\/sv\/wp-json\/wp\/v2\/folder?post=6508"}],"curies":[{"name":"wp","href":"https:\/\/api.w.org\/{rel}","templated":true}]}}