{"id":638,"date":"2019-07-09T16:29:58","date_gmt":"2019-07-09T13:29:58","guid":{"rendered":"https:\/\/kund03.mrmedia.fi\/banan\/hole-in-one\/"},"modified":"2025-10-20T16:21:45","modified_gmt":"2025-10-20T13:21:45","slug":"hole-in-one","status":"publish","type":"page","link":"https:\/\/vanha.hangolf.fi\/sv\/banan\/hole-in-one\/","title":{"rendered":"Hole-In-One"},"content":{"rendered":"<\/p>\n<\/p>\n<h2 class=\"wp-block-heading\"><\/h2>\n<figure class=\"wp-block-table alignwide is-style-stripes mrm-hole-in-one-table-mobile\">\n<table>\n<tbody>\n<tr>\n<td><\/td>\n<td><strong>Datum<\/strong><\/td>\n<td><strong>Namn<\/strong><\/td>\n<td><strong>H\u00e5l<\/strong><\/td>\n<td><strong>Klubba<\/strong><\/td>\n<td><strong>Boll<\/strong><\/td>\n<\/tr>\n<tr>\n<td><\/td>\n<td>20.10.2025<\/td>\n<td><strong>Kennet Pulkki<\/strong> (RuG)<\/td>\n<td>8<\/td>\n<td>Pitcher<\/td>\n<td>Taylor Made<\/td>\n<\/tr>\n<tr>\n<td><\/td>\n<td>04.09.2025<\/td>\n<td><strong>Boris Norstr\u00f6m<\/strong>  (Hang\u00f6 Golf)<\/td>\n<td>2<\/td>\n<td>Hybrid<\/td>\n<td>Precept<\/td>\n<\/tr>\n<tr>\n<td><\/td>\n<td>14.08.2025<\/td>\n<td><strong>Anton Sandstr\u00f6m<\/strong> (Hang\u00f6 Golf)<\/td>\n<td>17<\/td>\n<td>J\u00e4rn 6<\/td>\n<td>Srixon<\/td>\n<\/tr>\n<tr>\n<td><\/td>\n<td>13.07.2025<\/td>\n<td><strong>Kaarlo Lukkari<\/strong> (Hang\u00f6 Golf)<\/td>\n<td>11<\/td>\n<td>J\u00e4rn 8<\/td>\n<td><\/td>\n<\/tr>\n<tr>\n<td><\/td>\n<td>01.07.2025<\/td>\n<td><strong>Jyrki Salmenkivi<\/strong>  (Hang\u00f6 Golf)<\/td>\n<td>11<\/td>\n<td><\/td>\n<td><\/td>\n<\/tr>\n<tr>\n<td><\/td>\n<td>29.03.2025<\/td>\n<td><strong>Sasu Raudas<\/strong> (Master Golf)<\/td>\n<td>2<\/td>\n<td>J\u00e4rn 8 <\/td>\n<td>Nike<\/td>\n<\/tr>\n<tr>\n<td><\/td>\n<td>11.10.2024<\/td>\n<td><strong>Kaarlo Lukkari<\/strong> (Hang\u00f6 Golf)<\/td>\n<td>11<\/td>\n<td>J\u00e4rn 8<\/td>\n<td>Srixon (gul)<\/td>\n<\/tr>\n<tr>\n<td><\/td>\n<td>03.08.2024<\/td>\n<td><strong>Nicolas Uggla<\/strong> (Hang\u00f6 Golf)<\/td>\n<td>2<\/td>\n<td>Sand<\/td>\n<td><\/td>\n<\/tr>\n<tr>\n<td><\/td>\n<td>27.06.2024<\/td>\n<td><strong>Erkki Wirta<\/strong> (Hang\u00f6 Golf)<\/td>\n<td>8<\/td>\n<td>J\u00e4rn 8<\/td>\n<td><\/td>\n<\/tr>\n<tr>\n<td><\/td>\n<td>24.06.2024<\/td>\n<td><strong>Kurt Akren<\/strong> (Nordcenter)<\/td>\n<td>11<\/td>\n<td><\/td>\n<td><\/td>\n<\/tr>\n<tr>\n<td><\/td>\n<td>06.09.2023<\/td>\n<td><strong>Helka Ruuska<\/strong> (Hang\u00f6 Golf)<\/td>\n<td>11<\/td>\n<td>Hybrid<\/td>\n<td>Pinnacle<\/td>\n<\/tr>\n<tr>\n<td><\/td>\n<td>23.06.2023<\/td>\n<td><strong>Svante Nyholm<\/strong> (Hang\u00f6 Golf)<\/td>\n<td>11<\/td>\n<td>J\u00e4rn 7<\/td>\n<td>Srixon<\/td>\n<\/tr>\n<tr>\n<td><\/td>\n<td>22.05.2023<\/td>\n<td><strong>Rolf Nyberg<\/strong> (Hang\u00f6 Golf)<\/td>\n<td>11<\/td>\n<td>J\u00e4rn 8 <\/td>\n<td>Callaway<\/td>\n<\/tr>\n<tr>\n<td><\/td>\n<td>20.05.2023<\/td>\n<td><strong>Mika Hedman<\/strong>  (Hang\u00f6 Golf)<\/td>\n<td>11<\/td>\n<td>J\u00e4rn 8<\/td>\n<td>Wilson Staff<\/td>\n<\/tr>\n<tr>\n<td><\/td>\n<td>13.05.2023<\/td>\n<td><strong>Henrik Sairio<\/strong> (Hang\u00f6 Golf)<\/td>\n<td>8<\/td>\n<td>J\u00e4rn 9<\/td>\n<td>Bridgestone<\/td>\n<\/tr>\n<tr>\n<td><\/td>\n<td>21.07.2022<\/td>\n<td><strong>Kaarlo Lukkari<\/strong> (Hang\u00f6 Golf)<\/td>\n<td>17<\/td>\n<td><\/td>\n<td><\/td>\n<\/tr>\n<tr>\n<td><\/td>\n<td>20.06.2022<\/td>\n<td><strong>Ilkka Degerlund<\/strong> (PGC)<\/td>\n<td>11<\/td>\n<td>J\u00e4rn 7<\/td>\n<td><\/td>\n<\/tr>\n<tr>\n<td><\/td>\n<td>01.06.2202<\/td>\n<td><strong>Kai S\u00f6derholm<\/strong> (Hang\u00f6 Golf)<\/td>\n<td>8<\/td>\n<td>J\u00e4rn 9<\/td>\n<td>Wilson Smartcore<\/td>\n<\/tr>\n<tr>\n<td><\/td>\n<td>31.08.2021<\/td>\n<td><strong>Jukka Oinonen<\/strong> (Hang\u00f6 Golf)<\/td>\n<td>11 <\/td>\n<td>J\u00e4rn 8 <\/td>\n<td><\/td>\n<\/tr>\n<tr>\n<td><\/td>\n<td>09.07.2021<\/td>\n<td><strong>Sture Gustafsson<\/strong> (Hang\u00f6 Golf)<\/td>\n<td>8<\/td>\n<td>Wedge 48\u00b0<\/td>\n<td>Srixon<\/td>\n<\/tr>\n<tr>\n<td><\/td>\n<td>20.05.2021<\/td>\n<td><strong>Jyrki H\u00e4nninen <\/strong>(Hang\u00f6 Golf)<\/td>\n<td>2<\/td>\n<td>J\u00e4rn 8<\/td>\n<td>Srixon<\/td>\n<\/tr>\n<tr>\n<td><\/td>\n<td>02.04.2021<\/td>\n<td><strong>Tom L\u00e5ngstr\u00f6m<\/strong> (St. Laurence Golf)<\/td>\n<td>11<\/td>\n<td>J\u00e4rn 9<\/td>\n<td>Taylor Made<\/td>\n<\/tr>\n<tr>\n<td><\/td>\n<td>29.12.2020<\/td>\n<td><strong>Kai S\u00f6derholm<\/strong> (Hang\u00f6 Golf)<\/td>\n<td>8<\/td>\n<td>J\u00e4rn 8<\/td>\n<td>Dynatour<\/td>\n<\/tr>\n<tr>\n<td><\/td>\n<td>30.09.2020<\/td>\n<td><strong>Raimo Mustakangas<\/strong> (Hang\u00f6 Golf)<\/td>\n<td>8<\/td>\n<td>Hybrid<\/td>\n<td>Srixon Z-Star<\/td>\n<\/tr>\n<tr>\n<td><\/td>\n<td>24.09.2020 <\/td>\n<td><strong>Nipa Ronikonm\u00e4ki<\/strong> (Hang\u00f6 Golf)<\/td>\n<td>8<\/td>\n<td>J\u00e4rn 9<\/td>\n<td>Titleist ProV1<\/td>\n<\/tr>\n<tr>\n<td><\/td>\n<td>23.09.2020<\/td>\n<td><strong>Raimo Lindstr\u00f6m<\/strong> (Hang\u00f6 Golf)<\/td>\n<td>8 <\/td>\n<td>J\u00e4rn 9 <\/td>\n<td>Tour Special<\/td>\n<\/tr>\n<tr>\n<td><\/td>\n<td>15.09.2020<\/td>\n<td><strong>Kirsi Hallama<\/strong> (Virvik Golf)<\/td>\n<td>11<\/td>\n<td>J\u00e4rn 8<\/td>\n<td>Titleist<\/td>\n<\/tr>\n<tr>\n<td><\/td>\n<td>14.08.2020<\/td>\n<td><strong>John Lindell<\/strong> (Hang\u00f6 Golf)<\/td>\n<td>8<\/td>\n<td>J\u00e4rn 9<\/td>\n<td>Callaway Chrome Soft<\/td>\n<\/tr>\n<tr>\n<td><\/td>\n<td>17.07.2020<\/td>\n<td><strong>Marja Aarnio-Isohanni<\/strong> (Hang\u00f6 Golf)<\/td>\n<td>2<\/td>\n<td>Tr\u00e4 7<\/td>\n<td>Pinnacle Soft<\/td>\n<\/tr>\n<tr>\n<td><\/td>\n<td>15.07.2020<\/td>\n<td><strong>Heikki Lehmusto<\/strong> (Hang\u00f6 Golf)<\/td>\n<td>8<\/td>\n<td>J\u00e4rn 8<\/td>\n<td>Wilson Staff<\/td>\n<\/tr>\n<tr>\n<td><\/td>\n<td>06.07.2020<\/td>\n<td><strong>Jussi Tarma<\/strong> (Hang\u00f6 Golf)<\/td>\n<td>11<\/td>\n<td>J\u00e4rn 9 <\/td>\n<td>Srixon AD333<\/td>\n<\/tr>\n<tr>\n<td><\/td>\n<td>03.06.2020<\/td>\n<td><strong>Adam Toivio<\/strong> (HIFK Golf)<\/td>\n<td>17<\/td>\n<td>J\u00e4rn 4<\/td>\n<td><\/td>\n<\/tr>\n<tr>\n<td><\/td>\n<td>11.04.2020<\/td>\n<td><strong>Bj\u00f6rn Peltonen <\/strong>(Hang\u00f6 Golf)<\/td>\n<td>11<\/td>\n<td>PW<\/td>\n<td><\/td>\n<\/tr>\n<tr>\n<td><\/td>\n<td>23.11.2019<\/td>\n<td><strong>Marko Lehtosaari<\/strong>&nbsp;(Kullo Golf) <\/td>\n<td>17<\/td>\n<td>J\u00e4rn 3<\/td>\n<td>Bridgestone <\/td>\n<\/tr>\n<tr>\n<td><\/td>\n<td>02.11.2019<\/td>\n<td><strong>Nipa Ronikonm\u00e4ki<\/strong>&nbsp;(Hang\u00f6 Golf) <\/td>\n<td>8<\/td>\n<td>Pitcher<\/td>\n<td>Taylor Made<\/td>\n<\/tr>\n<tr>\n<td><\/td>\n<td>10.10.2019<\/td>\n<td><strong>Kaarlo Lukkari<\/strong>&nbsp;(Hang\u00f6 Golf) <\/td>\n<td>2<\/td>\n<td>J\u00e4rn 7<\/td>\n<td>Nike<\/td>\n<\/tr>\n<tr>\n<td><\/td>\n<td>03.08.2019<\/td>\n<td><strong>Lasse Durchman<\/strong>&nbsp;(Helsingfors golfklubb) <\/td>\n<td>8<\/td>\n<td>J\u00e4rn 8<\/td>\n<td>Srixon Z-star <\/td>\n<\/tr>\n<tr>\n<td><\/td>\n<td>09.05.2019<\/td>\n<td><strong>Kaarlo Lukkari<\/strong> (Hang\u00f6 Golf)<\/td>\n<td>8<\/td>\n<td>J\u00e4rn 9<\/td>\n<td>Titleist Velocity<\/td>\n<\/tr>\n<tr>\n<td><\/td>\n<td>06.10.2018<\/td>\n<td><strong>Kari Pesonen<\/strong> (Pickala Golf)<\/td>\n<td>11<\/td>\n<td>J\u00e4rn 9<\/td>\n<td>Srixon<\/td>\n<\/tr>\n<tr>\n<td><\/td>\n<td>25.07.2018<\/td>\n<td><strong>Kai S\u00f6derholm<\/strong> (HG)<\/td>\n<td>8<\/td>\n<td>J\u00e4rn 9<\/td>\n<td>Bridgestone<\/td>\n<\/tr>\n<tr>\n<td><\/td>\n<td>23.07.2018<\/td>\n<td><strong>Jan Nystr\u00f6m<\/strong> (Kurk golf)<\/td>\n<td>2<\/td>\n<td>J\u00e4rn 8<\/td>\n<td>Srixon<\/td>\n<\/tr>\n<tr>\n<td><\/td>\n<td>17.07.2018<\/td>\n<td><strong>Matias Rinne<\/strong> (HG)<\/td>\n<td>2 (Vit tee)<\/td>\n<td>J\u00e4rn 9<\/td>\n<td>Callaway Chrome Soft<\/td>\n<\/tr>\n<tr>\n<td><\/td>\n<td>09.07.2018<\/td>\n<td><strong>Janne Nevasuo<\/strong> (HG)<\/td>\n<td>8<\/td>\n<td>Pitching wedge<\/td>\n<td><\/td>\n<\/tr>\n<tr>\n<td><\/td>\n<td>19.05.2018<\/td>\n<td><strong>Thomas Castren<\/strong> (VGC)<\/td>\n<td>11<\/td>\n<td>J\u00e4rn 8<\/td>\n<td>MacGregor<\/td>\n<\/tr>\n<tr>\n<td><\/td>\n<td>29.08.2017<\/td>\n<td><strong>Martin Holmberg <\/strong>(Master Golf)<\/td>\n<td>11<\/td>\n<td>J\u00e4rn 8<\/td>\n<td>Titleist NXT Tour S<\/td>\n<\/tr>\n<tr>\n<td><\/td>\n<td>21.07.2017<\/td>\n<td><strong>Matias Rinne<\/strong> (HG)<\/td>\n<td>2<\/td>\n<td>J\u00e4rn 9<\/td>\n<td><\/td>\n<\/tr>\n<tr>\n<td><\/td>\n<td>22.06.2017<\/td>\n<td><strong>Mikael Brandt<\/strong> (HG)<\/td>\n<td>11<\/td>\n<td>Sand<\/td>\n<td>Srixon AD333 Tour<\/td>\n<\/tr>\n<tr>\n<td><\/td>\n<td>19.08.2016<\/td>\n<td><strong>Kari Ehari<\/strong> (PGC)<\/td>\n<td>11<\/td>\n<td>J\u00e4rn 9<\/td>\n<td><\/td>\n<\/tr>\n<tr>\n<td><\/td>\n<td>15.08.2016<\/td>\n<td><strong>Gunilla Andersin<\/strong> (Kurk)<\/td>\n<td>8<\/td>\n<td>Hybrid 7<\/td>\n<td><\/td>\n<\/tr>\n<tr>\n<td><\/td>\n<td>17.07.2016<\/td>\n<td><strong>J\u00f6rgen Fromholz<\/strong> (HG)<\/td>\n<td>8<\/td>\n<td>J\u00e4rn 7<\/td>\n<td><\/td>\n<\/tr>\n<tr>\n<td><\/td>\n<td>22.05.2016<\/td>\n<td><strong>Kaarlo Lukkari<\/strong> (HG)<\/td>\n<td>8<\/td>\n<td>J\u00e4rn 9<\/td>\n<td>Titleist NXT Tour<\/td>\n<\/tr>\n<tr>\n<td><\/td>\n<td>06.05.2016<\/td>\n<td><strong>Janne Nevasuo<\/strong> (HG)<\/td>\n<td>11<\/td>\n<td>J\u00e4rn 7<\/td>\n<td><\/td>\n<\/tr>\n<tr>\n<td><\/td>\n<td>10.04.2016<\/td>\n<td><strong>Harri Pursiainen<\/strong> (HG)<\/td>\n<td>8<\/td>\n<td>J\u00e4rn 7<\/td>\n<td>Wilson (Deep red 5)<\/td>\n<\/tr>\n<tr>\n<td><\/td>\n<td>06.11.2015<\/td>\n<td><strong>Christer &#8221;Trissan&#8221; Nordstr\u00f6m<\/strong> (HG)<\/td>\n<td>8<\/td>\n<td>Pitcher<\/td>\n<td><\/td>\n<\/tr>\n<tr>\n<td><\/td>\n<td>16.8.2015<\/td>\n<td><strong>Vesa Isohanni<\/strong> (HG)<\/td>\n<td>8<\/td>\n<td>J\u00e4rn 9<\/td>\n<td><\/td>\n<\/tr>\n<tr>\n<td><\/td>\n<td>28.07.2015<\/td>\n<td><strong>Leena Sch\u00fctt<\/strong> (HG)<\/td>\n<td>8<\/td>\n<td>J\u00e4rn 8<\/td>\n<td><\/td>\n<\/tr>\n<tr>\n<td><\/td>\n<td>04.05.2015<\/td>\n<td><strong>Kaarlo Lukkari<\/strong> (HG)<\/td>\n<td>8<\/td>\n<td>J\u00e4rn 7<\/td>\n<td>Bridgestone EG<\/td>\n<\/tr>\n<tr>\n<td><\/td>\n<td>01.05.2015<\/td>\n<td><strong>Klaus Tamminen<\/strong> (HirG)<\/td>\n<td>17<\/td>\n<td>Hybrid 5<\/td>\n<td>Titleist Pro V1<\/td>\n<\/tr>\n<tr>\n<td><\/td>\n<td>20.09.2014<\/td>\n<td><strong>Jouko Jokinen<\/strong> (HG)<\/td>\n<td>17<\/td>\n<td>Hybrid<\/td>\n<td>Titleist Pro V1<\/td>\n<\/tr>\n<tr>\n<td><\/td>\n<td>28.06.2014<\/td>\n<td><strong>Marja Aarnio-Isohanni<\/strong> (HG)<\/td>\n<td>11<\/td>\n<td>J\u00e4rn 7<\/td>\n<td><\/td>\n<\/tr>\n<tr>\n<td><\/td>\n<td>23.11.2013<\/td>\n<td><strong>Jarkko Vasenius<\/strong> (HG)<\/td>\n<td>17<\/td>\n<td>Hybrid<\/td>\n<td><\/td>\n<\/tr>\n<tr>\n<td><\/td>\n<td>17.8.2013<\/td>\n<td><strong>Ulla Jaarte<\/strong> (HG)<\/td>\n<td>11<\/td>\n<td>Pitch<\/td>\n<td><\/td>\n<\/tr>\n<tr>\n<td><\/td>\n<td>10.8.2013<\/td>\n<td><strong>Tomi Saarinen<\/strong> (HG)<\/td>\n<td>2<\/td>\n<td>Wedge<\/td>\n<td><\/td>\n<\/tr>\n<tr>\n<td><\/td>\n<td>13.7.2013<\/td>\n<td><strong>Heikki Kallio<\/strong> (HG)<\/td>\n<td>2<\/td>\n<td>J\u00e4rn 8<\/td>\n<td><\/td>\n<\/tr>\n<tr>\n<td><\/td>\n<td>02.09.2012<\/td>\n<td><strong>Maarit Valo<\/strong> (NGCC)<\/td>\n<td>8<\/td>\n<td>J\u00e4rn 6<\/td>\n<td><\/td>\n<\/tr>\n<tr>\n<td><\/td>\n<td>17.09.2011<\/td>\n<td><strong>Leo Palin<\/strong> (HG)<\/td>\n<td>11<\/td>\n<td>PW<\/td>\n<td><\/td>\n<\/tr>\n<tr>\n<td><\/td>\n<td>22.08.2011<\/td>\n<td><strong>Kalevi Korsu<\/strong> (HG)<\/td>\n<td>8<\/td>\n<td>PW<\/td>\n<td><\/td>\n<\/tr>\n<tr>\n<td><\/td>\n<td>25.09.2010<\/td>\n<td><strong>Raija Hiironen<\/strong> (KGV)<\/td>\n<td>8<\/td>\n<td>J\u00e4rn  6<\/td>\n<td><\/td>\n<\/tr>\n<tr>\n<td><\/td>\n<td>08.07.2010<\/td>\n<td><strong>Tom Ahlblad<\/strong> (PGC)<\/td>\n<td>11<\/td>\n<td>J\u00e4rn  8<\/td>\n<td><\/td>\n<\/tr>\n<tr>\n<td><\/td>\n<td>13.09.2009<\/td>\n<td><strong>Sonja Saarinen<\/strong> (HG)<\/td>\n<td>2<\/td>\n<td>Hybrid<\/td>\n<td><\/td>\n<\/tr>\n<tr>\n<td><\/td>\n<td>26.07.2009<\/td>\n<td><strong>Rolf Lindqvist<\/strong> (Sverige)<\/td>\n<td>2<\/td>\n<td>J\u00e4rn  7<\/td>\n<td><\/td>\n<\/tr>\n<tr>\n<td><\/td>\n<td>27.8.2007<\/td>\n<td><strong>Raimo Lindstr\u00f6m<\/strong> (HG)<\/td>\n<td>11<\/td>\n<td>J\u00e4rn  7<\/td>\n<td><\/td>\n<\/tr>\n<tr>\n<td><\/td>\n<td>03.08.2007<\/td>\n<td><strong>Matti Kuoppala<\/strong> (HG)<\/td>\n<td>8<\/td>\n<td>Tr\u00e4 9<\/td>\n<td><\/td>\n<\/tr>\n<tr>\n<td><\/td>\n<td>27.07.2007<\/td>\n<td><strong>Pirjo Koskela<\/strong> (HG)<\/td>\n<td>11<\/td>\n<td>J\u00e4rn  7<\/td>\n<td><\/td>\n<\/tr>\n<tr>\n<td><\/td>\n<td>13.07.2007<\/td>\n<td><strong>Pekka Pusa<\/strong> (HG)<\/td>\n<td>2<\/td>\n<td>J\u00e4rn  8<\/td>\n<td><\/td>\n<\/tr>\n<tr>\n<td><\/td>\n<td>23.07.2006<\/td>\n<td><strong>Leif Rosenqvist<\/strong><\/td>\n<td>2<\/td>\n<td>J\u00e4rn  8<\/td>\n<td><\/td>\n<\/tr>\n<tr>\n<td><\/td>\n<td>16.07.2006<\/td>\n<td><strong>Kai S\u00f6derholm<\/strong> (HG)<\/td>\n<td>11<\/td>\n<td>J\u00e4rn  6<\/td>\n<td><\/td>\n<\/tr>\n<\/tbody>\n<\/table>\n<\/figure>\n<h3 class=\"wp-block-heading\">9 h, par 36 banan 2002-2005<\/h3>\n<figure class=\"wp-block-table alignwide is-style-stripes mrm-hole-in-one-table-mobile\">\n<table class=\"has-fixed-layout\">\n<tbody>\n<tr>\n<td><strong>Datum<\/strong><\/td>\n<td>Namn<\/td>\n<td><strong>H\u00e5l<\/strong><\/td>\n<td><strong>Klubba<\/strong><\/td>\n<td><\/td>\n<\/tr>\n<tr>\n<td>25.08.2004<\/td>\n<td><strong>Raimo P\u00f6yh\u00f6nen<\/strong> (HG)<\/td>\n<td>8<br \/>(Nuf\u00f6rtiden 17)<\/td>\n<td>Tr\u00e4 3<\/td>\n<td><\/td>\n<\/tr>\n<tr>\n<td>29.05.2003<\/td>\n<td><strong>Anton Sandqvist<\/strong> (HG)<\/td>\n<td>2<br \/>(Nuf\u00f6rtiden 11)<\/td>\n<td>PW<\/td>\n<td><\/td>\n<\/tr>\n<\/tbody>\n<\/table>\n<\/figure>\n<h3 class=\"wp-block-heading\">9 h, par 3 banan 1997-2001<\/h3>\n<figure class=\"wp-block-table alignwide is-style-stripes mrm-hole-in-one-table-mobile\">\n<table class=\"has-fixed-layout\">\n<tbody>\n<tr>\n<td><strong>Datum<\/strong><\/td>\n<td><strong>Namn<\/strong><\/td>\n<td><strong>H\u00e5l<\/strong><\/td>\n<td><strong>Klubba<\/strong><\/td>\n<td><\/td>\n<\/tr>\n<tr>\n<td>30.07.2001<\/td>\n<td><strong>Kristian Friman<\/strong><\/td>\n<td>5<\/td>\n<td>J\u00e4rn 7<\/td>\n<td><\/td>\n<\/tr>\n<tr>\n<td>27.07.2001<\/td>\n<td><strong>Viktor Ekholm<\/strong><\/td>\n<td>5<\/td>\n<td>J\u00e4rn 9<\/td>\n<td><\/td>\n<\/tr>\n<tr>\n<td>20.07.2001<\/td>\n<td><strong>Anna Liisa Gylling<\/strong><\/td>\n<td>3<\/td>\n<td>J\u00e4rn 6<\/td>\n<td><\/td>\n<\/tr>\n<tr>\n<td>12.07.2001<\/td>\n<td><strong>Olli Jurvanen<\/strong><\/td>\n<td>2<\/td>\n<td>J\u00e4rn 7<\/td>\n<td><\/td>\n<\/tr>\n<tr>\n<td>09.07.2001<\/td>\n<td><strong>Kari Lindfors<\/strong><\/td>\n<td>8<\/td>\n<td>SW<\/td>\n<td><\/td>\n<\/tr>\n<tr>\n<td>14.06.2001<\/td>\n<td><strong>Barbro Wikberg<\/strong><\/td>\n<td>5<\/td>\n<td>Tr\u00e4 7<\/td>\n<td><\/td>\n<\/tr>\n<tr>\n<td>03.06.2001<\/td>\n<td><strong>Lasse Mustakangas<\/strong><\/td>\n<td>9<\/td>\n<td>J\u00e4rn 7<\/td>\n<td><\/td>\n<\/tr>\n<tr>\n<td>13.10.2000<\/td>\n<td><strong>Kristian Friman<\/strong><\/td>\n<td>3<\/td>\n<td>J\u00e4rn 8<\/td>\n<td><\/td>\n<\/tr>\n<tr>\n<td>30.08.2000<\/td>\n<td><strong>Barbro Wikberg<\/strong><\/td>\n<td>4<\/td>\n<td>Tr\u00e4 7<\/td>\n<td><\/td>\n<\/tr>\n<tr>\n<td>28.08.2000<\/td>\n<td><strong>Nico Parviainen<\/strong><\/td>\n<td>4<\/td>\n<td>J\u00e4rn 9<\/td>\n<td><\/td>\n<\/tr>\n<tr>\n<td>10.08.2000<\/td>\n<td><strong>Kai Kankaristo<\/strong><\/td>\n<td>5<\/td>\n<td>PW<\/td>\n<td><\/td>\n<\/tr>\n<tr>\n<td>27.07.2000<\/td>\n<td><strong>Sinikka Laitakari<\/strong><\/td>\n<td>6<\/td>\n<td>J\u00e4rn 5<\/td>\n<td><\/td>\n<\/tr>\n<tr>\n<td>16.06.2000<\/td>\n<td><strong>Bj\u00f6rn Peltonen<\/strong><\/td>\n<td>1<\/td>\n<td>J\u00e4rn 7<\/td>\n<td><\/td>\n<\/tr>\n<tr>\n<td>22.04.2000<\/td>\n<td><strong>Charles Wickman<\/strong><\/td>\n<td>5<\/td>\n<td>J\u00e4rn 9<\/td>\n<td><\/td>\n<\/tr>\n<tr>\n<td>19.09.1999<\/td>\n<td><strong>Miia Saarinen<\/strong><\/td>\n<td>1<\/td>\n<td>Tr\u00e4 3<\/td>\n<td><\/td>\n<\/tr>\n<tr>\n<td>06.09.1999<\/td>\n<td><strong>Charles Wickman<\/strong><\/td>\n<td>9<\/td>\n<td>Tr\u00e4 5<\/td>\n<td><\/td>\n<\/tr>\n<tr>\n<td>14.08.1999<\/td>\n<td><strong>Mikael Brandt<\/strong><\/td>\n<td>9<\/td>\n<td>J\u00e4rn8<\/td>\n<td><\/td>\n<\/tr>\n<tr>\n<td>09.08.1999<\/td>\n<td><strong>Christer Lindholm<\/strong><\/td>\n<td>2<\/td>\n<td>J\u00e4rn 5<\/td>\n<td><\/td>\n<\/tr>\n<tr>\n<td>08.07.1999<\/td>\n<td><strong>Eric Alhanko<\/strong><\/td>\n<td>2<\/td>\n<td>J\u00e4rn 6<\/td>\n<td><\/td>\n<\/tr>\n<tr>\n<td>03.10.1998<\/td>\n<td><strong>Charles Wickman<\/strong><\/td>\n<td>6<\/td>\n<td>J\u00e4rn 6<\/td>\n<td><\/td>\n<\/tr>\n<tr>\n<td>01.09.1997<\/td>\n<td><strong>Leena Sch\u00fctt<\/strong><\/td>\n<td>6<\/td>\n<td>J\u00e4rn 7<\/td>\n<td><\/td>\n<\/tr>\n<\/tbody>\n<\/table>\n<\/figure>\n","protected":false},"excerpt":{"rendered":"<p>Datum Namn H\u00e5l Klubba Boll 20.10.2025 Kennet Pulkki (RuG) 8 Pitcher Taylor Made 04.09.2025 Boris Norstr\u00f6m (Hang\u00f6 Golf) 2 Hybrid Precept 14.08.2025 Anton Sandstr\u00f6m (Hang\u00f6 Golf) 17 J\u00e4rn 6 Srixon 13.07.2025 Kaarlo Lukkari (Hang\u00f6 Golf) 11 J\u00e4rn 8 01.07.2025 Jyrki Salmenkivi (Hang\u00f6 Golf) 11 29.03.2025 Sasu Raudas (Master Golf) 2 J\u00e4rn 8 Nike 11.10.2024 Kaarlo [&hellip;]<\/p>\n","protected":false},"author":1,"featured_media":0,"parent":619,"menu_order":63,"comment_status":"closed","ping_status":"closed","template":"","meta":{"_acf_changed":false,"footnotes":""},"folder":[],"class_list":["post-638","page","type-page","status-publish","hentry","has-blocks"],"acf":[],"_links":{"self":[{"href":"https:\/\/vanha.hangolf.fi\/sv\/wp-json\/wp\/v2\/pages\/638","targetHints":{"allow":["GET"]}}],"collection":[{"href":"https:\/\/vanha.hangolf.fi\/sv\/wp-json\/wp\/v2\/pages"}],"about":[{"href":"https:\/\/vanha.hangolf.fi\/sv\/wp-json\/wp\/v2\/types\/page"}],"author":[{"embeddable":true,"href":"https:\/\/vanha.hangolf.fi\/sv\/wp-json\/wp\/v2\/users\/1"}],"replies":[{"embeddable":true,"href":"https:\/\/vanha.hangolf.fi\/sv\/wp-json\/wp\/v2\/comments?post=638"}],"version-history":[{"count":88,"href":"https:\/\/vanha.hangolf.fi\/sv\/wp-json\/wp\/v2\/pages\/638\/revisions"}],"predecessor-version":[{"id":10807,"href":"https:\/\/vanha.hangolf.fi\/sv\/wp-json\/wp\/v2\/pages\/638\/revisions\/10807"}],"up":[{"embeddable":true,"href":"https:\/\/vanha.hangolf.fi\/sv\/wp-json\/wp\/v2\/pages\/619"}],"wp:attachment":[{"href":"https:\/\/vanha.hangolf.fi\/sv\/wp-json\/wp\/v2\/media?parent=638"}],"wp:term":[{"taxonomy":"folder","embeddable":true,"href":"https:\/\/vanha.hangolf.fi\/sv\/wp-json\/wp\/v2\/folder?post=638"}],"curies":[{"name":"wp","href":"https:\/\/api.w.org\/{rel}","templated":true}]}}