{"id":6349,"date":"2023-09-04T14:41:16","date_gmt":"2023-09-04T11:41:16","guid":{"rendered":"https:\/\/hangolf.fi\/?page_id=6349"},"modified":"2024-09-10T17:19:52","modified_gmt":"2024-09-10T14:19:52","slug":"banrekord","status":"publish","type":"page","link":"https:\/\/vanha.hangolf.fi\/sv\/banrekord\/","title":{"rendered":"Banrekord"},"content":{"rendered":"<div class=\"wp-block-media-text is-stacked-on-mobile is-vertically-aligned-bottom\" style=\"grid-template-columns:33% auto\">\n<figure class=\"wp-block-media-text__media\"><img loading=\"lazy\" decoding=\"async\" width=\"665\" height=\"804\" src=\"https:\/\/hangolf.fi\/wp-content\/uploads\/2019\/07\/tolvanen.jpg\" alt=\"\" class=\"wp-image-259 size-full\" srcset=\"https:\/\/vanha.hangolf.fi\/wp-content\/uploads\/2019\/07\/tolvanen.jpg 665w, https:\/\/vanha.hangolf.fi\/wp-content\/uploads\/2019\/07\/tolvanen-248x300.jpg 248w, https:\/\/vanha.hangolf.fi\/wp-content\/uploads\/2019\/07\/tolvanen-500x605.jpg 500w\" sizes=\"auto, (max-width: 665px) 100vw, 665px\" \/><\/figure>\n<div class=\"wp-block-media-text__content\">\n<p>Otto Tolvanen, StLG<\/p>\n<\/div>\n<\/div>\n<figure class=\"wp-block-table is-style-stripes\">\n<table>\n<tbody>\n<tr>\n<td><strong>Banrekord fr\u00e5n vit tee 2009  -&gt;<\/strong><\/td>\n<\/tr>\n<\/tbody>\n<\/table>\n<\/figure>\n<figure class=\"wp-block-table\">\n<table>\n<tbody>\n<tr>\n<td>18.05.2014<\/td>\n<td>Otto Tolvanen, StLG<\/td>\n<td>70<\/td>\n<\/tr>\n<tr>\n<td>26.08.2012<\/td>\n<td>Jani Haanp\u00e4\u00e4, HG<\/td>\n<td>74<\/td>\n<\/tr>\n<tr>\n<td>01.08.2010<\/td>\n<td>Risto Ketonen, RuG<\/td>\n<td>75<\/td>\n<\/tr>\n<tr>\n<td>01.08. 2009<\/td>\n<td>Leo Palin, HG<\/td>\n<td>76<\/td>\n<\/tr>\n<\/tbody>\n<\/table>\n<\/figure>\n<figure class=\"wp-block-table is-style-stripes\">\n<table>\n<tbody>\n<tr>\n<td><strong>Banrekord fr\u00e5n gul tee 2002 &#8211; 2008<\/strong><\/td>\n<\/tr>\n<\/tbody>\n<\/table>\n<\/figure>\n<figure class=\"wp-block-table\">\n<table>\n<tbody>\n<tr>\n<td>10.08.2008<\/td>\n<td>Leo Palin, HG<\/td>\n<td>72<\/td>\n<\/tr>\n<tr>\n<td>21.08.2005<\/td>\n<td>Bj\u00f6rn Peltonen, HG<\/td>\n<td>75<\/td>\n<\/tr>\n<tr>\n<td>08.05.2005<\/td>\n<td>Markus Lagerroos, HG<\/td>\n<td>77<\/td>\n<\/tr>\n<tr>\n<td>05.06.2004<\/td>\n<td>Bj\u00f6rn Schoultz, HG<\/td>\n<td>78<\/td>\n<\/tr>\n<tr>\n<td>07.09.2002<\/td>\n<td>Bj\u00f6rn Peltonen, HG<\/td>\n<td>79<\/td>\n<\/tr>\n<\/tbody>\n<\/table>\n<\/figure>\n<figure class=\"wp-block-table is-style-stripes\">\n<table>\n<tbody>\n<tr>\n<td><strong>Klubbm\u00e4sterskapsrekord herrar<\/strong><\/td>\n<\/tr>\n<\/tbody>\n<\/table>\n<\/figure>\n<div class=\"wp-block-columns is-layout-flex wp-container-core-columns-is-layout-9d6595d7 wp-block-columns-is-layout-flex\">\n<div class=\"wp-block-column is-layout-flow wp-block-column-is-layout-flow\" style=\"flex-basis:100%\">\n<figure class=\"wp-block-table\">\n<table>\n<tbody>\n<tr>\n<td>Vit tee<\/td>\n<td>17.08.2024<\/td>\n<td>Linus L\u00f6nnqvist<\/td>\n<td>71<\/td>\n<\/tr>\n<tr>\n<td>Gul tee<\/td>\n<td>16.08.2020<\/td>\n<td>Olli Jurvanen<\/td>\n<td>75<\/td>\n<\/tr>\n<tr>\n<td>Bl\u00e5 tee<\/td>\n<td>17.08.2024<\/td>\n<td>Janne Nevasuo<\/td>\n<td>78<\/td>\n<\/tr>\n<tr>\n<td>R\u00f6d tee<\/td>\n<td>14.08.2021<\/td>\n<td>Markku Rautomaa<\/td>\n<td>77<\/td>\n<\/tr>\n<\/tbody>\n<\/table>\n<\/figure>\n<\/div>\n<\/div>\n<figure class=\"wp-block-table is-style-stripes\">\n<table>\n<tbody>\n<tr>\n<td><strong>Klubbm\u00e4sterskapsrekord damer<\/strong><\/td>\n<\/tr>\n<\/tbody>\n<\/table>\n<\/figure>\n<figure class=\"wp-block-table\">\n<table>\n<tbody>\n<tr>\n<td>Gul tee<\/td>\n<td>21.08.2016<\/td>\n<td>Anna Happonen<\/td>\n<td>85<\/td>\n<\/tr>\n<tr>\n<td>Bl\u00e5 tee<\/td>\n<td>14.08.2021<\/td>\n<td>Mervi Nevasuo<\/td>\n<td>79<\/td>\n<\/tr>\n<tr>\n<td>R\u00f6d tee<\/td>\n<td>17.08.2024<\/td>\n<td>Catrine Nordstr\u00f6m<\/td>\n<td>78<\/td>\n<\/tr>\n<\/tbody>\n<\/table>\n<\/figure>\n","protected":false},"excerpt":{"rendered":"<p>Otto Tolvanen, StLG Banrekord fr\u00e5n vit tee 2009 -&gt; 18.05.2014 Otto Tolvanen, StLG 70 26.08.2012 Jani Haanp\u00e4\u00e4, HG 74 01.08.2010 Risto Ketonen, RuG 75 01.08. 2009 Leo Palin, HG 76 Banrekord fr\u00e5n gul tee 2002 &#8211; 2008 10.08.2008 Leo Palin, HG 72 21.08.2005 Bj\u00f6rn Peltonen, HG 75 08.05.2005 Markus Lagerroos, HG 77 05.06.2004 Bj\u00f6rn Schoultz, [&hellip;]<\/p>\n","protected":false},"author":6,"featured_media":0,"parent":0,"menu_order":0,"comment_status":"closed","ping_status":"closed","template":"","meta":{"_acf_changed":false,"footnotes":""},"folder":[],"class_list":["post-6349","page","type-page","status-publish","hentry","has-blocks"],"acf":[],"_links":{"self":[{"href":"https:\/\/vanha.hangolf.fi\/sv\/wp-json\/wp\/v2\/pages\/6349","targetHints":{"allow":["GET"]}}],"collection":[{"href":"https:\/\/vanha.hangolf.fi\/sv\/wp-json\/wp\/v2\/pages"}],"about":[{"href":"https:\/\/vanha.hangolf.fi\/sv\/wp-json\/wp\/v2\/types\/page"}],"author":[{"embeddable":true,"href":"https:\/\/vanha.hangolf.fi\/sv\/wp-json\/wp\/v2\/users\/6"}],"replies":[{"embeddable":true,"href":"https:\/\/vanha.hangolf.fi\/sv\/wp-json\/wp\/v2\/comments?post=6349"}],"version-history":[{"count":7,"href":"https:\/\/vanha.hangolf.fi\/sv\/wp-json\/wp\/v2\/pages\/6349\/revisions"}],"predecessor-version":[{"id":9265,"href":"https:\/\/vanha.hangolf.fi\/sv\/wp-json\/wp\/v2\/pages\/6349\/revisions\/9265"}],"wp:attachment":[{"href":"https:\/\/vanha.hangolf.fi\/sv\/wp-json\/wp\/v2\/media?parent=6349"}],"wp:term":[{"taxonomy":"folder","embeddable":true,"href":"https:\/\/vanha.hangolf.fi\/sv\/wp-json\/wp\/v2\/folder?post=6349"}],"curies":[{"name":"wp","href":"https:\/\/api.w.org\/{rel}","templated":true}]}}