{"id":631,"date":"2019-07-09T15:46:09","date_gmt":"2019-07-09T12:46:09","guid":{"rendered":"https:\/\/kund03.mrmedia.fi\/banan\/harava-bunkkerissa\/"},"modified":"2019-07-11T13:46:30","modified_gmt":"2019-07-11T10:46:30","slug":"krattan-i-sandbunkern","status":"publish","type":"page","link":"https:\/\/vanha.hangolf.fi\/sv\/banan\/krattan-i-sandbunkern\/","title":{"rendered":"Krattan i sandbunkern"},"content":{"rendered":"<p>L\u00e4mna krattan i bunkern <strong>tv\u00e4rs mot slaglinjen<\/strong>, s\u00e5 att den underl\u00e4ttar bansk\u00f6tseln och inte st\u00f6r spelet!<\/p>\n<p>R\u00e4tt placerad kratta i sandbunkern p\u00e5 h\u00e5l 5.<\/p>\n","protected":false},"excerpt":{"rendered":"<p>L\u00e4mna krattan i bunkern tv\u00e4rs mot slaglinjen, s\u00e5 att den underl\u00e4ttar bansk\u00f6tseln och inte st\u00f6r spelet! R\u00e4tt placerad kratta i sandbunkern p\u00e5 h\u00e5l 5.<\/p>\n","protected":false},"author":1,"featured_media":0,"parent":619,"menu_order":66,"comment_status":"closed","ping_status":"closed","template":"template_builder.php","meta":{"_acf_changed":false,"footnotes":""},"folder":[],"class_list":["post-631","page","type-page","status-publish","hentry","has-blocks"],"acf":[],"_links":{"self":[{"href":"https:\/\/vanha.hangolf.fi\/sv\/wp-json\/wp\/v2\/pages\/631","targetHints":{"allow":["GET"]}}],"collection":[{"href":"https:\/\/vanha.hangolf.fi\/sv\/wp-json\/wp\/v2\/pages"}],"about":[{"href":"https:\/\/vanha.hangolf.fi\/sv\/wp-json\/wp\/v2\/types\/page"}],"author":[{"embeddable":true,"href":"https:\/\/vanha.hangolf.fi\/sv\/wp-json\/wp\/v2\/users\/1"}],"replies":[{"embeddable":true,"href":"https:\/\/vanha.hangolf.fi\/sv\/wp-json\/wp\/v2\/comments?post=631"}],"version-history":[{"count":1,"href":"https:\/\/vanha.hangolf.fi\/sv\/wp-json\/wp\/v2\/pages\/631\/revisions"}],"predecessor-version":[{"id":8408,"href":"https:\/\/vanha.hangolf.fi\/sv\/wp-json\/wp\/v2\/pages\/631\/revisions\/8408"}],"up":[{"embeddable":true,"href":"https:\/\/vanha.hangolf.fi\/sv\/wp-json\/wp\/v2\/pages\/619"}],"wp:attachment":[{"href":"https:\/\/vanha.hangolf.fi\/sv\/wp-json\/wp\/v2\/media?parent=631"}],"wp:term":[{"taxonomy":"folder","embeddable":true,"href":"https:\/\/vanha.hangolf.fi\/sv\/wp-json\/wp\/v2\/folder?post=631"}],"curies":[{"name":"wp","href":"https:\/\/api.w.org\/{rel}","templated":true}]}}