{"id":6276,"date":"2023-08-04T18:13:55","date_gmt":"2023-08-04T15:13:55","guid":{"rendered":"https:\/\/hangolf.fi\/?page_id=6276"},"modified":"2025-07-14T22:36:36","modified_gmt":"2025-07-14T19:36:36","slug":"hangolfs-domare","status":"publish","type":"page","link":"https:\/\/vanha.hangolf.fi\/sv\/hangolfs-domare\/","title":{"rendered":"Domare 2025"},"content":{"rendered":"<\/p>\n<div class=\"wp-block-columns is-layout-flex wp-container-core-columns-is-layout-9d6595d7 wp-block-columns-is-layout-flex\">\n<div class=\"wp-block-column is-layout-flow wp-block-column-is-layout-flow\" style=\"flex-basis:66.66%\">\n<figure class=\"wp-block-table\">\n<table>\n<tbody>\n<tr>\n<td><strong>Namn<\/strong>:<\/td>\n<td><strong>Kort<\/strong>:<\/td>\n<td><strong>Ikraft<\/strong>:<\/td>\n<\/tr>\n<tr>\n<td><strong>Kimmo Rajatalo<\/strong><\/td>\n<td>Klubbdomare<\/td>\n<td>19.08.2025<\/td>\n<\/tr>\n<tr>\n<td><strong>Catrine Nordstr\u00f6m<\/strong><\/td>\n<td>Klubbdomare<\/td>\n<td>27.04.2026<\/td>\n<\/tr>\n<tr>\n<td><strong>Jani Haanp\u00e4\u00e4<\/strong><\/td>\n<td>Distriktsdomare<\/td>\n<td>27.05.2026<\/td>\n<\/tr>\n<tr>\n<td><strong>Markku Rouvala<\/strong><\/td>\n<td>Klubbdomare<\/td>\n<td>23.05.2027<\/td>\n<\/tr>\n<tr>\n<td><strong>Tapio J\u00e4rvinen<\/strong><\/td>\n<td>Distriktsdomare<\/td>\n<td>13.06.2027<\/td>\n<\/tr>\n<\/tbody>\n<\/table>\n<\/figure>\n<\/div>\n<div class=\"wp-block-column is-layout-flow wp-block-column-is-layout-flow\" style=\"flex-basis:33.33%\"><\/div>\n<\/div>\n","protected":false},"excerpt":{"rendered":"<p>Namn: Kort: Ikraft: Kimmo Rajatalo Klubbdomare 19.08.2025 Catrine Nordstr\u00f6m Klubbdomare 27.04.2026 Jani Haanp\u00e4\u00e4 Distriktsdomare 27.05.2026 Markku Rouvala Klubbdomare 23.05.2027 Tapio J\u00e4rvinen Distriktsdomare 13.06.2027<\/p>\n","protected":false},"author":6,"featured_media":0,"parent":0,"menu_order":0,"comment_status":"closed","ping_status":"closed","template":"","meta":{"_acf_changed":false,"footnotes":""},"folder":[],"class_list":["post-6276","page","type-page","status-publish","hentry","has-blocks"],"acf":[],"_links":{"self":[{"href":"https:\/\/vanha.hangolf.fi\/sv\/wp-json\/wp\/v2\/pages\/6276","targetHints":{"allow":["GET"]}}],"collection":[{"href":"https:\/\/vanha.hangolf.fi\/sv\/wp-json\/wp\/v2\/pages"}],"about":[{"href":"https:\/\/vanha.hangolf.fi\/sv\/wp-json\/wp\/v2\/types\/page"}],"author":[{"embeddable":true,"href":"https:\/\/vanha.hangolf.fi\/sv\/wp-json\/wp\/v2\/users\/6"}],"replies":[{"embeddable":true,"href":"https:\/\/vanha.hangolf.fi\/sv\/wp-json\/wp\/v2\/comments?post=6276"}],"version-history":[{"count":6,"href":"https:\/\/vanha.hangolf.fi\/sv\/wp-json\/wp\/v2\/pages\/6276\/revisions"}],"predecessor-version":[{"id":10557,"href":"https:\/\/vanha.hangolf.fi\/sv\/wp-json\/wp\/v2\/pages\/6276\/revisions\/10557"}],"wp:attachment":[{"href":"https:\/\/vanha.hangolf.fi\/sv\/wp-json\/wp\/v2\/media?parent=6276"}],"wp:term":[{"taxonomy":"folder","embeddable":true,"href":"https:\/\/vanha.hangolf.fi\/sv\/wp-json\/wp\/v2\/folder?post=6276"}],"curies":[{"name":"wp","href":"https:\/\/api.w.org\/{rel}","templated":true}]}}