{"id":621,"date":"2019-07-09T15:38:10","date_gmt":"2019-07-09T12:38:10","guid":{"rendered":"https:\/\/kund03.mrmedia.fi\/banan\/driving-range\/"},"modified":"2019-07-11T13:16:05","modified_gmt":"2019-07-11T10:16:05","slug":"driving-range","status":"publish","type":"page","link":"https:\/\/vanha.hangolf.fi\/sv\/banan\/driving-range\/","title":{"rendered":"Driving range"},"content":{"rendered":"<h2 class=\"wp-block-heading\">P\u00e5 Hang\u00f6 golf-bana finns det ett m\u00e5ngsidigt tr\u00e4ningsomr\u00e5de.<\/h2>\n<ul class=\"wp-block-list\">\n<li>Tr\u00e4ningsh\u00e5l<\/li>\n<li>Putt och -chip green<\/li>\n<li>Bunker<\/li>\n<li>Avst\u00e5ndsflaggor<\/li>\n<\/ul>\n","protected":false},"excerpt":{"rendered":"<p>P\u00e5 Hang\u00f6 golf-bana finns det ett m\u00e5ngsidigt tr\u00e4ningsomr\u00e5de. Tr\u00e4ningsh\u00e5l Putt och -chip green Bunker Avst\u00e5ndsflaggor<\/p>\n","protected":false},"author":1,"featured_media":0,"parent":619,"menu_order":68,"comment_status":"closed","ping_status":"closed","template":"template_builder.php","meta":{"_acf_changed":false,"footnotes":""},"folder":[],"class_list":["post-621","page","type-page","status-publish","hentry","has-blocks"],"acf":[],"_links":{"self":[{"href":"https:\/\/vanha.hangolf.fi\/sv\/wp-json\/wp\/v2\/pages\/621","targetHints":{"allow":["GET"]}}],"collection":[{"href":"https:\/\/vanha.hangolf.fi\/sv\/wp-json\/wp\/v2\/pages"}],"about":[{"href":"https:\/\/vanha.hangolf.fi\/sv\/wp-json\/wp\/v2\/types\/page"}],"author":[{"embeddable":true,"href":"https:\/\/vanha.hangolf.fi\/sv\/wp-json\/wp\/v2\/users\/1"}],"replies":[{"embeddable":true,"href":"https:\/\/vanha.hangolf.fi\/sv\/wp-json\/wp\/v2\/comments?post=621"}],"version-history":[{"count":0,"href":"https:\/\/vanha.hangolf.fi\/sv\/wp-json\/wp\/v2\/pages\/621\/revisions"}],"up":[{"embeddable":true,"href":"https:\/\/vanha.hangolf.fi\/sv\/wp-json\/wp\/v2\/pages\/619"}],"wp:attachment":[{"href":"https:\/\/vanha.hangolf.fi\/sv\/wp-json\/wp\/v2\/media?parent=621"}],"wp:term":[{"taxonomy":"folder","embeddable":true,"href":"https:\/\/vanha.hangolf.fi\/sv\/wp-json\/wp\/v2\/folder?post=621"}],"curies":[{"name":"wp","href":"https:\/\/api.w.org\/{rel}","templated":true}]}}