{"id":616,"date":"2019-07-10T14:38:41","date_gmt":"2019-07-10T11:38:41","guid":{"rendered":"https:\/\/kund03.mrmedia.fi\/medlemskap\/kommitteer\/seniorit\/"},"modified":"2025-08-02T08:08:55","modified_gmt":"2025-08-02T05:08:55","slug":"seniorer","status":"publish","type":"page","link":"https:\/\/vanha.hangolf.fi\/sv\/medlemskap\/kommitteer\/seniorer\/","title":{"rendered":"Seniorer"},"content":{"rendered":"<h2 class=\"wp-block-heading\">Seniorkommitt\u00e9n <\/h2>\n<p>Seniorkommitt\u00e9n ordnar golfevenemang, tr\u00e4ningar och utbildning f\u00f6r spelare i senior\u00e5ldern (50+). Regelbundna evenemang inkluderar veckospel och klubbmatcher med andra klubbar i regionen (V\u00e4stnyland). Seniorkommitt\u00e9n har 3\u20135 medlemmar.<\/p>\n<p><strong>Medlemmar:<\/strong><br \/>Kari Kollin (ordf.)<br \/>Hannu Himanen<br \/>Leif Holmstr\u00f6m<br \/>Mikko Horsma<br \/>Carl-Erik S\u00f6derling<\/p>\n<h2 class=\"wp-block-heading\">Seniors\u00e4songen drar ig\u00e5ng i v\u00e4lbekanta tecken<\/h2>\n<p>Seniorspelarnas veckospel startar torsdagen den 8 maj kl. 10 med en samstart. Efter rundan bjuds det p\u00e5 kaffe och bulle och s\u00e4songens utsikter diskuteras. Sommarens klubbmatcher inleds m\u00e5ndagen den 3 juni i Eken\u00e4s. S\u00e4songens kalender finns via<strong><mark style=\"background-color:rgba(0, 0, 0, 0)\" class=\"has-inline-color has-vivid-green-cyan-color\"> <\/mark><a href=\"https:\/\/hangolf.fi\/wp-content\/uploads\/2025\/05\/HGseniorikalenteriILMOITUS25may04.pdf\"><mark style=\"background-color:rgba(0, 0, 0, 0)\" class=\"has-inline-color has-vivid-green-cyan-color\"><u>denna l\u00e4nk<\/u><\/mark><\/a><\/strong> samt p\u00e5 klubbhusets anslagstavla.<\/p>\n<p>Enligt traditionen \u00e4r de tv\u00e5 f\u00f6rsta omg\u00e5ngarna tr\u00e4ningsrundor, och resultaten bokf\u00f6rs endast om spelaren sj\u00e4lv vill det. I \u00f6vrigt f\u00f6ljer kalendern samma uppl\u00e4gg som tidigare \u00e5r. De tre f\u00f6rsta t\u00e4vlingarna b\u00f6rjar kl. 10, d\u00e4refter startar vi kl. 9. I slutet av s\u00e4songen, i september, \u00e5terg\u00e5r vi till starttid kl. 10. Tiderna f\u00f6r alla klubbmatcher \u00e4r redan fastst\u00e4llda och framg\u00e5r av kalendern.<\/p>\n<p>Alla som anv\u00e4nder en smartphone rekommenderas att ladda ner NexGolf-appen. Fr\u00e5n och med denna s\u00e4song anv\u00e4nder klubben NexGolfs digitala scorekort (Mobile Scores), som anv\u00e4nds i alla t\u00e4vlingar under s\u00e4songen. Det digitala kortet \u00e4r l\u00e4tt att anv\u00e4nda och det l\u00f6nar sig att bekanta sig med den redan i b\u00f6rjan av s\u00e4songen. Det digitala scorekortet underl\u00e4ttar Caddiemasterns arbete och snabbar upp resultatrapporteringen. NexGolf-appen g\u00f6r det ocks\u00e5 enklare och snabbare att boka starttider.<\/p>\n<p>Kari Kollin har b\u00f6rjat som ordf\u00f6rande f\u00f6r seniorkommitt\u00e9n. Namnen och kontaktuppgifterna till kommitt\u00e9ns medlemmar finns p\u00e5 hemsidan och p\u00e5 klubbhusets anslagstavla.<\/p>\n<p>Vi \u00f6nskar alla en trevlig golfs\u00e4song!<\/p>\n<p><strong>Hannu Himanen<\/strong><\/p>\n<figure class=\"wp-block-gallery has-nested-images columns-default is-cropped wp-block-gallery-1 is-layout-flex wp-block-gallery-is-layout-flex\"><\/figure>\n","protected":false},"excerpt":{"rendered":"<p>Seniorkommitt\u00e9n Seniorkommitt\u00e9n ordnar golfevenemang, tr\u00e4ningar och utbildning f\u00f6r spelare i senior\u00e5ldern (50+). Regelbundna evenemang inkluderar veckospel och klubbmatcher med andra klubbar i regionen (V\u00e4stnyland). Seniorkommitt\u00e9n har 3\u20135 medlemmar. Medlemmar:Kari Kollin (ordf.)Hannu HimanenLeif Holmstr\u00f6mMikko HorsmaCarl-Erik S\u00f6derling Seniors\u00e4songen drar ig\u00e5ng i v\u00e4lbekanta tecken Seniorspelarnas veckospel startar torsdagen den 8 maj kl. 10 med en samstart. Efter rundan [&hellip;]<\/p>\n","protected":false},"author":1,"featured_media":0,"parent":589,"menu_order":45,"comment_status":"closed","ping_status":"closed","template":"template_builder.php","meta":{"_acf_changed":false,"footnotes":""},"folder":[],"class_list":["post-616","page","type-page","status-publish","hentry","has-blocks"],"acf":[],"_links":{"self":[{"href":"https:\/\/vanha.hangolf.fi\/sv\/wp-json\/wp\/v2\/pages\/616","targetHints":{"allow":["GET"]}}],"collection":[{"href":"https:\/\/vanha.hangolf.fi\/sv\/wp-json\/wp\/v2\/pages"}],"about":[{"href":"https:\/\/vanha.hangolf.fi\/sv\/wp-json\/wp\/v2\/types\/page"}],"author":[{"embeddable":true,"href":"https:\/\/vanha.hangolf.fi\/sv\/wp-json\/wp\/v2\/users\/1"}],"replies":[{"embeddable":true,"href":"https:\/\/vanha.hangolf.fi\/sv\/wp-json\/wp\/v2\/comments?post=616"}],"version-history":[{"count":52,"href":"https:\/\/vanha.hangolf.fi\/sv\/wp-json\/wp\/v2\/pages\/616\/revisions"}],"predecessor-version":[{"id":10649,"href":"https:\/\/vanha.hangolf.fi\/sv\/wp-json\/wp\/v2\/pages\/616\/revisions\/10649"}],"up":[{"embeddable":true,"href":"https:\/\/vanha.hangolf.fi\/sv\/wp-json\/wp\/v2\/pages\/589"}],"wp:attachment":[{"href":"https:\/\/vanha.hangolf.fi\/sv\/wp-json\/wp\/v2\/media?parent=616"}],"wp:term":[{"taxonomy":"folder","embeddable":true,"href":"https:\/\/vanha.hangolf.fi\/sv\/wp-json\/wp\/v2\/folder?post=616"}],"curies":[{"name":"wp","href":"https:\/\/api.w.org\/{rel}","templated":true}]}}