{"id":611,"date":"2019-07-10T14:09:54","date_gmt":"2019-07-10T11:09:54","guid":{"rendered":"https:\/\/kund03.mrmedia.fi\/medlemskap\/kommitteer\/naiset\/"},"modified":"2024-11-11T09:06:36","modified_gmt":"2024-11-11T07:06:36","slug":"damer","status":"publish","type":"page","link":"https:\/\/vanha.hangolf.fi\/sv\/medlemskap\/kommitteer\/damer\/","title":{"rendered":"Damkommitt\u00e9"},"content":{"rendered":"<p>Catrine Nordstr\u00f6m (ordf.), Kristina Nordstr\u00f6m, Riitta Penttil\u00e4, Leena Sch\u00fctt<\/p><\/p>\n","protected":false},"excerpt":{"rendered":"<p>Catrine Nordstr\u00f6m (ordf.), Kristina Nordstr\u00f6m, Riitta Penttil\u00e4, Leena Sch\u00fctt<\/p>\n","protected":false},"author":1,"featured_media":0,"parent":589,"menu_order":49,"comment_status":"closed","ping_status":"closed","template":"template_builder.php","meta":{"_acf_changed":false,"footnotes":""},"folder":[],"class_list":["post-611","page","type-page","status-publish","hentry","has-blocks"],"acf":[],"_links":{"self":[{"href":"https:\/\/vanha.hangolf.fi\/sv\/wp-json\/wp\/v2\/pages\/611","targetHints":{"allow":["GET"]}}],"collection":[{"href":"https:\/\/vanha.hangolf.fi\/sv\/wp-json\/wp\/v2\/pages"}],"about":[{"href":"https:\/\/vanha.hangolf.fi\/sv\/wp-json\/wp\/v2\/types\/page"}],"author":[{"embeddable":true,"href":"https:\/\/vanha.hangolf.fi\/sv\/wp-json\/wp\/v2\/users\/1"}],"replies":[{"embeddable":true,"href":"https:\/\/vanha.hangolf.fi\/sv\/wp-json\/wp\/v2\/comments?post=611"}],"version-history":[{"count":22,"href":"https:\/\/vanha.hangolf.fi\/sv\/wp-json\/wp\/v2\/pages\/611\/revisions"}],"predecessor-version":[{"id":9774,"href":"https:\/\/vanha.hangolf.fi\/sv\/wp-json\/wp\/v2\/pages\/611\/revisions\/9774"}],"up":[{"embeddable":true,"href":"https:\/\/vanha.hangolf.fi\/sv\/wp-json\/wp\/v2\/pages\/589"}],"wp:attachment":[{"href":"https:\/\/vanha.hangolf.fi\/sv\/wp-json\/wp\/v2\/media?parent=611"}],"wp:term":[{"taxonomy":"folder","embeddable":true,"href":"https:\/\/vanha.hangolf.fi\/sv\/wp-json\/wp\/v2\/folder?post=611"}],"curies":[{"name":"wp","href":"https:\/\/api.w.org\/{rel}","templated":true}]}}