{"id":604,"date":"2019-07-10T14:43:51","date_gmt":"2019-07-10T11:43:51","guid":{"rendered":"https:\/\/kund03.mrmedia.fi\/medlemskap\/kommitteer\/kilpailutoimikunta\/"},"modified":"2025-07-30T18:09:50","modified_gmt":"2025-07-30T15:09:50","slug":"tavlingskommitten","status":"publish","type":"page","link":"https:\/\/vanha.hangolf.fi\/sv\/medlemskap\/kommitteer\/tavlingskommitten\/","title":{"rendered":"T\u00e4vlings- &#038; HCP-kommitt\u00e9er"},"content":{"rendered":"<p>T\u00e4vling- och handicapkommitt\u00e9n ordnar t\u00e4vlingar och beslutar om t\u00e4vlingsspecifika regler, till exempel eventuell till\u00e4mpning av l\u00e4gesf\u00f6rb\u00e4ttring. Vid behov hj\u00e4lper kommitt\u00e9n till med att ordna f\u00f6retags- och sponsort\u00e4vlingar. Kommitt\u00e9n assisterar medlemmarna med fr\u00e5gor som r\u00f6r handicap och s\u00e4kerst\u00e4ller att Finlands Golff\u00f6rbunds handicapbest\u00e4mmelser f\u00f6ljs i klubbens t\u00e4vlingsverksamhet. T\u00e4vling- och handicapkommitt\u00e9n har 3\u20136 medlemmar.<\/p>\n<p><strong>Medlemmar:<\/strong><br \/>Kimmo Rajatalo, kapten (ordf.)<br \/>Markku Muuronen<br \/>Catherine Nordstr\u00f6m, ladykapten<br \/>Nipa Ronikonm\u00e4ki<br \/>Jani Haanp\u00e4\u00e4<br \/>Markku Rouvala<br \/>Tapio J\u00e4rvinen<\/p><\/p>\n","protected":false},"excerpt":{"rendered":"<p>T\u00e4vling- och handicapkommitt\u00e9n ordnar t\u00e4vlingar och beslutar om t\u00e4vlingsspecifika regler, till exempel eventuell till\u00e4mpning av l\u00e4gesf\u00f6rb\u00e4ttring. Vid behov hj\u00e4lper kommitt\u00e9n till med att ordna f\u00f6retags- och sponsort\u00e4vlingar. Kommitt\u00e9n assisterar medlemmarna med fr\u00e5gor som r\u00f6r handicap och s\u00e4kerst\u00e4ller att Finlands Golff\u00f6rbunds handicapbest\u00e4mmelser f\u00f6ljs i klubbens t\u00e4vlingsverksamhet. T\u00e4vling- och handicapkommitt\u00e9n har 3\u20136 medlemmar. Medlemmar:Kimmo Rajatalo, kapten (ordf.)Markku [&hellip;]<\/p>\n","protected":false},"author":1,"featured_media":0,"parent":589,"menu_order":43,"comment_status":"closed","ping_status":"closed","template":"template_builder.php","meta":{"_acf_changed":false,"footnotes":""},"folder":[],"class_list":["post-604","page","type-page","status-publish","hentry","has-blocks"],"acf":[],"_links":{"self":[{"href":"https:\/\/vanha.hangolf.fi\/sv\/wp-json\/wp\/v2\/pages\/604","targetHints":{"allow":["GET"]}}],"collection":[{"href":"https:\/\/vanha.hangolf.fi\/sv\/wp-json\/wp\/v2\/pages"}],"about":[{"href":"https:\/\/vanha.hangolf.fi\/sv\/wp-json\/wp\/v2\/types\/page"}],"author":[{"embeddable":true,"href":"https:\/\/vanha.hangolf.fi\/sv\/wp-json\/wp\/v2\/users\/1"}],"replies":[{"embeddable":true,"href":"https:\/\/vanha.hangolf.fi\/sv\/wp-json\/wp\/v2\/comments?post=604"}],"version-history":[{"count":36,"href":"https:\/\/vanha.hangolf.fi\/sv\/wp-json\/wp\/v2\/pages\/604\/revisions"}],"predecessor-version":[{"id":10632,"href":"https:\/\/vanha.hangolf.fi\/sv\/wp-json\/wp\/v2\/pages\/604\/revisions\/10632"}],"up":[{"embeddable":true,"href":"https:\/\/vanha.hangolf.fi\/sv\/wp-json\/wp\/v2\/pages\/589"}],"wp:attachment":[{"href":"https:\/\/vanha.hangolf.fi\/sv\/wp-json\/wp\/v2\/media?parent=604"}],"wp:term":[{"taxonomy":"folder","embeddable":true,"href":"https:\/\/vanha.hangolf.fi\/sv\/wp-json\/wp\/v2\/folder?post=604"}],"curies":[{"name":"wp","href":"https:\/\/api.w.org\/{rel}","templated":true}]}}