{"id":601,"date":"2019-07-10T14:50:02","date_gmt":"2019-07-10T11:50:02","guid":{"rendered":"https:\/\/kund03.mrmedia.fi\/medlemskap\/kommitteer\/kenttatoimikunta\/"},"modified":"2025-07-30T18:08:13","modified_gmt":"2025-07-30T15:08:13","slug":"bankommitten","status":"publish","type":"page","link":"https:\/\/vanha.hangolf.fi\/sv\/medlemskap\/kommitteer\/bankommitten\/","title":{"rendered":"Bankommitt\u00e9"},"content":{"rendered":"<p>Bankommitt\u00e9n deltar i uppf\u00f6ljningen, underh\u00e5llet och utvecklingen av banans skick i n\u00e4ra samarbete med banbolagets styrelse, banarbetsgruppen och banm\u00e4staren. Den ordnar frivilliga banv\u00e5rdsinsatser i samarbete med banm\u00e4staren. Kommitt\u00e9n samlar in och behandlar medlemmarnas id\u00e9er och initiativ f\u00f6r att utveckla banan. Bankommitt\u00e9n ansvarar f\u00f6r lokala regler, som m\u00e5ste f\u00f6lja de internationella golfreglerna och f\u00f6rbundets f\u00f6reskrifter. Den s\u00e4kerst\u00e4ller att banans markeringar och p\u00e5lar h\u00e5lls uppdaterade och enligt reglerna i samarbete med banm\u00e4staren. Bankommitt\u00e9n har 3\u20135 medlemmar.<\/p>\n<p><strong>Medlemmar:<\/strong><br \/>Antti Rovamaa (ordf.)<br \/>Hannu Himanen<br \/>Raimo Mustakangas<br \/>Catrine Nordstr\u00f6m<\/p>\n","protected":false},"excerpt":{"rendered":"<p>Bankommitt\u00e9n deltar i uppf\u00f6ljningen, underh\u00e5llet och utvecklingen av banans skick i n\u00e4ra samarbete med banbolagets styrelse, banarbetsgruppen och banm\u00e4staren. Den ordnar frivilliga banv\u00e5rdsinsatser i samarbete med banm\u00e4staren. Kommitt\u00e9n samlar in och behandlar medlemmarnas id\u00e9er och initiativ f\u00f6r att utveckla banan. Bankommitt\u00e9n ansvarar f\u00f6r lokala regler, som m\u00e5ste f\u00f6lja de internationella golfreglerna och f\u00f6rbundets f\u00f6reskrifter. Den [&hellip;]<\/p>\n","protected":false},"author":1,"featured_media":0,"parent":589,"menu_order":41,"comment_status":"closed","ping_status":"closed","template":"template_builder.php","meta":{"_acf_changed":false,"footnotes":""},"folder":[],"class_list":["post-601","page","type-page","status-publish","hentry","has-blocks"],"acf":[],"_links":{"self":[{"href":"https:\/\/vanha.hangolf.fi\/sv\/wp-json\/wp\/v2\/pages\/601","targetHints":{"allow":["GET"]}}],"collection":[{"href":"https:\/\/vanha.hangolf.fi\/sv\/wp-json\/wp\/v2\/pages"}],"about":[{"href":"https:\/\/vanha.hangolf.fi\/sv\/wp-json\/wp\/v2\/types\/page"}],"author":[{"embeddable":true,"href":"https:\/\/vanha.hangolf.fi\/sv\/wp-json\/wp\/v2\/users\/1"}],"replies":[{"embeddable":true,"href":"https:\/\/vanha.hangolf.fi\/sv\/wp-json\/wp\/v2\/comments?post=601"}],"version-history":[{"count":40,"href":"https:\/\/vanha.hangolf.fi\/sv\/wp-json\/wp\/v2\/pages\/601\/revisions"}],"predecessor-version":[{"id":10629,"href":"https:\/\/vanha.hangolf.fi\/sv\/wp-json\/wp\/v2\/pages\/601\/revisions\/10629"}],"up":[{"embeddable":true,"href":"https:\/\/vanha.hangolf.fi\/sv\/wp-json\/wp\/v2\/pages\/589"}],"wp:attachment":[{"href":"https:\/\/vanha.hangolf.fi\/sv\/wp-json\/wp\/v2\/media?parent=601"}],"wp:term":[{"taxonomy":"folder","embeddable":true,"href":"https:\/\/vanha.hangolf.fi\/sv\/wp-json\/wp\/v2\/folder?post=601"}],"curies":[{"name":"wp","href":"https:\/\/api.w.org\/{rel}","templated":true}]}}