{"id":596,"date":"2019-07-10T14:30:21","date_gmt":"2019-07-10T11:30:21","guid":{"rendered":"https:\/\/kund03.mrmedia.fi\/medlemskap\/kommitteer\/juniorit\/"},"modified":"2025-07-30T18:42:20","modified_gmt":"2025-07-30T15:42:20","slug":"juniorer","status":"publish","type":"page","link":"https:\/\/vanha.hangolf.fi\/sv\/medlemskap\/kommitteer\/juniorer\/","title":{"rendered":"Juniorer"},"content":{"rendered":"<p>Juniorkommitt\u00e9ns centrala uppgift \u00e4r att s\u00e4kerst\u00e4lla klubbens \u00e5terv\u00e4xt genom att locka unga att b\u00f6rja med golf. Kommitt\u00e9n ansvarar f\u00f6r v\u00e4gledning och tr\u00e4ning f\u00f6r juniorer (under 21 \u00e5r), s\u00e5 att nyb\u00f6rjare f\u00e5r en introduktion till grunderna i golf. <\/p>\n<p>Kommitt\u00e9n ordnar ocks\u00e5 tr\u00e4ningar, evenemang och t\u00e4vlingar som intresserar juniorer. S\u00e4rskild uppm\u00e4rksamhet \u00e4gnas \u00e5t s\u00e4kerhet, kunskap om golfregler och uppf\u00f6rande. Kommitt\u00e9n samarbetar med Hang\u00f6 stads ungdoms- och idrottsv\u00e4sende samt med skolor i Hang\u00f6. Juniorkommitt\u00e9n har 3\u20134 medlemmar.<\/p>\n<p><strong>Medlemmar:<\/strong><br \/>Raimo Mustakangas (ordf.)<br \/>Bj\u00f6rn Peltonen<br \/>Leena Sch\u00fctt<\/p>\n<h3 class=\"wp-block-heading\">Information<\/h3>\n<p>Information ges via v\u00e5ra hemsidor <a href=\"https:\/\/hangol.fi\/\">hangolf.fi<\/a> och anslagstavlan p\u00e5 banan. Alla Hang\u00f6 Golf rf:s medlemmar under 21 \u00e5r \u00e4r juniorer. Medlemsavgiften \u00e4r 25 \u20ac, juniorerna betalar inte anslutningsavgift. Obs, n\u00e4r du betalar medlemsavgiften, f\u00e5r du gratis den ovanst\u00e5ende tr\u00e4ningen och f\u00f6rs\u00e4kringen tr\u00e4der i kraft.<\/p>\n<p>Medlemsavgiften betalas till Hang\u00f6 Golf rf:s konto: FI25 201238 000 11385.<\/p>\n<p>Spelr\u00e4tten f\u00f6r aktie\u00e4garens junior under 18 \u00e5r \u00e4r 50 \u20ac och f\u00f6r de \u00f6vriga 100 \u20ac. Juniorer med spelr\u00e4tt kan spela p\u00e5 Hang\u00f6 golfbana s\u00e5 ofta de vill. Tiden b\u00f6r alltid bokas via caddiemaster.<\/p>\n<p>Juniorspelr\u00e4tterna betalas till Oy Han-Golf Ab:s konto: FI66 5549 8320 0093 01. <\/p>\n<div class=\"wp-block-image\">\n<figure class=\"alignleft size-large\"><img loading=\"lazy\" decoding=\"async\" width=\"724\" height=\"1024\" src=\"https:\/\/hangolf.fi\/wp-content\/uploads\/2025\/05\/HanGolf_junnukutsu_sve_2025-724x1024.jpg\" alt=\"\" class=\"wp-image-10440\" srcset=\"https:\/\/vanha.hangolf.fi\/wp-content\/uploads\/2025\/05\/HanGolf_junnukutsu_sve_2025-724x1024.jpg 724w, https:\/\/vanha.hangolf.fi\/wp-content\/uploads\/2025\/05\/HanGolf_junnukutsu_sve_2025-212x300.jpg 212w, https:\/\/vanha.hangolf.fi\/wp-content\/uploads\/2025\/05\/HanGolf_junnukutsu_sve_2025-768x1086.jpg 768w, https:\/\/vanha.hangolf.fi\/wp-content\/uploads\/2025\/05\/HanGolf_junnukutsu_sve_2025-1086x1536.jpg 1086w, https:\/\/vanha.hangolf.fi\/wp-content\/uploads\/2025\/05\/HanGolf_junnukutsu_sve_2025-1448x2048.jpg 1448w, https:\/\/vanha.hangolf.fi\/wp-content\/uploads\/2025\/05\/HanGolf_junnukutsu_sve_2025-1200x1697.jpg 1200w, https:\/\/vanha.hangolf.fi\/wp-content\/uploads\/2025\/05\/HanGolf_junnukutsu_sve_2025-800x1131.jpg 800w, https:\/\/vanha.hangolf.fi\/wp-content\/uploads\/2025\/05\/HanGolf_junnukutsu_sve_2025-500x707.jpg 500w, https:\/\/vanha.hangolf.fi\/wp-content\/uploads\/2025\/05\/HanGolf_junnukutsu_sve_2025.jpg 1654w\" sizes=\"auto, (max-width: 724px) 100vw, 724px\" \/><\/figure>\n<\/div>\n","protected":false},"excerpt":{"rendered":"<p>Juniorkommitt\u00e9ns centrala uppgift \u00e4r att s\u00e4kerst\u00e4lla klubbens \u00e5terv\u00e4xt genom att locka unga att b\u00f6rja med golf. Kommitt\u00e9n ansvarar f\u00f6r v\u00e4gledning och tr\u00e4ning f\u00f6r juniorer (under 21 \u00e5r), s\u00e5 att nyb\u00f6rjare f\u00e5r en introduktion till grunderna i golf. Kommitt\u00e9n ordnar ocks\u00e5 tr\u00e4ningar, evenemang och t\u00e4vlingar som intresserar juniorer. S\u00e4rskild uppm\u00e4rksamhet \u00e4gnas \u00e5t s\u00e4kerhet, kunskap om golfregler [&hellip;]<\/p>\n","protected":false},"author":1,"featured_media":0,"parent":589,"menu_order":47,"comment_status":"closed","ping_status":"closed","template":"template_builder.php","meta":{"_acf_changed":false,"footnotes":""},"folder":[],"class_list":["post-596","page","type-page","status-publish","hentry","has-blocks"],"acf":[],"_links":{"self":[{"href":"https:\/\/vanha.hangolf.fi\/sv\/wp-json\/wp\/v2\/pages\/596","targetHints":{"allow":["GET"]}}],"collection":[{"href":"https:\/\/vanha.hangolf.fi\/sv\/wp-json\/wp\/v2\/pages"}],"about":[{"href":"https:\/\/vanha.hangolf.fi\/sv\/wp-json\/wp\/v2\/types\/page"}],"author":[{"embeddable":true,"href":"https:\/\/vanha.hangolf.fi\/sv\/wp-json\/wp\/v2\/users\/1"}],"replies":[{"embeddable":true,"href":"https:\/\/vanha.hangolf.fi\/sv\/wp-json\/wp\/v2\/comments?post=596"}],"version-history":[{"count":78,"href":"https:\/\/vanha.hangolf.fi\/sv\/wp-json\/wp\/v2\/pages\/596\/revisions"}],"predecessor-version":[{"id":10642,"href":"https:\/\/vanha.hangolf.fi\/sv\/wp-json\/wp\/v2\/pages\/596\/revisions\/10642"}],"up":[{"embeddable":true,"href":"https:\/\/vanha.hangolf.fi\/sv\/wp-json\/wp\/v2\/pages\/589"}],"wp:attachment":[{"href":"https:\/\/vanha.hangolf.fi\/sv\/wp-json\/wp\/v2\/media?parent=596"}],"wp:term":[{"taxonomy":"folder","embeddable":true,"href":"https:\/\/vanha.hangolf.fi\/sv\/wp-json\/wp\/v2\/folder?post=596"}],"curies":[{"name":"wp","href":"https:\/\/api.w.org\/{rel}","templated":true}]}}