{"id":589,"date":"2019-07-05T15:45:01","date_gmt":"2019-07-05T12:45:01","guid":{"rendered":"https:\/\/kund03.mrmedia.fi\/medlemskap\/toimikunnat\/"},"modified":"2024-02-17T13:36:27","modified_gmt":"2024-02-17T11:36:27","slug":"kommitteer","status":"publish","type":"page","link":"https:\/\/vanha.hangolf.fi\/sv\/medlemskap\/kommitteer\/","title":{"rendered":"Kommitt\u00e9er"},"content":{"rendered":"<p>Han-Golf kommitt\u00e9er: Ladies, juniorer, seniorer, t\u00e4vlingskommitt\u00e9n, bankommitt\u00e9n, herrkommitt\u00e9n<\/p>\n","protected":false},"excerpt":{"rendered":"<p>Han-Golf kommitt\u00e9er: Ladies, juniorer, seniorer, t\u00e4vlingskommitt\u00e9n, bankommitt\u00e9n, herrkommitt\u00e9n<\/p>\n","protected":false},"author":1,"featured_media":0,"parent":582,"menu_order":93,"comment_status":"closed","ping_status":"closed","template":"template_builder.php","meta":{"_acf_changed":false,"footnotes":""},"folder":[],"class_list":["post-589","page","type-page","status-publish","hentry","has-blocks"],"acf":[],"_links":{"self":[{"href":"https:\/\/vanha.hangolf.fi\/sv\/wp-json\/wp\/v2\/pages\/589","targetHints":{"allow":["GET"]}}],"collection":[{"href":"https:\/\/vanha.hangolf.fi\/sv\/wp-json\/wp\/v2\/pages"}],"about":[{"href":"https:\/\/vanha.hangolf.fi\/sv\/wp-json\/wp\/v2\/types\/page"}],"author":[{"embeddable":true,"href":"https:\/\/vanha.hangolf.fi\/sv\/wp-json\/wp\/v2\/users\/1"}],"replies":[{"embeddable":true,"href":"https:\/\/vanha.hangolf.fi\/sv\/wp-json\/wp\/v2\/comments?post=589"}],"version-history":[{"count":21,"href":"https:\/\/vanha.hangolf.fi\/sv\/wp-json\/wp\/v2\/pages\/589\/revisions"}],"predecessor-version":[{"id":7873,"href":"https:\/\/vanha.hangolf.fi\/sv\/wp-json\/wp\/v2\/pages\/589\/revisions\/7873"}],"up":[{"embeddable":true,"href":"https:\/\/vanha.hangolf.fi\/sv\/wp-json\/wp\/v2\/pages\/582"}],"wp:attachment":[{"href":"https:\/\/vanha.hangolf.fi\/sv\/wp-json\/wp\/v2\/media?parent=589"}],"wp:term":[{"taxonomy":"folder","embeddable":true,"href":"https:\/\/vanha.hangolf.fi\/sv\/wp-json\/wp\/v2\/folder?post=589"}],"curies":[{"name":"wp","href":"https:\/\/api.w.org\/{rel}","templated":true}]}}