{"id":569,"date":"2019-06-19T10:04:41","date_gmt":"2019-06-19T10:04:41","guid":{"rendered":"https:\/\/kund03.mrmedia.fi\/etusivu\/"},"modified":"2025-04-28T20:19:46","modified_gmt":"2025-04-28T17:19:46","slug":"etusivu","status":"publish","type":"page","link":"https:\/\/vanha.hangolf.fi\/sv\/","title":{"rendered":"Framsida"},"content":{"rendered":"<h1 class=\"has-text-align-center wp-block-heading\">HanGolf, <br \/>Finlands sydligaste golfbana<\/h1>\n<p class=\"has-text-align-center\">  Hang\u00f6 golfbana ligger i T\u00e4ktom, 7 kilometer fr\u00e5n Hang\u00f6 centrum. Finlands sydligaste golfbana \u00e4r anlagd i ett vackert skogslandskap, i en lugn och idyllisk milj\u00f6. H\u00e5len 1-9 \u00e4r bel\u00e4gna i skogslandskap, h\u00e5len 10-18 \u00e4r parkartade. I det idylliska och hemtrevliga klubbhuset finns Caddiemaster, caf\u00e9, Pro shop, omkl\u00e4dningsrum (duschar och bastu) samt en stor terrass.<\/p>\n","protected":false},"excerpt":{"rendered":"<p>HanGolf, Finlands sydligaste golfbana Hang\u00f6 golfbana ligger i T\u00e4ktom, 7 kilometer fr\u00e5n Hang\u00f6 centrum. Finlands sydligaste golfbana \u00e4r anlagd i ett vackert skogslandskap, i en lugn och idyllisk milj\u00f6. H\u00e5len 1-9 \u00e4r bel\u00e4gna i skogslandskap, h\u00e5len 10-18 \u00e4r parkartade. I det idylliska och hemtrevliga klubbhuset finns Caddiemaster, caf\u00e9, Pro shop, omkl\u00e4dningsrum (duschar och bastu) samt [&hellip;]<\/p>\n","protected":false},"author":1,"featured_media":0,"parent":0,"menu_order":113,"comment_status":"closed","ping_status":"closed","template":"template_builder.php","meta":{"_acf_changed":false,"footnotes":""},"folder":[],"class_list":["post-569","page","type-page","status-publish","hentry","has-blocks"],"acf":[],"_links":{"self":[{"href":"https:\/\/vanha.hangolf.fi\/sv\/wp-json\/wp\/v2\/pages\/569","targetHints":{"allow":["GET"]}}],"collection":[{"href":"https:\/\/vanha.hangolf.fi\/sv\/wp-json\/wp\/v2\/pages"}],"about":[{"href":"https:\/\/vanha.hangolf.fi\/sv\/wp-json\/wp\/v2\/types\/page"}],"author":[{"embeddable":true,"href":"https:\/\/vanha.hangolf.fi\/sv\/wp-json\/wp\/v2\/users\/1"}],"replies":[{"embeddable":true,"href":"https:\/\/vanha.hangolf.fi\/sv\/wp-json\/wp\/v2\/comments?post=569"}],"version-history":[{"count":58,"href":"https:\/\/vanha.hangolf.fi\/sv\/wp-json\/wp\/v2\/pages\/569\/revisions"}],"predecessor-version":[{"id":10363,"href":"https:\/\/vanha.hangolf.fi\/sv\/wp-json\/wp\/v2\/pages\/569\/revisions\/10363"}],"wp:attachment":[{"href":"https:\/\/vanha.hangolf.fi\/sv\/wp-json\/wp\/v2\/media?parent=569"}],"wp:term":[{"taxonomy":"folder","embeddable":true,"href":"https:\/\/vanha.hangolf.fi\/sv\/wp-json\/wp\/v2\/folder?post=569"}],"curies":[{"name":"wp","href":"https:\/\/api.w.org\/{rel}","templated":true}]}}