{"id":4435,"date":"2022-02-13T21:20:23","date_gmt":"2022-02-13T19:20:23","guid":{"rendered":"https:\/\/hangolf.fi\/?page_id=4435"},"modified":"2022-03-18T21:04:44","modified_gmt":"2022-03-18T19:04:44","slug":"golfbilar","status":"publish","type":"page","link":"https:\/\/vanha.hangolf.fi\/sv\/golfbilar\/","title":{"rendered":"Golfbilar"},"content":{"rendered":"<p>Vi har 9 golfbilar till uthyrning. Det l\u00f6nar sig alltid att boka golfbilen i samband med tidsbokningen. Bilbokningen avbokas automatiskt ifall det \u00e4r bilf\u00f6rbud p\u00e5 golfbanan (t.ex rikligt med regn eller morgonfrost). Golfbilarna \u00e4r f\u00f6r max tv\u00e5 personer\/golfbil. \u00c5ldersgr\u00e4nsen att k\u00f6ra golfbil \u00e4r 15 \u00e5r och f\u00f6raren m\u00e5ste ha \u00e5tminstone mopokort. <br \/>Det \u00e4r str\u00e4ngt f\u00f6rbjudet att k\u00f6ra golfbil alkoholp\u00e5verkad eller p\u00e5verkad av droger!<\/p>\n<p>L\u00e4s h\u00e4r mera om v\u00e5ra hyres- och s\u00e4kerhetsregler:<\/p>\n<p><strong>Hyresregler f\u00f6r golfbilarna: <\/strong><strong><\/strong><\/p>\n<ul class=\"wp-block-list\">\n<li>\u00c5ldersgr\u00e4nsen att k\u00f6ra golfbil \u00e4r 15 \u00e5r och f\u00f6raren m\u00e5ste \u00e5tminstone \u00e4ga mopokort. Under 15 \u00e5ringar f\u00e5r inte k\u00f6ra golfbil, inte ens med lov av f\u00f6rmyndare.<\/li>\n<li>Det l\u00f6nar sig att boka golfbilen redan i samband med tidsbokningen.<\/li>\n<li>Nyckeln till golfbilen f\u00e5s av caddiemaster, som \u00e4ven ger mera instruktioner ang\u00e5ende anv\u00e4ndning av golfbil. Golfbilarna finns p\u00e5 baksidan av klubbhuset.<\/li>\n<li>Det \u00e4r endast till\u00e5tet att k\u00f6ra golfbil p\u00e5 v\u00e4garna, fairways och kortklippta raffen.<\/li>\n<li>Det \u00e4r f\u00f6rbjudet att k\u00f6ra mellan greenerna och bunkrarna, samt p\u00e5 teeboxarna<\/li>\n<li>K\u00f6r inte f\u00f6r n\u00e4ra bunkerkanterna (eller i bunkrarna) \u2013 finns risk att bunkerkanterna rasar.<\/li>\n<li>Det \u00e4r f\u00f6rbjudet att k\u00f6ra alkoholp\u00e5verkad eller p\u00e5verkad av andra droger!<\/li>\n<li>Du kommer v\u00e4l ih\u00e5g att s\u00e4tta golfbilen tillbaka p\u00e5 laddning d\u00e5 du spelat klart och kom ih\u00e5g att returnera bilnyckeln till caddiemaster.<\/li>\n<li>Returnera golfbilen i fint skick och meddela genast efter rundan om eventuella skador som uppkommit under rundan. Egenrisk f\u00f6r f\u00f6rorsakande av skador \u00e4r 300\u20ac.<\/li>\n<li>Hyrning av golfbil ber\u00e4ttigar till en golfrunda och golfbilen m\u00e5ste returneras senast 4,5 timmar efter starttiden (9 h\u00e5l 2 h 15 min)<\/li>\n<li>Reglerna f\u00f6r anv\u00e4ndning av golfbil f\u00f6r f\u00f6ljas.<\/li>\n<\/ul>\n<p><strong>S\u00e4kerhetsregler f\u00f6r anv\u00e4ndning av golfbilarna:<\/strong><strong><\/strong><\/p>\n<ul class=\"wp-block-list\">\n<li>Bilarna f\u00e5r inte k\u00f6ras av under 15 \u00e5ringar, inte ens med f\u00f6r\u00e4ldrarna med i bilen.<\/li>\n<li>H\u00e4nder och f\u00f6tter b\u00f6r h\u00e5llas p\u00e5 insidan av bilen.<\/li>\n<li>L\u00e5t inte barnen leka med golfbilen. Den \u00e4r ingen leksak.<\/li>\n<li>H\u00f6gst tv\u00e5 personer och golfb\u00e4gar per golfbil<\/li>\n<li>K\u00f6r ansvarsfullt och respektera golfbanan, undvik snabba bromsningar.<\/li>\n<li>Det \u00e4r f\u00f6rbjudet att st\u00e5 p\u00e5 st\u00e4nksk\u00e4rmen och bilens bakre del.<\/li>\n<li>K\u00f6r inte framf\u00f6r spelarna om n\u00e5gon \u00e4nnu ska sl\u00e5 sin boll.<\/li>\n<li>K\u00f6r f\u00f6rsiktigt p\u00e5 parkeringsplatsen, n\u00e4ra servicebyggnaderna, d\u00e5 du k\u00f6r \u00f6ver v\u00e4garna, p\u00e5 rangen och n\u00e4ra klubbhuset.<\/li>\n<li>P\u00e5 alla allm\u00e4nna v\u00e4gar och omr\u00e5den f\u00f6ljs v\u00e4gtrafiklagen.<\/li>\n<li>F\u00f6lj order och best\u00e4mmelser av \u00f6vervakaren.<\/li>\n<li>Den som hyr en golfbil har ansvar \u00f6ver bilen.<\/li>\n<li>F\u00f6rsummande av anvisningarna leder till omedelbar avl\u00e4gsning fr\u00e5n golfbanan.<\/li>\n<\/ul>\n","protected":false},"excerpt":{"rendered":"<p>Vi har 9 golfbilar till uthyrning. Det l\u00f6nar sig alltid att boka golfbilen i samband med tidsbokningen. Bilbokningen avbokas automatiskt ifall det \u00e4r bilf\u00f6rbud p\u00e5 golfbanan (t.ex rikligt med regn eller morgonfrost). Golfbilarna \u00e4r f\u00f6r max tv\u00e5 personer\/golfbil. \u00c5ldersgr\u00e4nsen att k\u00f6ra golfbil \u00e4r 15 \u00e5r och f\u00f6raren m\u00e5ste ha \u00e5tminstone mopokort. Det \u00e4r str\u00e4ngt f\u00f6rbjudet [&hellip;]<\/p>\n","protected":false},"author":6,"featured_media":0,"parent":0,"menu_order":28,"comment_status":"closed","ping_status":"closed","template":"","meta":{"_acf_changed":false,"footnotes":""},"folder":[],"class_list":["post-4435","page","type-page","status-publish","hentry","has-blocks"],"acf":[],"_links":{"self":[{"href":"https:\/\/vanha.hangolf.fi\/sv\/wp-json\/wp\/v2\/pages\/4435","targetHints":{"allow":["GET"]}}],"collection":[{"href":"https:\/\/vanha.hangolf.fi\/sv\/wp-json\/wp\/v2\/pages"}],"about":[{"href":"https:\/\/vanha.hangolf.fi\/sv\/wp-json\/wp\/v2\/types\/page"}],"author":[{"embeddable":true,"href":"https:\/\/vanha.hangolf.fi\/sv\/wp-json\/wp\/v2\/users\/6"}],"replies":[{"embeddable":true,"href":"https:\/\/vanha.hangolf.fi\/sv\/wp-json\/wp\/v2\/comments?post=4435"}],"version-history":[{"count":2,"href":"https:\/\/vanha.hangolf.fi\/sv\/wp-json\/wp\/v2\/pages\/4435\/revisions"}],"predecessor-version":[{"id":4516,"href":"https:\/\/vanha.hangolf.fi\/sv\/wp-json\/wp\/v2\/pages\/4435\/revisions\/4516"}],"wp:attachment":[{"href":"https:\/\/vanha.hangolf.fi\/sv\/wp-json\/wp\/v2\/media?parent=4435"}],"wp:term":[{"taxonomy":"folder","embeddable":true,"href":"https:\/\/vanha.hangolf.fi\/sv\/wp-json\/wp\/v2\/folder?post=4435"}],"curies":[{"name":"wp","href":"https:\/\/api.w.org\/{rel}","templated":true}]}}