{"id":3553,"date":"2021-04-05T08:27:00","date_gmt":"2021-04-05T05:27:00","guid":{"rendered":"https:\/\/hangolf.fi\/?page_id=3553"},"modified":"2025-04-20T11:30:48","modified_gmt":"2025-04-20T08:30:48","slug":"kurser","status":"publish","type":"page","link":"https:\/\/vanha.hangolf.fi\/sv\/kurser\/","title":{"rendered":"Kurser \/ Golf Pro"},"content":{"rendered":"<p><strong>En dags Greencard kurs v\u00e5ren 2025: <\/strong><br \/>L\u00f6rdag 26.4.2025 kl 10-17.<\/p>\n<p><strong>Tv\u00e5 dagars Greencard kurser sommaren 2025: <\/strong><br \/>9-10.5.2025 (fre kl 17-20 och l\u00f6 kl 10-13). <br \/>13-14.6.2025 (fre kl 17-20 och l\u00f6 kl 10-13). <br \/>10-11.7.2025 (to kl 17-20 och fre kl 17-20).<\/p>\n<p><strong>Tv\u00e5 dagars forts\u00e4ttnings-\/repetitions kurs sommaren 2025: <\/strong><br \/>16-17.5.2025 (fre kl 17-20 och l\u00f6 kl 10-13). <\/p>\n<p>5-8 deltagare \/ kurs. <br \/>Pris 50 eur f\u00f6r juniorer (12-18 \u00e5r) och 100 eur f\u00f6r vuxna (\u00f6ver 19 \u00e5r). <br \/>I priset ing\u00e5r (g\u00e4ller ej deltagarna i forts\u00e4ttningskursen) en spelbiljett till Hang\u00f6 golfbana och medlemsavgift f\u00f6r vuxna 40 \u20ac (normalpris 75 \u20ac). Medlemsavgiften \u00e4r i kraft endast i \u00e5r. I n\u00e4sta \u00e5r skickas automatiskt normal medlemsavgft. <br \/>\u00c5ldersgr\u00e4ns 12 \u00e5r. Kursen h\u00e5lls p\u00e5 finska. <\/p>\n<p>Greencard betalning: <br \/>Hangon Golf &#8211; Hang\u00f6 Golf ry:s konto FI25 2012 3800 011385. <br \/>Skriv ditt eget namn i meddelandef\u00e4ltet. <\/p>\n<p>Arrang\u00f6r: JEAH GOLF, Pro Toni Korpihete, <a href=\"mailto:toni.korpihete@gmail.com\">toni.korpihete@gmail.com<\/a>, tel 0405144878. <br \/>Anm\u00e4lan och f\u00f6rfr\u00e5gningar: Lena Haanp\u00e4\u00e4, tel 040 592 7717 eller lena.haanpaa@hangolf.fi<\/p>\n<p><a href=\"https:\/\/www.jeahgolf.com\/tonikorpihete\">https:\/\/www.jeahgolf.com\/tonikorpihete<\/a><\/p>\n<div data-wp-interactive=\"core\/file\" class=\"wp-block-file\"><object data-wp-bind--hidden=\"!state.hasPdfPreview\" hidden class=\"wp-block-file__embed\" data=\"https:\/\/hangolf.fi\/wp-content\/uploads\/2025\/04\/GreenCard-kurssi-26.4.2025-3.pdf\" type=\"application\/pdf\" style=\"width:100%;height:600px\" aria-label=\"Inb\u00e4ddning av GreenCard-kurssi 26.4.2025.\"><\/object><a id=\"wp-block-file--media-3adda906-d6a1-440f-ad13-a6921bda639b\" href=\"https:\/\/hangolf.fi\/wp-content\/uploads\/2025\/04\/GreenCard-kurssi-26.4.2025-3.pdf\">GreenCard-kurssi 26.4.2025<\/a><a href=\"https:\/\/hangolf.fi\/wp-content\/uploads\/2025\/04\/GreenCard-kurssi-26.4.2025-3.pdf\" class=\"wp-block-file__button wp-element-button\" download aria-describedby=\"wp-block-file--media-3adda906-d6a1-440f-ad13-a6921bda639b\">Lataa<\/a><\/div>\n<div data-wp-interactive=\"core\/file\" class=\"wp-block-file\"><object data-wp-bind--hidden=\"!state.hasPdfPreview\" hidden class=\"wp-block-file__embed\" data=\"https:\/\/hangolf.fi\/wp-content\/uploads\/2025\/04\/Green-Card-kurssit-2025-3.pdf\" type=\"application\/pdf\" style=\"width:100%;height:600px\" aria-label=\"Inb\u00e4ddning av Green Card kurssit 2025.\"><\/object><a id=\"wp-block-file--media-066ebd42-1aff-402c-b086-93dac40efcae\" href=\"https:\/\/hangolf.fi\/wp-content\/uploads\/2025\/04\/Green-Card-kurssit-2025-3.pdf\">Green Card kurssit 2025<\/a><a href=\"https:\/\/hangolf.fi\/wp-content\/uploads\/2025\/04\/Green-Card-kurssit-2025-3.pdf\" class=\"wp-block-file__button wp-element-button\" download aria-describedby=\"wp-block-file--media-066ebd42-1aff-402c-b086-93dac40efcae\">Lataa<\/a><\/div>\n","protected":false},"excerpt":{"rendered":"<p>En dags Greencard kurs v\u00e5ren 2025: L\u00f6rdag 26.4.2025 kl 10-17. Tv\u00e5 dagars Greencard kurser sommaren 2025: 9-10.5.2025 (fre kl 17-20 och l\u00f6 kl 10-13). 13-14.6.2025 (fre kl 17-20 och l\u00f6 kl 10-13). 10-11.7.2025 (to kl 17-20 och fre kl 17-20). Tv\u00e5 dagars forts\u00e4ttnings-\/repetitions kurs sommaren 2025: 16-17.5.2025 (fre kl 17-20 och l\u00f6 kl 10-13). 5-8 [&hellip;]<\/p>\n","protected":false},"author":6,"featured_media":0,"parent":0,"menu_order":35,"comment_status":"closed","ping_status":"closed","template":"","meta":{"_acf_changed":false,"footnotes":""},"folder":[],"class_list":["post-3553","page","type-page","status-publish","hentry","has-blocks"],"acf":[],"_links":{"self":[{"href":"https:\/\/vanha.hangolf.fi\/sv\/wp-json\/wp\/v2\/pages\/3553","targetHints":{"allow":["GET"]}}],"collection":[{"href":"https:\/\/vanha.hangolf.fi\/sv\/wp-json\/wp\/v2\/pages"}],"about":[{"href":"https:\/\/vanha.hangolf.fi\/sv\/wp-json\/wp\/v2\/types\/page"}],"author":[{"embeddable":true,"href":"https:\/\/vanha.hangolf.fi\/sv\/wp-json\/wp\/v2\/users\/6"}],"replies":[{"embeddable":true,"href":"https:\/\/vanha.hangolf.fi\/sv\/wp-json\/wp\/v2\/comments?post=3553"}],"version-history":[{"count":8,"href":"https:\/\/vanha.hangolf.fi\/sv\/wp-json\/wp\/v2\/pages\/3553\/revisions"}],"predecessor-version":[{"id":10266,"href":"https:\/\/vanha.hangolf.fi\/sv\/wp-json\/wp\/v2\/pages\/3553\/revisions\/10266"}],"wp:attachment":[{"href":"https:\/\/vanha.hangolf.fi\/sv\/wp-json\/wp\/v2\/media?parent=3553"}],"wp:term":[{"taxonomy":"folder","embeddable":true,"href":"https:\/\/vanha.hangolf.fi\/sv\/wp-json\/wp\/v2\/folder?post=3553"}],"curies":[{"name":"wp","href":"https:\/\/api.w.org\/{rel}","templated":true}]}}