{"id":1895,"date":"2020-03-22T17:43:11","date_gmt":"2020-03-22T15:43:11","guid":{"rendered":"https:\/\/hangolf.fi\/?page_id=1895"},"modified":"2024-03-16T18:57:37","modified_gmt":"2024-03-16T16:57:37","slug":"hango-golf-rfs-tavlingsstadgar","status":"publish","type":"page","link":"https:\/\/vanha.hangolf.fi\/sv\/hango-golf-rfs-tavlingsstadgar\/","title":{"rendered":"T\u00e4vlingsstadgar"},"content":{"rendered":"<p>HangGolf kilpailum\u00e4\u00e4r\u00e4ykset 1.1. 2020 alkaen<\/p>\n<p><strong>Kilpailunjohtaja ja startteri<\/strong><br \/>Kilpailulle nimet\u00e4\u00e4n johtaja. Kilpailulle voidaan erikseen nimet\u00e4 tuomari tai tuomareita. Kilpailunjohtaja vastaa kilpailun kulusta, tuloksista ja palkintojenjaosta. Kilpailunjohtaja saa osallistua itse johtamaansa kilpailuun. Startteri voi osallistua kilpailuun, jossa toimii l\u00e4hett\u00e4j\u00e4n\u00e4, kuitenkin siten ett\u00e4 h\u00e4n itse pelaa viimeisess\u00e4 l\u00e4ht\u00f6ryhm\u00e4ss\u00e4.<\/p>\n<p><strong>Ilmoittautuminen<\/strong><br \/>Ilmoittautuminen kilpailuun tapahtuu Nexgolfin kautta tai caddiemasterille s\u00e4hk\u00f6postitse, henkil\u00f6kohtaisesti tai puhelimitse. L\u00e4ht\u00f6aikatoivomuksista huomioidaan aikaista tai my\u00f6h\u00e4ist\u00e4 ajankohtaa koskevat toivomukset, kun l\u00e4ht\u00f6j\u00e4rjestys arvotaan. Muita toivomuksia emme voi toteuttaa. Ilmoittautumisaika p\u00e4\u00e4ttyy kolme p\u00e4iv\u00e4\u00e4 ennen kilpailua, klo 14.00, jollei toisin ole kilpailuesitteess\u00e4 mainittu. T\u00e4m\u00e4n j\u00e4lkeen j\u00e4lki-ilmoittautuneet laitetaan varalistalle caddiemasterin toimesta. J\u00e4lki-ilmoittautuneiden valintaperuste on ensisijaisesti ilmoittautumisj\u00e4rjestys. J\u00e4lki-ilmoittautuneet voidaan ottaa kilpailuun mukaan, jos arvonnan j\u00e4lkeen tulee peruutuksia tai joukkuekilpailussa on muodostunut vajaita ryhmi\u00e4. Ilmoittautuminen on sitova. Kilpailumaksun laiminly\u00f6nti aiheuttaa pelikiellon, kunnes ko. maksu on maksettu. Ilmoittautumisj\u00e4rjestys ratkaisee osallistumisoikeuden, poikkeuksena kilpailut, joissa on tasoitusvaatimus. Kilpailua ei j\u00e4rjestet\u00e4, jos kilpailuun osallistujia on alle 12 ja sarjaa ei j\u00e4rjestet\u00e4, jos sarjassa on pelaajia v\u00e4hemm\u00e4n kuin viisi. Kilpailutoimikunnalla on oikeus yhdist\u00e4\u00e4 sarjoja. Pelaaja voi osallistua ainoastaan yhteen sarjaan.<\/p>\n<p><strong>Peruutukset<\/strong><br \/>Peruutukset tulee tehd\u00e4 ennen ilmoittautumisajan p\u00e4\u00e4ttymist\u00e4. Arvonnan j\u00e4lkeen tehdyist\u00e4 peruutuksista perit\u00e4\u00e4n kilpailumaksu. Mik\u00e4li pelaaja on estynyt osallistumasta kilpailuun sairauden tai muun hyv\u00e4ksytt\u00e4v\u00e4n syyn vuoksi, h\u00e4nen on viivyttelem\u00e4tt\u00e4 ilmoitettava asiasta kilpailun johtajalle, joka voi my\u00f6nt\u00e4\u00e4 vapautuksen kilpailumaksusta. Ilmoitus on kuitenkin teht\u00e4v\u00e4 viimeist\u00e4\u00e4n 2 tuntia ennen kilpailun alkua kilpailun johtajalle. No Show tai perusteeton peruutus ilmoittautumisajan p\u00e4\u00e4ttymisen j\u00e4lkeen (esim. huonot keliolosuhteet) johtaa sanktioihin. Ensimm\u00e4inen kerta = varoitus. Toinen kerta = m\u00e4\u00e4r\u00e4aikainen kielto kilpailuihin osallistumiselle. Kilpailutoimikunta p\u00e4\u00e4tt\u00e4\u00e4 sanktioista tapauskohtaisesti.<\/p>\n<p><strong>Kilpailun keskeytt\u00e4minen<\/strong><br \/>Jos pelaaja keskeytt\u00e4\u00e4 kilpailun ilman hyv\u00e4ksytt\u00e4v\u00e4\u00e4 syyt\u00e4, niin kilpailutoimikunta peruuttaa osallistumisoikeuden m\u00e4\u00e4r\u00e4ajaksi.<\/p>\n<p><strong>Arvonta<\/strong><br \/>L\u00e4ht\u00f6ajat l\u00f6ytyv\u00e4t heti arvonnan j\u00e4lkeen seuran virallisilta internetsivuilta.<\/p>\n<p><strong>Tuloskortit ja tasatulostilanne<\/strong><br \/>Tuloskortit palautetaan caddiemasterille tietojen tarkastuksen j\u00e4lkeen allekirjoitettuna. Kilpailija vastaa tasoituksensa oikeellisuudesta. Mik\u00e4li pelaajan todetaan pelanneen v\u00e4\u00e4r\u00e4ll\u00e4 tasoituksella, h\u00e4net suljetaan kilpailusta kilpailun p\u00e4\u00e4ttymisen j\u00e4lkeenkin.<br \/>Tasoituksettomissa kilpailuissa tasatuloksen sattuessa sijoitus ratkaistaan matemaattisen menetelm\u00e4n perusteella: viimeiset 9 reik\u00e4\u00e4, 6 reik\u00e4\u00e4, 3 reik\u00e4\u00e4, viimeinen reik\u00e4. Mik\u00e4li matemaattinen menetelm\u00e4 ei saa ratkaisua aikaan, ratkaistaan tasatilanne arvalla. 36 rei\u00e4n kilpailussa huomioidaan tasatilanteessa viimeisten 18 rei\u00e4n tulos.<br \/>Tasoituksellisissa sarjoissa tasatulos ratkaistaan pienemm\u00e4ll\u00e4 tasoituksella pelaavan eduksi. Mik\u00e4li tasoitukset ovat samat, noudatetaan tasoituksettoman kilpailun ratkaisutapaa. Ly\u00f6ntipelimestaruuskilpailuissa voittajat ratkaistaan sudden death -menetelm\u00e4ll\u00e4. Uusintarei\u00e4t ovat 1,2,3 \u2026, muut sijat ratkaistaan matemaattisen menetelm\u00e4n mukaan.<\/p>\n<p><strong>Palkinnot<\/strong><br \/>Palkinnot jaetaan p\u00e4\u00e4s\u00e4\u00e4nt\u00f6isesti heti tulosten varmistuttua. Mik\u00e4li palkintojen saajat eiv\u00e4t ole paikalla, ovat tavarapalkinnot tai pokaalit noudettavissa caddiemasterilta my\u00f6s palkintojen jakotilaisuuden j\u00e4lkeen. Palkintoja ei l\u00e4hetet\u00e4 postitse.<\/p>\n<p><strong>Kilpailumaksut<\/strong><br \/>Kilpailun maksu m\u00e4\u00e4ritell\u00e4\u00e4n kilpailun tiedoissa, joko kilpailukutsussa tai NexGolfin kilpailukalenterissa kilpailun lis\u00e4tiedoissa. Hangon golf ry:n j\u00e4senet, jotka eiv\u00e4t viel\u00e4 ole t\u00e4ytt\u00e4neet 18-vuotta saavat kilpailumaksusta vapautuksen.<\/p>\n<p><strong>Juniorikilpailut<\/strong><br \/>Juniorikilpailuissa caddien k\u00e4ytt\u00f6 sek\u00e4 tupakointi ja nuuskan k\u00e4ytt\u00f6 on kielletty\u00e4 kilpailutapahtuman aikana. Kilpailutapahtumaan kuuluu ilmoittautumisen ja palkintojenjaon v\u00e4linen aika koko kent\u00e4n alueella.<\/p>\n<p><strong>Golfautot ja moottoroidut k\u00e4rryt&nbsp;<\/strong>Golfauton k\u00e4ytt\u00f6 on p\u00e4\u00e4s\u00e4\u00e4nt\u00f6isesti kielletty. Moottoroidun golfk\u00e4rryn k\u00e4ytt\u00e4minen yksinomaan mailojen sek\u00e4 golfb\u00e4gin kuljettamiseen on sallittu. Kilpailun johtaja voi my\u00f6nt\u00e4\u00e4 poikkeusluvan golfauton k\u00e4ytt\u00f6\u00f6n. Auton k\u00e4ytt\u00f6oikeus on ainoastaan luvan saaneella.<\/p>\n<p><strong>Teepaikat<\/strong><br \/>Katso kilpailun tiedoista.<\/p>\n<p><strong>Tasoitus<\/strong><br \/>Korkein kilpailussa k\u00e4ytett\u00e4v\u00e4 tarkka tasoitus on 36. N\u00e4ist\u00e4 m\u00e4\u00e4r\u00e4ytyv\u00e4 pelitasoitus m\u00e4\u00e4r\u00e4ytyy kent\u00e4n slopen mukaan. Kilpailuesitteess\u00e4 voidaan kuitenkin m\u00e4\u00e4ritell\u00e4 my\u00f6s korkeampi kilpailutasoitus.<\/p>\n<p><strong>My\u00f6h\u00e4styminen<\/strong><br \/>Rangaistus alle 5 minuutin my\u00f6h\u00e4stymisest\u00e4 todellisesta l\u00e4ht\u00f6ajasta on 2 ly\u00f6nti\u00e4 ensimm\u00e4isell\u00e4 rei\u00e4ll\u00e4. Yli 5 minuutin my\u00f6h\u00e4styminen johtaa kilpailusta sulkemiseen.<\/p>\n<p><strong>Hidas peli<\/strong><br \/>Jos ryhm\u00e4 j\u00e4\u00e4 laaditusta aikataulusta ja hidastelu ei johdu ohituksesta, pelaajille ilmoitetaan, ett\u00e4 he joutuvat aikatarkkailuun. Mik\u00e4li pelaaja k\u00e4ytt\u00e4\u00e4 ly\u00f6ntiins\u00e4 t\u00e4m\u00e4n j\u00e4lkeen aikaa enemm\u00e4n kuin 40 sekuntia siit\u00e4, kun h\u00e4nen vuoronsa oli pelata palloa, saa pelaaja rangaistuksen s\u00e4\u00e4nn\u00f6n 5.6 (tarpeeton viivyttely) mukaisesti.<br \/>Ensimm\u00e4inen rikkomus: Yksi ly\u00f6nti. Toinen rikkomus: Kaksi ly\u00f6nti\u00e4. Useampi rikkomus: Pelist\u00e4 sulkeminen.<\/p>\n<p><strong>Harjoittelu<\/strong><br \/>Ly\u00f6ntipelikilpailuissa pelaaja ei saa harjoitella kilpailukent\u00e4ll\u00e4 tai kokeilla kent\u00e4n mink\u00e4\u00e4n viheri\u00f6n pintaa ennen kierrosta kilpailup\u00e4iv\u00e4n\u00e4.<\/p>\n<p><strong>Et\u00e4isyysmittarit<\/strong><br \/>Pelk\u00e4st\u00e4\u00e4n et\u00e4isyytt\u00e4 mittaavat laitteet ovat sallittuja.<\/p>\n<p><strong>Avoimet kilpailut<\/strong><br \/>Osallistumisoikeus on kaikilla kansallisten golfliittojen j\u00e4senill\u00e4, jotka t\u00e4ytt\u00e4v\u00e4t ko. kilpailun osallistumisehdot. Sarjat ja pelimuodot selvi\u00e4v\u00e4t kilpailukalenterista ja kilpailukutsuista.<br \/>Kilpailumaksut: katso kilpailun tiedoista.<\/p>\n<p><strong>Seniorien viikkokilpailut<\/strong><br \/>Toimikunta informoi<\/p>\n<p><strong>Ly\u00f6ntipelimestaruuskilpailut<\/strong><br \/>Tasoitus ratkaisee osallistumisoikeuden ilmoittautuneiden m\u00e4\u00e4r\u00e4n ylitt\u00e4ess\u00e4 maksimiosallistujam\u00e4\u00e4r\u00e4n. Osallistumisoikeus on Hangon golf ry:n j\u00e4senill\u00e4. Sarja on avoin kaikille seuran j\u00e4senille (my\u00f6s muuta seuraa kotiseuranaan pit\u00e4ville ja ammattilaisstatuksen omaaville (PROt)).<\/p>\n<p>Kilpailumaksu: ei maksua. Ensimm\u00e4isen\u00e4 kilpailup\u00e4iv\u00e4n\u00e4 on arvottu l\u00e4ht\u00f6j\u00e4rjestys sarjoittain ja toisena kilpailup\u00e4iv\u00e4n\u00e4 k\u00e4\u00e4nteinen l\u00e4ht\u00f6j\u00e4rjestys sarjoittain.<br \/>Sarjat ovat seuraavat:<br \/>Miehet, miehet 50, miehet 60, miehet 70<br \/>Naiset, naiset 50, naiset 60, naiset 70<br \/>Juniori pojat ja juniori tyt\u00f6t.<br \/>Toimikunnalla on oikeus yhdistell\u00e4 sarjoja.<br \/>Pelimuoto: 18+18 reik\u00e4\u00e4, lp, scr. Pelaajam\u00e4\u00e4r\u00e4 ilmoitetaan kilpailukutsussa.<\/p>\n<p><strong>Reik\u00e4pelimestaruuskilpailut<\/strong><br \/>Katso kilpailun tiedot.<\/p>\n<p><strong>Kilpailun p\u00e4\u00e4ttyminen<\/strong><br \/>Kilpailu katsotaan p\u00e4\u00e4ttyneeksi, kun palkintojenjako on p\u00e4\u00e4ttynyt tai kilpailun tulokset on julkaistu.<\/p>\n<p><strong>Palkinnot<\/strong><br \/>Verottajan antamaan ohjeistukseen perustuen ja Suomen Golfliitolta saadun ohjeen mukaisesti, Hangon golf ry ilmoittaa palkintoja vastaanottaneet henkil\u00f6t ja heid\u00e4n vastaanottamien palkintojen arvon verottajalle. Osallistumalla kilpailuun ja vastaanottamalla voitetun palkinnon, pelaaja sitoutuu ilmoittamaan seuralle henkil\u00f6tunnuksensa.<\/p>\n<p><strong>Osallistumalla Hangon Golfissa j\u00e4rjestett\u00e4viin kilpailuihin ja tapahtumiin, pelaaja hyv\u00e4ksyy sen, ett\u00e4 h\u00e4nen nimens\u00e4 n\u00e4kyy kilpailun\/tapahtuman osallistujalistalla, l\u00e4ht\u00f6listalla, tulosluettelossa. Samalla pelaaja hyv\u00e4ksyy sen, ett\u00e4 h\u00e4nen nimens\u00e4 ja mahdollisesti my\u00f6s kuvansa n\u00e4kyy seuran kotisivuilla ja sosiaalisessa mediassa.<\/strong><\/p>\n<p>Kilpailutoimikunta<\/p>\n","protected":false},"excerpt":{"rendered":"<p>HangGolf kilpailum\u00e4\u00e4r\u00e4ykset 1.1. 2020 alkaen Kilpailunjohtaja ja startteriKilpailulle nimet\u00e4\u00e4n johtaja. Kilpailulle voidaan erikseen nimet\u00e4 tuomari tai tuomareita. Kilpailunjohtaja vastaa kilpailun kulusta, tuloksista ja palkintojenjaosta. Kilpailunjohtaja saa osallistua itse johtamaansa kilpailuun. Startteri voi osallistua kilpailuun, jossa toimii l\u00e4hett\u00e4j\u00e4n\u00e4, kuitenkin siten ett\u00e4 h\u00e4n itse pelaa viimeisess\u00e4 l\u00e4ht\u00f6ryhm\u00e4ss\u00e4. IlmoittautuminenIlmoittautuminen kilpailuun tapahtuu Nexgolfin kautta tai caddiemasterille s\u00e4hk\u00f6postitse, henkil\u00f6kohtaisesti tai [&hellip;]<\/p>\n","protected":false},"author":6,"featured_media":0,"parent":0,"menu_order":7,"comment_status":"closed","ping_status":"closed","template":"","meta":{"_acf_changed":false,"footnotes":""},"folder":[],"class_list":["post-1895","page","type-page","status-publish","hentry","has-blocks"],"acf":[],"_links":{"self":[{"href":"https:\/\/vanha.hangolf.fi\/sv\/wp-json\/wp\/v2\/pages\/1895","targetHints":{"allow":["GET"]}}],"collection":[{"href":"https:\/\/vanha.hangolf.fi\/sv\/wp-json\/wp\/v2\/pages"}],"about":[{"href":"https:\/\/vanha.hangolf.fi\/sv\/wp-json\/wp\/v2\/types\/page"}],"author":[{"embeddable":true,"href":"https:\/\/vanha.hangolf.fi\/sv\/wp-json\/wp\/v2\/users\/6"}],"replies":[{"embeddable":true,"href":"https:\/\/vanha.hangolf.fi\/sv\/wp-json\/wp\/v2\/comments?post=1895"}],"version-history":[{"count":3,"href":"https:\/\/vanha.hangolf.fi\/sv\/wp-json\/wp\/v2\/pages\/1895\/revisions"}],"predecessor-version":[{"id":8276,"href":"https:\/\/vanha.hangolf.fi\/sv\/wp-json\/wp\/v2\/pages\/1895\/revisions\/8276"}],"wp:attachment":[{"href":"https:\/\/vanha.hangolf.fi\/sv\/wp-json\/wp\/v2\/media?parent=1895"}],"wp:term":[{"taxonomy":"folder","embeddable":true,"href":"https:\/\/vanha.hangolf.fi\/sv\/wp-json\/wp\/v2\/folder?post=1895"}],"curies":[{"name":"wp","href":"https:\/\/api.w.org\/{rel}","templated":true}]}}